{"id":3684,"date":"2024-11-21T10:43:20","date_gmt":"2024-11-21T10:43:20","guid":{"rendered":"https:\/\/zarea.ro\/en\/?page_id=3684"},"modified":"2024-11-28T08:43:32","modified_gmt":"2024-11-28T08:43:32","slug":"venezio","status":"publish","type":"page","link":"https:\/\/zarea.ro\/en\/brand-explorer\/zarea-sparkling-wine\/venezio\/","title":{"rendered":"ZAREA Venezio"},"content":{"rendered":"\t\t<div data-elementor-type=\"wp-page\" data-elementor-id=\"3684\" class=\"elementor elementor-3684\">\n\t\t\t\t\t\t\t\t\t<section class=\"elementor-section elementor-top-section elementor-element elementor-element-0dd2ace elementor-section-boxed elementor-section-height-default elementor-section-height-default\" data-id=\"0dd2ace\" data-element_type=\"section\" data-settings=\"{&quot;background_background&quot;:&quot;classic&quot;}\">\n\t\t\t\t\t\t<div class=\"elementor-container elementor-column-gap-default\">\n\t\t\t\t\t<div class=\"elementor-column elementor-col-100 elementor-top-column elementor-element elementor-element-c4b461e\" data-id=\"c4b461e\" data-element_type=\"column\">\n\t\t\t<div class=\"elementor-widget-wrap elementor-element-populated\">\n\t\t\t\t\t\t\t\t<div class=\"elementor-element elementor-element-50916ac elementor-widget elementor-widget-spacer\" data-id=\"50916ac\" data-element_type=\"widget\" data-widget_type=\"spacer.default\">\n\t\t\t\t<div class=\"elementor-widget-container\">\n\t\t\t\t\t<div class=\"elementor-spacer\">\n\t\t\t<div class=\"elementor-spacer-inner\"><\/div>\n\t\t<\/div>\n\t\t\t\t<\/div>\n\t\t\t\t<\/div>\n\t\t\t\t<div class=\"elementor-element elementor-element-c0b16a5 elementor-align-right elementor-widget elementor-widget-button\" data-id=\"c0b16a5\" data-element_type=\"widget\" data-widget_type=\"button.default\">\n\t\t\t\t<div class=\"elementor-widget-container\">\n\t\t\t\t\t<div class=\"elementor-button-wrapper\">\n\t\t\t<a class=\"elementor-button elementor-button-link elementor-size-sm\" href=\"\/en\/brand-explorer\/zarea-sparkling-wine\/\">\n\t\t\t\t\t\t<span class=\"elementor-button-content-wrapper\">\n\t\t\t\t\t\t<span class=\"elementor-button-text\">\u00ab Back<\/span>\n\t\t<\/span>\n\t\t\t\t\t<\/a>\n\t\t<\/div>\n\t\t\t\t<\/div>\n\t\t\t\t<\/div>\n\t\t\t\t\t<\/div>\n\t\t<\/div>\n\t\t\t\t\t\t\t<\/div>\n\t\t<\/section>\n\t\t\t\t<section class=\"elementor-section elementor-top-section elementor-element elementor-element-4da45518 elementor-section-boxed elementor-section-height-default elementor-section-height-default\" data-id=\"4da45518\" data-element_type=\"section\" data-settings=\"{&quot;background_background&quot;:&quot;classic&quot;}\">\n\t\t\t\t\t\t<div class=\"elementor-container elementor-column-gap-default\">\n\t\t\t\t\t<div class=\"elementor-column elementor-col-33 elementor-top-column elementor-element elementor-element-2a60bb40\" data-id=\"2a60bb40\" data-element_type=\"column\">\n\t\t\t<div class=\"elementor-widget-wrap elementor-element-populated\">\n\t\t\t\t\t\t\t\t<div class=\"elementor-element elementor-element-a44f7d6 elementor-arrows-position-inside elementor-pagination-position-outside elementor-widget elementor-widget-image-carousel\" data-id=\"a44f7d6\" data-element_type=\"widget\" data-settings=\"{&quot;slides_to_show&quot;:&quot;1&quot;,&quot;autoplay_speed&quot;:3000,&quot;speed&quot;:900,&quot;navigation&quot;:&quot;both&quot;,&quot;autoplay&quot;:&quot;yes&quot;,&quot;pause_on_hover&quot;:&quot;yes&quot;,&quot;pause_on_interaction&quot;:&quot;yes&quot;,&quot;infinite&quot;:&quot;yes&quot;,&quot;effect&quot;:&quot;slide&quot;}\" data-widget_type=\"image-carousel.default\">\n\t\t\t\t<div class=\"elementor-widget-container\">\n\t\t\t\t\t<div class=\"elementor-image-carousel-wrapper swiper-container\" dir=\"ltr\">\n\t\t\t<div class=\"elementor-image-carousel swiper-wrapper\" aria-live=\"off\">\n\t\t\t\t\t\t\t\t<div class=\"swiper-slide\" role=\"group\" aria-roledescription=\"slide\" aria-label=\"1 of 1\"><figure class=\"swiper-slide-inner\"><img decoding=\"async\" class=\"swiper-slide-image\" src=\"https:\/\/zarea.ro\/en\/wp-content\/uploads\/2024\/11\/venezio-glera.jpg\" alt=\"ZAREA Venezio Glera\" \/><\/figure><\/div>\t\t\t<\/div>\n\t\t\t\t\t<\/div>\n\t\t\t\t<\/div>\n\t\t\t\t<\/div>\n\t\t\t\t\t<\/div>\n\t\t<\/div>\n\t\t\t\t<div class=\"elementor-column elementor-col-66 elementor-top-column elementor-element elementor-element-5ac96739\" data-id=\"5ac96739\" data-element_type=\"column\">\n\t\t\t<div class=\"elementor-widget-wrap elementor-element-populated\">\n\t\t\t\t\t\t\t\t<div class=\"elementor-element elementor-element-372e48a3 elementor-widget elementor-widget-heading\" data-id=\"372e48a3\" data-element_type=\"widget\" data-widget_type=\"heading.default\">\n\t\t\t\t<div class=\"elementor-widget-container\">\n\t\t\t<h2 class=\"elementor-heading-title elementor-size-default\">ZAREA Venezio<\/h2>\t\t<\/div>\n\t\t\t\t<\/div>\n\t\t\t\t<div class=\"elementor-element elementor-element-156a6ebc elementor-widget elementor-widget-text-editor\" data-id=\"156a6ebc\" data-element_type=\"widget\" data-widget_type=\"text-editor.default\">\n\t\t\t\t<div class=\"elementor-widget-container\">\n\t\t\t\t\t\t\t<p><strong>ZAREA Venezio hides in each bottle an exciting story and a promise of perfect refinement. Inspired by the most inviting landscapes of Italy and created from the noble Glera grape variety, from which Prosecco is also made, this sparkling wine opens the door to a sensational experience, full of freshness and elegance.<\/strong><\/p><p>Its golden-yellow color shines like an Italian sunrise, urging you to live every moment in unmistakable &#8216;La dolce vita&#8217; style. Its glamorous label, adorned with sparkling glitter particles, invites you to indulge in style and reward yourself for every achievement, big or small.<\/p>\t\t\t\t\t\t<\/div>\n\t\t\t\t<\/div>\n\t\t\t\t\t<\/div>\n\t\t<\/div>\n\t\t\t\t\t\t\t<\/div>\n\t\t<\/section>\n\t\t\t\t<section class=\"elementor-section elementor-top-section elementor-element elementor-element-67a681e elementor-section-boxed elementor-section-height-default elementor-section-height-default\" data-id=\"67a681e\" data-element_type=\"section\" data-settings=\"{&quot;background_background&quot;:&quot;classic&quot;}\">\n\t\t\t\t\t\t<div class=\"elementor-container elementor-column-gap-default\">\n\t\t\t\t\t<div class=\"elementor-column elementor-col-100 elementor-top-column elementor-element elementor-element-9bf66c4\" data-id=\"9bf66c4\" data-element_type=\"column\">\n\t\t\t<div class=\"elementor-widget-wrap elementor-element-populated\">\n\t\t\t\t\t\t\t\t<div class=\"elementor-element elementor-element-3ca7f53 elementor-widget-divider--view-line elementor-widget elementor-widget-divider\" data-id=\"3ca7f53\" data-element_type=\"widget\" data-widget_type=\"divider.default\">\n\t\t\t\t<div class=\"elementor-widget-container\">\n\t\t\t\t\t<div class=\"elementor-divider\">\n\t\t\t<span class=\"elementor-divider-separator\">\n\t\t\t\t\t\t<\/span>\n\t\t<\/div>\n\t\t\t\t<\/div>\n\t\t\t\t<\/div>\n\t\t\t\t\t<\/div>\n\t\t<\/div>\n\t\t\t\t\t\t\t<\/div>\n\t\t<\/section>\n\t\t\t\t<section class=\"elementor-section elementor-top-section elementor-element elementor-element-25a32ad elementor-section-boxed elementor-section-height-default elementor-section-height-default\" data-id=\"25a32ad\" data-element_type=\"section\" data-settings=\"{&quot;background_background&quot;:&quot;classic&quot;}\">\n\t\t\t\t\t\t<div class=\"elementor-container elementor-column-gap-default\">\n\t\t\t\t\t<div class=\"elementor-column elementor-col-33 elementor-top-column elementor-element elementor-element-1ff537d\" data-id=\"1ff537d\" data-element_type=\"column\">\n\t\t\t<div class=\"elementor-widget-wrap elementor-element-populated\">\n\t\t\t\t\t\t\t\t<div class=\"elementor-element elementor-element-afcdaf6 gallery-spacing-custom elementor-widget elementor-widget-image-gallery\" data-id=\"afcdaf6\" data-element_type=\"widget\" data-widget_type=\"image-gallery.default\">\n\t\t\t\t<div class=\"elementor-widget-container\">\n\t\t\t\t\t<div class=\"elementor-image-gallery\">\n\t\t\t<div id='gallery-1' class='gallery galleryid-3684 gallery-columns-2 gallery-size-thumbnail'><figure class='gallery-item'>\n\t\t\t<div class='gallery-icon landscape'>\n\t\t\t\t<a data-elementor-open-lightbox=\"yes\" data-elementor-lightbox-slideshow=\"afcdaf6\" data-elementor-lightbox-title=\"venezio-glera\" data-e-action-hash=\"#elementor-action%3Aaction%3Dlightbox%26settings%3DeyJpZCI6MzY4OSwidXJsIjoiaHR0cHM6XC9cL3phcmVhLnJvXC9lblwvd3AtY29udGVudFwvdXBsb2Fkc1wvMjAyNFwvMTFcL3ZlbmV6aW8tZ2xlcmEuanBnIiwic2xpZGVzaG93IjoiYWZjZGFmNiJ9\" href='https:\/\/zarea.ro\/en\/wp-content\/uploads\/2024\/11\/venezio-glera.jpg'><img width=\"150\" height=\"150\" src=\"https:\/\/zarea.ro\/en\/wp-content\/uploads\/2024\/11\/venezio-glera-150x150.jpg\" class=\"attachment-thumbnail size-thumbnail\" alt=\"\" decoding=\"async\" aria-describedby=\"gallery-1-3689\" loading=\"lazy\" srcset=\"https:\/\/zarea.ro\/en\/wp-content\/uploads\/2024\/11\/venezio-glera-150x150.jpg 150w, https:\/\/zarea.ro\/en\/wp-content\/uploads\/2024\/11\/venezio-glera-300x300.jpg 300w, https:\/\/zarea.ro\/en\/wp-content\/uploads\/2024\/11\/venezio-glera.jpg 500w\" sizes=\"(max-width: 150px) 100vw, 150px\" \/><\/a>\n\t\t\t<\/div>\n\t\t\t\t<figcaption class='wp-caption-text gallery-caption' id='gallery-1-3689'>\n\t\t\t\tZAREA Venezio Glera \n\t\t\t\t<\/figcaption><\/figure>\n\t\t<\/div>\n\t\t<\/div>\n\t\t\t\t<\/div>\n\t\t\t\t<\/div>\n\t\t\t\t\t<\/div>\n\t\t<\/div>\n\t\t\t\t<div class=\"elementor-column elementor-col-66 elementor-top-column elementor-element elementor-element-5e63273\" data-id=\"5e63273\" data-element_type=\"column\">\n\t\t\t<div class=\"elementor-widget-wrap elementor-element-populated\">\n\t\t\t\t\t\t\t\t<div class=\"elementor-element elementor-element-034035b elementor-widget elementor-widget-heading\" data-id=\"034035b\" data-element_type=\"widget\" data-widget_type=\"heading.default\">\n\t\t\t\t<div class=\"elementor-widget-container\">\n\t\t\t<h4 class=\"elementor-heading-title elementor-size-default\">Assortment<\/h4>\t\t<\/div>\n\t\t\t\t<\/div>\n\t\t\t\t<div class=\"elementor-element elementor-element-5b41817f elementor-widget elementor-widget-text-editor\" data-id=\"5b41817f\" data-element_type=\"widget\" data-widget_type=\"text-editor.default\">\n\t\t\t\t<div class=\"elementor-widget-container\">\n\t\t\t\t\t\t\t<p><strong>Z<\/strong><b>AREA Venezio Glera,<\/b> vol. 11 % alc. \u2013 0,75L<\/p>\t\t\t\t\t\t<\/div>\n\t\t\t\t<\/div>\n\t\t\t\t\t<\/div>\n\t\t<\/div>\n\t\t\t\t\t\t\t<\/div>\n\t\t<\/section>\n\t\t\t\t<section class=\"elementor-section elementor-top-section elementor-element elementor-element-cf1fbed elementor-section-boxed elementor-section-height-default elementor-section-height-default\" data-id=\"cf1fbed\" data-element_type=\"section\" data-settings=\"{&quot;background_background&quot;:&quot;classic&quot;}\">\n\t\t\t\t\t\t<div class=\"elementor-container elementor-column-gap-default\">\n\t\t\t\t\t<div class=\"elementor-column elementor-col-100 elementor-top-column elementor-element elementor-element-55f54b4\" data-id=\"55f54b4\" data-element_type=\"column\">\n\t\t\t<div class=\"elementor-widget-wrap elementor-element-populated\">\n\t\t\t\t\t\t\t\t<div class=\"elementor-element elementor-element-efc322e elementor-widget-divider--view-line elementor-widget elementor-widget-divider\" data-id=\"efc322e\" data-element_type=\"widget\" data-widget_type=\"divider.default\">\n\t\t\t\t<div class=\"elementor-widget-container\">\n\t\t\t\t\t<div class=\"elementor-divider\">\n\t\t\t<span class=\"elementor-divider-separator\">\n\t\t\t\t\t\t<\/span>\n\t\t<\/div>\n\t\t\t\t<\/div>\n\t\t\t\t<\/div>\n\t\t\t\t\t<\/div>\n\t\t<\/div>\n\t\t\t\t\t\t\t<\/div>\n\t\t<\/section>\n\t\t\t\t\t\t\t<\/div>\n\t\t","protected":false},"excerpt":{"rendered":"<p>\u00ab Back ZAREA Venezio ZAREA Venezio hides in each bottle an exciting story and a promise of perfect refinement. Inspired by the most inviting landscapes&hellip;<\/p>\n","protected":false},"author":1,"featured_media":0,"parent":128,"menu_order":0,"comment_status":"closed","ping_status":"closed","template":"","meta":{"footnotes":""},"yoast_head":"<!-- This site is optimized with the Yoast SEO plugin v21.1 - https:\/\/yoast.com\/wordpress\/plugins\/seo\/ -->\n<title>ZAREA Venezio -<\/title>\n<meta name=\"robots\" content=\"index, follow, max-snippet:-1, max-image-preview:large, max-video-preview:-1\" \/>\n<link rel=\"canonical\" href=\"https:\/\/zarea.ro\/en\/brand-explorer\/zarea-sparkling-wine\/venezio\/\" \/>\n<meta property=\"og:locale\" content=\"ro_RO\" \/>\n<meta property=\"og:type\" content=\"article\" \/>\n<meta property=\"og:title\" content=\"ZAREA Venezio -\" \/>\n<meta property=\"og:description\" content=\"\u00ab Back ZAREA Venezio ZAREA Venezio hides in each bottle an exciting story and a promise of perfect refinement. Inspired by the most inviting landscapes&hellip;\" \/>\n<meta property=\"og:url\" content=\"https:\/\/zarea.ro\/en\/brand-explorer\/zarea-sparkling-wine\/venezio\/\" \/>\n<meta property=\"article:publisher\" content=\"https:\/\/www.facebook.com\/zarearomania\/\" \/>\n<meta property=\"article:modified_time\" content=\"2024-11-28T08:43:32+00:00\" \/>\n<meta property=\"og:image\" content=\"https:\/\/zarea.ro\/en\/wp-content\/uploads\/2024\/11\/venezio-glera.jpg\" \/>\n<meta name=\"twitter:card\" content=\"summary_large_image\" \/>\n<meta name=\"twitter:label1\" content=\"Timp estimat pentru citire\" \/>\n\t<meta name=\"twitter:data1\" content=\"2 minute\" \/>\n<script type=\"application\/ld+json\" class=\"yoast-schema-graph\">{\"@context\":\"https:\/\/schema.org\",\"@graph\":[{\"@type\":\"WebPage\",\"@id\":\"https:\/\/zarea.ro\/en\/brand-explorer\/zarea-sparkling-wine\/venezio\/\",\"url\":\"https:\/\/zarea.ro\/en\/brand-explorer\/zarea-sparkling-wine\/venezio\/\",\"name\":\"ZAREA Venezio -\",\"isPartOf\":{\"@id\":\"https:\/\/zarea.ro\/en\/#website\"},\"datePublished\":\"2024-11-21T10:43:20+00:00\",\"dateModified\":\"2024-11-28T08:43:32+00:00\",\"breadcrumb\":{\"@id\":\"https:\/\/zarea.ro\/en\/brand-explorer\/zarea-sparkling-wine\/venezio\/#breadcrumb\"},\"inLanguage\":\"ro-RO\",\"potentialAction\":[{\"@type\":\"ReadAction\",\"target\":[\"https:\/\/zarea.ro\/en\/brand-explorer\/zarea-sparkling-wine\/venezio\/\"]}]},{\"@type\":\"BreadcrumbList\",\"@id\":\"https:\/\/zarea.ro\/en\/brand-explorer\/zarea-sparkling-wine\/venezio\/#breadcrumb\",\"itemListElement\":[{\"@type\":\"ListItem\",\"position\":1,\"name\":\"Prima pagin\u0103\",\"item\":\"https:\/\/zarea.ro\/en\/\"},{\"@type\":\"ListItem\",\"position\":2,\"name\":\"Brand Explorer\",\"item\":\"https:\/\/zarea.ro\/en\/brand-explorer\/\"},{\"@type\":\"ListItem\",\"position\":3,\"name\":\"Sparkling wine\",\"item\":\"https:\/\/zarea.ro\/en\/brand-explorer\/zarea-sparkling-wine\/\"},{\"@type\":\"ListItem\",\"position\":4,\"name\":\"ZAREA Venezio\"}]},{\"@type\":\"WebSite\",\"@id\":\"https:\/\/zarea.ro\/en\/#website\",\"url\":\"https:\/\/zarea.ro\/en\/\",\"name\":\"ZAREA - branduri de excelen\u021b\u0103 \u00een b\u0103uturi alcoolice\",\"description\":\"ZAREA S.A.\",\"publisher\":{\"@id\":\"https:\/\/zarea.ro\/en\/#organization\"},\"potentialAction\":[{\"@type\":\"SearchAction\",\"target\":{\"@type\":\"EntryPoint\",\"urlTemplate\":\"https:\/\/zarea.ro\/en\/?s={search_term_string}\"},\"query-input\":\"required name=search_term_string\"}],\"inLanguage\":\"ro-RO\"},{\"@type\":\"Organization\",\"@id\":\"https:\/\/zarea.ro\/en\/#organization\",\"name\":\"ZAREA S.A.\",\"url\":\"https:\/\/zarea.ro\/en\/\",\"logo\":{\"@type\":\"ImageObject\",\"inLanguage\":\"ro-RO\",\"@id\":\"https:\/\/zarea.ro\/en\/#\/schema\/logo\/image\/\",\"url\":\"https:\/\/zarea.ro\/en\/wp-content\/uploads\/2019\/11\/logo-zarea-negru.png\",\"contentUrl\":\"https:\/\/zarea.ro\/en\/wp-content\/uploads\/2019\/11\/logo-zarea-negru.png\",\"width\":500,\"height\":500,\"caption\":\"ZAREA S.A.\"},\"image\":{\"@id\":\"https:\/\/zarea.ro\/en\/#\/schema\/logo\/image\/\"},\"sameAs\":[\"https:\/\/www.facebook.com\/zarearomania\/\",\"https:\/\/www.instagram.com\/zarearomania\/\",\"https:\/\/www.youtube.com\/channel\/UCwaAQphIJuwiwtUy2asJ68A\/videos\"]}]}<\/script>\n<!-- \/ Yoast SEO plugin. -->","yoast_head_json":{"title":"ZAREA Venezio -","robots":{"index":"index","follow":"follow","max-snippet":"max-snippet:-1","max-image-preview":"max-image-preview:large","max-video-preview":"max-video-preview:-1"},"canonical":"https:\/\/zarea.ro\/en\/brand-explorer\/zarea-sparkling-wine\/venezio\/","og_locale":"ro_RO","og_type":"article","og_title":"ZAREA Venezio -","og_description":"\u00ab Back ZAREA Venezio ZAREA Venezio hides in each bottle an exciting story and a promise of perfect refinement. Inspired by the most inviting landscapes&hellip;","og_url":"https:\/\/zarea.ro\/en\/brand-explorer\/zarea-sparkling-wine\/venezio\/","article_publisher":"https:\/\/www.facebook.com\/zarearomania\/","article_modified_time":"2024-11-28T08:43:32+00:00","og_image":[{"url":"https:\/\/zarea.ro\/en\/wp-content\/uploads\/2024\/11\/venezio-glera.jpg"}],"twitter_card":"summary_large_image","twitter_misc":{"Timp estimat pentru citire":"2 minute"},"schema":{"@context":"https:\/\/schema.org","@graph":[{"@type":"WebPage","@id":"https:\/\/zarea.ro\/en\/brand-explorer\/zarea-sparkling-wine\/venezio\/","url":"https:\/\/zarea.ro\/en\/brand-explorer\/zarea-sparkling-wine\/venezio\/","name":"ZAREA Venezio -","isPartOf":{"@id":"https:\/\/zarea.ro\/en\/#website"},"datePublished":"2024-11-21T10:43:20+00:00","dateModified":"2024-11-28T08:43:32+00:00","breadcrumb":{"@id":"https:\/\/zarea.ro\/en\/brand-explorer\/zarea-sparkling-wine\/venezio\/#breadcrumb"},"inLanguage":"ro-RO","potentialAction":[{"@type":"ReadAction","target":["https:\/\/zarea.ro\/en\/brand-explorer\/zarea-sparkling-wine\/venezio\/"]}]},{"@type":"BreadcrumbList","@id":"https:\/\/zarea.ro\/en\/brand-explorer\/zarea-sparkling-wine\/venezio\/#breadcrumb","itemListElement":[{"@type":"ListItem","position":1,"name":"Prima pagin\u0103","item":"https:\/\/zarea.ro\/en\/"},{"@type":"ListItem","position":2,"name":"Brand Explorer","item":"https:\/\/zarea.ro\/en\/brand-explorer\/"},{"@type":"ListItem","position":3,"name":"Sparkling wine","item":"https:\/\/zarea.ro\/en\/brand-explorer\/zarea-sparkling-wine\/"},{"@type":"ListItem","position":4,"name":"ZAREA Venezio"}]},{"@type":"WebSite","@id":"https:\/\/zarea.ro\/en\/#website","url":"https:\/\/zarea.ro\/en\/","name":"ZAREA - branduri de excelen\u021b\u0103 \u00een b\u0103uturi alcoolice","description":"ZAREA S.A.","publisher":{"@id":"https:\/\/zarea.ro\/en\/#organization"},"potentialAction":[{"@type":"SearchAction","target":{"@type":"EntryPoint","urlTemplate":"https:\/\/zarea.ro\/en\/?s={search_term_string}"},"query-input":"required name=search_term_string"}],"inLanguage":"ro-RO"},{"@type":"Organization","@id":"https:\/\/zarea.ro\/en\/#organization","name":"ZAREA S.A.","url":"https:\/\/zarea.ro\/en\/","logo":{"@type":"ImageObject","inLanguage":"ro-RO","@id":"https:\/\/zarea.ro\/en\/#\/schema\/logo\/image\/","url":"https:\/\/zarea.ro\/en\/wp-content\/uploads\/2019\/11\/logo-zarea-negru.png","contentUrl":"https:\/\/zarea.ro\/en\/wp-content\/uploads\/2019\/11\/logo-zarea-negru.png","width":500,"height":500,"caption":"ZAREA S.A."},"image":{"@id":"https:\/\/zarea.ro\/en\/#\/schema\/logo\/image\/"},"sameAs":["https:\/\/www.facebook.com\/zarearomania\/","https:\/\/www.instagram.com\/zarearomania\/","https:\/\/www.youtube.com\/channel\/UCwaAQphIJuwiwtUy2asJ68A\/videos"]}]}},"_links":{"self":[{"href":"https:\/\/zarea.ro\/en\/wp-json\/wp\/v2\/pages\/3684"}],"collection":[{"href":"https:\/\/zarea.ro\/en\/wp-json\/wp\/v2\/pages"}],"about":[{"href":"https:\/\/zarea.ro\/en\/wp-json\/wp\/v2\/types\/page"}],"author":[{"embeddable":true,"href":"https:\/\/zarea.ro\/en\/wp-json\/wp\/v2\/users\/1"}],"replies":[{"embeddable":true,"href":"https:\/\/zarea.ro\/en\/wp-json\/wp\/v2\/comments?post=3684"}],"version-history":[{"count":7,"href":"https:\/\/zarea.ro\/en\/wp-json\/wp\/v2\/pages\/3684\/revisions"}],"predecessor-version":[{"id":3907,"href":"https:\/\/zarea.ro\/en\/wp-json\/wp\/v2\/pages\/3684\/revisions\/3907"}],"up":[{"embeddable":true,"href":"https:\/\/zarea.ro\/en\/wp-json\/wp\/v2\/pages\/128"}],"wp:attachment":[{"href":"https:\/\/zarea.ro\/en\/wp-json\/wp\/v2\/media?parent=3684"}],"curies":[{"name":"wp","href":"https:\/\/api.w.org\/{rel}","templated":true}]}}