{"id":3651,"date":"2024-11-21T10:27:29","date_gmt":"2024-11-21T10:27:29","guid":{"rendered":"https:\/\/zarea.ro\/en\/?page_id=3651"},"modified":"2025-10-31T14:17:24","modified_gmt":"2025-10-31T14:17:24","slug":"zarea-cocktail-to-share","status":"publish","type":"page","link":"https:\/\/zarea.ro\/en\/brand-explorer\/cocktail-rtd\/zarea-cocktail-to-share\/","title":{"rendered":"ZAREA Cocktail to Share"},"content":{"rendered":"\t\t<div data-elementor-type=\"wp-page\" data-elementor-id=\"3651\" class=\"elementor elementor-3651\">\n\t\t\t\t\t\t\t\t\t<section class=\"elementor-section elementor-top-section elementor-element elementor-element-0dd2ace elementor-section-boxed elementor-section-height-default elementor-section-height-default\" data-id=\"0dd2ace\" data-element_type=\"section\" data-settings=\"{&quot;background_background&quot;:&quot;classic&quot;}\">\n\t\t\t\t\t\t<div class=\"elementor-container elementor-column-gap-default\">\n\t\t\t\t\t<div class=\"elementor-column elementor-col-100 elementor-top-column elementor-element elementor-element-c4b461e\" data-id=\"c4b461e\" data-element_type=\"column\">\n\t\t\t<div class=\"elementor-widget-wrap elementor-element-populated\">\n\t\t\t\t\t\t\t\t<div class=\"elementor-element elementor-element-50916ac elementor-widget elementor-widget-spacer\" data-id=\"50916ac\" data-element_type=\"widget\" data-widget_type=\"spacer.default\">\n\t\t\t\t<div class=\"elementor-widget-container\">\n\t\t\t\t\t<div class=\"elementor-spacer\">\n\t\t\t<div class=\"elementor-spacer-inner\"><\/div>\n\t\t<\/div>\n\t\t\t\t<\/div>\n\t\t\t\t<\/div>\n\t\t\t\t<div class=\"elementor-element elementor-element-c0b16a5 elementor-align-right elementor-widget elementor-widget-button\" data-id=\"c0b16a5\" data-element_type=\"widget\" data-widget_type=\"button.default\">\n\t\t\t\t<div class=\"elementor-widget-container\">\n\t\t\t\t\t<div class=\"elementor-button-wrapper\">\n\t\t\t<a class=\"elementor-button elementor-button-link elementor-size-sm\" href=\"\/en\/brand-explorer\/aperitifs-and-liqueurs\/\">\n\t\t\t\t\t\t<span class=\"elementor-button-content-wrapper\">\n\t\t\t\t\t\t<span class=\"elementor-button-text\">\u00ab Back<\/span>\n\t\t<\/span>\n\t\t\t\t\t<\/a>\n\t\t<\/div>\n\t\t\t\t<\/div>\n\t\t\t\t<\/div>\n\t\t\t\t\t<\/div>\n\t\t<\/div>\n\t\t\t\t\t\t\t<\/div>\n\t\t<\/section>\n\t\t\t\t<section class=\"elementor-section elementor-top-section elementor-element elementor-element-4da45518 elementor-section-boxed elementor-section-height-default elementor-section-height-default\" data-id=\"4da45518\" data-element_type=\"section\" data-settings=\"{&quot;background_background&quot;:&quot;classic&quot;}\">\n\t\t\t\t\t\t<div class=\"elementor-container elementor-column-gap-default\">\n\t\t\t\t\t<div class=\"elementor-column elementor-col-33 elementor-top-column elementor-element elementor-element-2a60bb40\" data-id=\"2a60bb40\" data-element_type=\"column\">\n\t\t\t<div class=\"elementor-widget-wrap elementor-element-populated\">\n\t\t\t\t\t\t\t\t<div class=\"elementor-element elementor-element-a44f7d6 elementor-arrows-position-inside elementor-pagination-position-outside elementor-widget elementor-widget-image-carousel\" data-id=\"a44f7d6\" data-element_type=\"widget\" data-settings=\"{&quot;slides_to_show&quot;:&quot;1&quot;,&quot;autoplay_speed&quot;:3000,&quot;speed&quot;:900,&quot;navigation&quot;:&quot;both&quot;,&quot;autoplay&quot;:&quot;yes&quot;,&quot;pause_on_hover&quot;:&quot;yes&quot;,&quot;pause_on_interaction&quot;:&quot;yes&quot;,&quot;infinite&quot;:&quot;yes&quot;,&quot;effect&quot;:&quot;slide&quot;}\" data-widget_type=\"image-carousel.default\">\n\t\t\t\t<div class=\"elementor-widget-container\">\n\t\t\t\t\t<div class=\"elementor-image-carousel-wrapper swiper-container\" dir=\"ltr\">\n\t\t\t<div class=\"elementor-image-carousel swiper-wrapper\" aria-live=\"off\">\n\t\t\t\t\t\t\t\t<div class=\"swiper-slide\" role=\"group\" aria-roledescription=\"slide\" aria-label=\"1 of 3\"><figure class=\"swiper-slide-inner\"><img decoding=\"async\" class=\"swiper-slide-image\" src=\"https:\/\/zarea.ro\/en\/wp-content\/uploads\/2025\/10\/zarea-cocktail-to-share-mojito-07L.jpg\" alt=\"ZAREA Cocktail to Share Mojito\" \/><\/figure><\/div><div class=\"swiper-slide\" role=\"group\" aria-roledescription=\"slide\" aria-label=\"2 of 3\"><figure class=\"swiper-slide-inner\"><img decoding=\"async\" class=\"swiper-slide-image\" src=\"https:\/\/zarea.ro\/en\/wp-content\/uploads\/2025\/10\/zarea-cocktail-to-share-pina-colada-07L.jpg\" alt=\"ZAREA Cocktail to Share Pina Colada\" \/><\/figure><\/div><div class=\"swiper-slide\" role=\"group\" aria-roledescription=\"slide\" aria-label=\"3 of 3\"><figure class=\"swiper-slide-inner\"><img decoding=\"async\" class=\"swiper-slide-image\" src=\"https:\/\/zarea.ro\/en\/wp-content\/uploads\/2025\/10\/zarea-cocktail-to-share-sunrise-07L.jpg\" alt=\"ZAREA Cocktail to Share Sunrise\" \/><\/figure><\/div>\t\t\t<\/div>\n\t\t\t\t\t\t\t\t\t\t\t\t<div class=\"elementor-swiper-button elementor-swiper-button-prev\" role=\"button\" tabindex=\"0\">\n\t\t\t\t\t\t<i aria-hidden=\"true\" class=\"eicon-chevron-left\"><\/i>\t\t\t\t\t<\/div>\n\t\t\t\t\t<div class=\"elementor-swiper-button elementor-swiper-button-next\" role=\"button\" tabindex=\"0\">\n\t\t\t\t\t\t<i aria-hidden=\"true\" class=\"eicon-chevron-right\"><\/i>\t\t\t\t\t<\/div>\n\t\t\t\t\n\t\t\t\t\t\t\t\t\t<div class=\"swiper-pagination\"><\/div>\n\t\t\t\t\t\t\t\t\t<\/div>\n\t\t\t\t<\/div>\n\t\t\t\t<\/div>\n\t\t\t\t\t<\/div>\n\t\t<\/div>\n\t\t\t\t<div class=\"elementor-column elementor-col-66 elementor-top-column elementor-element elementor-element-5ac96739\" data-id=\"5ac96739\" data-element_type=\"column\">\n\t\t\t<div class=\"elementor-widget-wrap elementor-element-populated\">\n\t\t\t\t\t\t\t\t<div class=\"elementor-element elementor-element-372e48a3 elementor-widget elementor-widget-heading\" data-id=\"372e48a3\" data-element_type=\"widget\" data-widget_type=\"heading.default\">\n\t\t\t\t<div class=\"elementor-widget-container\">\n\t\t\t<h2 class=\"elementor-heading-title elementor-size-default\">ZAREA Cocktail to Share\n<\/h2>\t\t<\/div>\n\t\t\t\t<\/div>\n\t\t\t\t<div class=\"elementor-element elementor-element-156a6ebc elementor-widget elementor-widget-text-editor\" data-id=\"156a6ebc\" data-element_type=\"widget\" data-widget_type=\"text-editor.default\">\n\t\t\t\t<div class=\"elementor-widget-container\">\n\t\t\t\t\t\t\t<p><strong>Enjoy a refreshing summer experience with the new ZAREA Cocktail to Share collection! The delicious taste of the famous Mojito, Pina Colada and Sunrise cocktails in this collection will transport you to tropical beaches right from the middle of your city.<\/strong><strong>\u00a0<\/strong><\/p><p>With<b> ZAREA Cocktail to Share<\/b> you no longer have to worry about the complicated mixing of cocktails. Served over ice and garnished with slices of fruit or fresh mint leaves, each sip becomes a sensory journey through a tropical paradise.<\/p><p>So get ready to create unforgettable memories and have fun with your friends!<\/p>\t\t\t\t\t\t<\/div>\n\t\t\t\t<\/div>\n\t\t\t\t\t<\/div>\n\t\t<\/div>\n\t\t\t\t\t\t\t<\/div>\n\t\t<\/section>\n\t\t\t\t<section class=\"elementor-section elementor-top-section elementor-element elementor-element-67a681e elementor-section-boxed elementor-section-height-default elementor-section-height-default\" data-id=\"67a681e\" data-element_type=\"section\" data-settings=\"{&quot;background_background&quot;:&quot;classic&quot;}\">\n\t\t\t\t\t\t<div class=\"elementor-container elementor-column-gap-default\">\n\t\t\t\t\t<div class=\"elementor-column elementor-col-100 elementor-top-column elementor-element elementor-element-9bf66c4\" data-id=\"9bf66c4\" data-element_type=\"column\">\n\t\t\t<div class=\"elementor-widget-wrap elementor-element-populated\">\n\t\t\t\t\t\t\t\t<div class=\"elementor-element elementor-element-3ca7f53 elementor-widget-divider--view-line elementor-widget elementor-widget-divider\" data-id=\"3ca7f53\" data-element_type=\"widget\" data-widget_type=\"divider.default\">\n\t\t\t\t<div class=\"elementor-widget-container\">\n\t\t\t\t\t<div class=\"elementor-divider\">\n\t\t\t<span class=\"elementor-divider-separator\">\n\t\t\t\t\t\t<\/span>\n\t\t<\/div>\n\t\t\t\t<\/div>\n\t\t\t\t<\/div>\n\t\t\t\t\t<\/div>\n\t\t<\/div>\n\t\t\t\t\t\t\t<\/div>\n\t\t<\/section>\n\t\t\t\t<section class=\"elementor-section elementor-top-section elementor-element elementor-element-25a32ad elementor-section-boxed elementor-section-height-default elementor-section-height-default\" data-id=\"25a32ad\" data-element_type=\"section\" data-settings=\"{&quot;background_background&quot;:&quot;classic&quot;}\">\n\t\t\t\t\t\t<div class=\"elementor-container elementor-column-gap-default\">\n\t\t\t\t\t<div class=\"elementor-column elementor-col-33 elementor-top-column elementor-element elementor-element-1ff537d\" data-id=\"1ff537d\" data-element_type=\"column\">\n\t\t\t<div class=\"elementor-widget-wrap elementor-element-populated\">\n\t\t\t\t\t\t\t\t<div class=\"elementor-element elementor-element-afcdaf6 gallery-spacing-custom elementor-widget elementor-widget-image-gallery\" data-id=\"afcdaf6\" data-element_type=\"widget\" data-widget_type=\"image-gallery.default\">\n\t\t\t\t<div class=\"elementor-widget-container\">\n\t\t\t\t\t<div class=\"elementor-image-gallery\">\n\t\t\t<div id='gallery-1' class='gallery galleryid-3651 gallery-columns-3 gallery-size-thumbnail'><figure class='gallery-item'>\n\t\t\t<div class='gallery-icon landscape'>\n\t\t\t\t<a data-elementor-open-lightbox=\"yes\" data-elementor-lightbox-slideshow=\"afcdaf6\" data-elementor-lightbox-title=\"zarea-cocktail-to-share-mojito-07L\" data-e-action-hash=\"#elementor-action%3Aaction%3Dlightbox%26settings%3DeyJpZCI6NDE2NywidXJsIjoiaHR0cHM6XC9cL3phcmVhLnJvXC9lblwvd3AtY29udGVudFwvdXBsb2Fkc1wvMjAyNVwvMTBcL3phcmVhLWNvY2t0YWlsLXRvLXNoYXJlLW1vaml0by0wN0wuanBnIiwic2xpZGVzaG93IjoiYWZjZGFmNiJ9\" href='https:\/\/zarea.ro\/en\/wp-content\/uploads\/2025\/10\/zarea-cocktail-to-share-mojito-07L.jpg'><img width=\"150\" height=\"150\" src=\"https:\/\/zarea.ro\/en\/wp-content\/uploads\/2025\/10\/zarea-cocktail-to-share-mojito-07L-150x150.jpg\" class=\"attachment-thumbnail size-thumbnail\" alt=\"\" decoding=\"async\" aria-describedby=\"gallery-1-4167\" loading=\"lazy\" srcset=\"https:\/\/zarea.ro\/en\/wp-content\/uploads\/2025\/10\/zarea-cocktail-to-share-mojito-07L-150x150.jpg 150w, https:\/\/zarea.ro\/en\/wp-content\/uploads\/2025\/10\/zarea-cocktail-to-share-mojito-07L-300x300.jpg 300w, https:\/\/zarea.ro\/en\/wp-content\/uploads\/2025\/10\/zarea-cocktail-to-share-mojito-07L-768x768.jpg 768w, https:\/\/zarea.ro\/en\/wp-content\/uploads\/2025\/10\/zarea-cocktail-to-share-mojito-07L.jpg 1000w\" sizes=\"(max-width: 150px) 100vw, 150px\" \/><\/a>\n\t\t\t<\/div>\n\t\t\t\t<figcaption class='wp-caption-text gallery-caption' id='gallery-1-4167'>\n\t\t\t\tZAREA Cocktail to Share Mojito\n\t\t\t\t<\/figcaption><\/figure><figure class='gallery-item'>\n\t\t\t<div class='gallery-icon landscape'>\n\t\t\t\t<a data-elementor-open-lightbox=\"yes\" data-elementor-lightbox-slideshow=\"afcdaf6\" data-elementor-lightbox-title=\"zarea-cocktail-to-share-pina-colada-07L\" data-e-action-hash=\"#elementor-action%3Aaction%3Dlightbox%26settings%3DeyJpZCI6NDE2OCwidXJsIjoiaHR0cHM6XC9cL3phcmVhLnJvXC9lblwvd3AtY29udGVudFwvdXBsb2Fkc1wvMjAyNVwvMTBcL3phcmVhLWNvY2t0YWlsLXRvLXNoYXJlLXBpbmEtY29sYWRhLTA3TC5qcGciLCJzbGlkZXNob3ciOiJhZmNkYWY2In0%3D\" href='https:\/\/zarea.ro\/en\/wp-content\/uploads\/2025\/10\/zarea-cocktail-to-share-pina-colada-07L.jpg'><img width=\"150\" height=\"150\" src=\"https:\/\/zarea.ro\/en\/wp-content\/uploads\/2025\/10\/zarea-cocktail-to-share-pina-colada-07L-150x150.jpg\" class=\"attachment-thumbnail size-thumbnail\" alt=\"\" decoding=\"async\" aria-describedby=\"gallery-1-4168\" loading=\"lazy\" srcset=\"https:\/\/zarea.ro\/en\/wp-content\/uploads\/2025\/10\/zarea-cocktail-to-share-pina-colada-07L-150x150.jpg 150w, https:\/\/zarea.ro\/en\/wp-content\/uploads\/2025\/10\/zarea-cocktail-to-share-pina-colada-07L-300x300.jpg 300w, https:\/\/zarea.ro\/en\/wp-content\/uploads\/2025\/10\/zarea-cocktail-to-share-pina-colada-07L-768x768.jpg 768w, https:\/\/zarea.ro\/en\/wp-content\/uploads\/2025\/10\/zarea-cocktail-to-share-pina-colada-07L.jpg 1000w\" sizes=\"(max-width: 150px) 100vw, 150px\" \/><\/a>\n\t\t\t<\/div>\n\t\t\t\t<figcaption class='wp-caption-text gallery-caption' id='gallery-1-4168'>\n\t\t\t\tZAREA Cocktail to Share Pina Colada\n\t\t\t\t<\/figcaption><\/figure><figure class='gallery-item'>\n\t\t\t<div class='gallery-icon landscape'>\n\t\t\t\t<a data-elementor-open-lightbox=\"yes\" data-elementor-lightbox-slideshow=\"afcdaf6\" data-elementor-lightbox-title=\"zarea-cocktail-to-share-sunrise-07L\" data-e-action-hash=\"#elementor-action%3Aaction%3Dlightbox%26settings%3DeyJpZCI6NDE2NiwidXJsIjoiaHR0cHM6XC9cL3phcmVhLnJvXC9lblwvd3AtY29udGVudFwvdXBsb2Fkc1wvMjAyNVwvMTBcL3phcmVhLWNvY2t0YWlsLXRvLXNoYXJlLXN1bnJpc2UtMDdMLmpwZyIsInNsaWRlc2hvdyI6ImFmY2RhZjYifQ%3D%3D\" href='https:\/\/zarea.ro\/en\/wp-content\/uploads\/2025\/10\/zarea-cocktail-to-share-sunrise-07L.jpg'><img width=\"150\" height=\"150\" src=\"https:\/\/zarea.ro\/en\/wp-content\/uploads\/2025\/10\/zarea-cocktail-to-share-sunrise-07L-150x150.jpg\" class=\"attachment-thumbnail size-thumbnail\" alt=\"\" decoding=\"async\" aria-describedby=\"gallery-1-4166\" loading=\"lazy\" srcset=\"https:\/\/zarea.ro\/en\/wp-content\/uploads\/2025\/10\/zarea-cocktail-to-share-sunrise-07L-150x150.jpg 150w, https:\/\/zarea.ro\/en\/wp-content\/uploads\/2025\/10\/zarea-cocktail-to-share-sunrise-07L-300x300.jpg 300w, https:\/\/zarea.ro\/en\/wp-content\/uploads\/2025\/10\/zarea-cocktail-to-share-sunrise-07L-768x768.jpg 768w, https:\/\/zarea.ro\/en\/wp-content\/uploads\/2025\/10\/zarea-cocktail-to-share-sunrise-07L.jpg 1000w\" sizes=\"(max-width: 150px) 100vw, 150px\" \/><\/a>\n\t\t\t<\/div>\n\t\t\t\t<figcaption class='wp-caption-text gallery-caption' id='gallery-1-4166'>\n\t\t\t\tZAREA Cocktail to Share Sunrise\n\t\t\t\t<\/figcaption><\/figure>\n\t\t<\/div>\n\t\t<\/div>\n\t\t\t\t<\/div>\n\t\t\t\t<\/div>\n\t\t\t\t\t<\/div>\n\t\t<\/div>\n\t\t\t\t<div class=\"elementor-column elementor-col-66 elementor-top-column elementor-element elementor-element-5e63273\" data-id=\"5e63273\" data-element_type=\"column\">\n\t\t\t<div class=\"elementor-widget-wrap elementor-element-populated\">\n\t\t\t\t\t\t\t\t<div class=\"elementor-element elementor-element-034035b elementor-widget elementor-widget-heading\" data-id=\"034035b\" data-element_type=\"widget\" data-widget_type=\"heading.default\">\n\t\t\t\t<div class=\"elementor-widget-container\">\n\t\t\t<h4 class=\"elementor-heading-title elementor-size-default\">Assortment<\/h4>\t\t<\/div>\n\t\t\t\t<\/div>\n\t\t\t\t<div class=\"elementor-element elementor-element-5b41817f elementor-widget elementor-widget-text-editor\" data-id=\"5b41817f\" data-element_type=\"widget\" data-widget_type=\"text-editor.default\">\n\t\t\t\t<div class=\"elementor-widget-container\">\n\t\t\t\t\t\t\t<div class=\"elementor-element elementor-element-7d722a2f elementor-widget elementor-widget-text-editor\" data-id=\"7d722a2f\" data-element_type=\"widget\" data-widget_type=\"text-editor.default\"><div class=\"elementor-widget-container\"><p><span style=\"color: #000000;\"><strong>Z<\/strong><b>AREA Cocktail to Share Mojito,<\/b> alc. 13% vol. \u2013 0,7L<\/span><\/p><p><span style=\"color: #000000;\"><strong>Z<b>AREA Cocktail to Share<\/b> Pina Colada,<\/strong> alc. 13% vol. \u2013 0,7L<\/span><\/p><p><span style=\"color: #000000;\"><strong>Z<b>AREA Cocktail to Share<\/b> Sunrise,<\/strong> alc. 13% vol. \u2013 0,7L<\/span><\/p><\/div><\/div>\t\t\t\t\t\t<\/div>\n\t\t\t\t<\/div>\n\t\t\t\t\t<\/div>\n\t\t<\/div>\n\t\t\t\t\t\t\t<\/div>\n\t\t<\/section>\n\t\t\t\t<section class=\"elementor-section elementor-top-section elementor-element elementor-element-cf1fbed elementor-section-boxed elementor-section-height-default elementor-section-height-default\" data-id=\"cf1fbed\" data-element_type=\"section\" data-settings=\"{&quot;background_background&quot;:&quot;classic&quot;}\">\n\t\t\t\t\t\t<div class=\"elementor-container elementor-column-gap-default\">\n\t\t\t\t\t<div class=\"elementor-column elementor-col-100 elementor-top-column elementor-element elementor-element-55f54b4\" data-id=\"55f54b4\" data-element_type=\"column\">\n\t\t\t<div class=\"elementor-widget-wrap elementor-element-populated\">\n\t\t\t\t\t\t\t\t<div class=\"elementor-element elementor-element-efc322e elementor-widget-divider--view-line elementor-widget elementor-widget-divider\" data-id=\"efc322e\" data-element_type=\"widget\" data-widget_type=\"divider.default\">\n\t\t\t\t<div class=\"elementor-widget-container\">\n\t\t\t\t\t<div class=\"elementor-divider\">\n\t\t\t<span class=\"elementor-divider-separator\">\n\t\t\t\t\t\t<\/span>\n\t\t<\/div>\n\t\t\t\t<\/div>\n\t\t\t\t<\/div>\n\t\t\t\t\t<\/div>\n\t\t<\/div>\n\t\t\t\t\t\t\t<\/div>\n\t\t<\/section>\n\t\t\t\t\t\t\t<\/div>\n\t\t","protected":false},"excerpt":{"rendered":"<p>\u00ab Back ZAREA Cocktail to Share Enjoy a refreshing summer experience with the new ZAREA Cocktail to Share collection! The delicious taste of the famous&hellip;<\/p>\n","protected":false},"author":1,"featured_media":0,"parent":139,"menu_order":0,"comment_status":"closed","ping_status":"closed","template":"","meta":{"footnotes":""},"yoast_head":"<!-- This site is optimized with the Yoast SEO plugin v21.1 - https:\/\/yoast.com\/wordpress\/plugins\/seo\/ -->\n<title>ZAREA Cocktail to Share -<\/title>\n<meta name=\"robots\" content=\"index, follow, max-snippet:-1, max-image-preview:large, max-video-preview:-1\" \/>\n<link rel=\"canonical\" href=\"https:\/\/zarea.ro\/en\/brand-explorer\/cocktail-rtd\/zarea-cocktail-to-share\/\" \/>\n<meta property=\"og:locale\" content=\"ro_RO\" \/>\n<meta property=\"og:type\" content=\"article\" \/>\n<meta property=\"og:title\" content=\"ZAREA Cocktail to Share -\" \/>\n<meta property=\"og:description\" content=\"\u00ab Back ZAREA Cocktail to Share Enjoy a refreshing summer experience with the new ZAREA Cocktail to Share collection! The delicious taste of the famous&hellip;\" \/>\n<meta property=\"og:url\" content=\"https:\/\/zarea.ro\/en\/brand-explorer\/cocktail-rtd\/zarea-cocktail-to-share\/\" \/>\n<meta property=\"article:publisher\" content=\"https:\/\/www.facebook.com\/zarearomania\/\" \/>\n<meta property=\"article:modified_time\" content=\"2025-10-31T14:17:24+00:00\" \/>\n<meta property=\"og:image\" content=\"https:\/\/zarea.ro\/en\/wp-content\/uploads\/2025\/10\/zarea-cocktail-to-share-mojito-07L.jpg\" \/>\n<meta name=\"twitter:card\" content=\"summary_large_image\" \/>\n<meta name=\"twitter:label1\" content=\"Timp estimat pentru citire\" \/>\n\t<meta name=\"twitter:data1\" content=\"3 minute\" \/>\n<script type=\"application\/ld+json\" class=\"yoast-schema-graph\">{\"@context\":\"https:\/\/schema.org\",\"@graph\":[{\"@type\":\"WebPage\",\"@id\":\"https:\/\/zarea.ro\/en\/brand-explorer\/cocktail-rtd\/zarea-cocktail-to-share\/\",\"url\":\"https:\/\/zarea.ro\/en\/brand-explorer\/cocktail-rtd\/zarea-cocktail-to-share\/\",\"name\":\"ZAREA Cocktail to Share -\",\"isPartOf\":{\"@id\":\"https:\/\/zarea.ro\/en\/#website\"},\"datePublished\":\"2024-11-21T10:27:29+00:00\",\"dateModified\":\"2025-10-31T14:17:24+00:00\",\"breadcrumb\":{\"@id\":\"https:\/\/zarea.ro\/en\/brand-explorer\/cocktail-rtd\/zarea-cocktail-to-share\/#breadcrumb\"},\"inLanguage\":\"ro-RO\",\"potentialAction\":[{\"@type\":\"ReadAction\",\"target\":[\"https:\/\/zarea.ro\/en\/brand-explorer\/cocktail-rtd\/zarea-cocktail-to-share\/\"]}]},{\"@type\":\"BreadcrumbList\",\"@id\":\"https:\/\/zarea.ro\/en\/brand-explorer\/cocktail-rtd\/zarea-cocktail-to-share\/#breadcrumb\",\"itemListElement\":[{\"@type\":\"ListItem\",\"position\":1,\"name\":\"Prima pagin\u0103\",\"item\":\"https:\/\/zarea.ro\/en\/\"},{\"@type\":\"ListItem\",\"position\":2,\"name\":\"Brand Explorer\",\"item\":\"https:\/\/zarea.ro\/en\/brand-explorer\/\"},{\"@type\":\"ListItem\",\"position\":3,\"name\":\"Cocktail &#038; RTD\",\"item\":\"https:\/\/zarea.ro\/en\/brand-explorer\/cocktail-rtd\/\"},{\"@type\":\"ListItem\",\"position\":4,\"name\":\"ZAREA Cocktail to Share\"}]},{\"@type\":\"WebSite\",\"@id\":\"https:\/\/zarea.ro\/en\/#website\",\"url\":\"https:\/\/zarea.ro\/en\/\",\"name\":\"ZAREA - branduri de excelen\u021b\u0103 \u00een b\u0103uturi alcoolice\",\"description\":\"ZAREA S.A.\",\"publisher\":{\"@id\":\"https:\/\/zarea.ro\/en\/#organization\"},\"potentialAction\":[{\"@type\":\"SearchAction\",\"target\":{\"@type\":\"EntryPoint\",\"urlTemplate\":\"https:\/\/zarea.ro\/en\/?s={search_term_string}\"},\"query-input\":\"required name=search_term_string\"}],\"inLanguage\":\"ro-RO\"},{\"@type\":\"Organization\",\"@id\":\"https:\/\/zarea.ro\/en\/#organization\",\"name\":\"ZAREA S.A.\",\"url\":\"https:\/\/zarea.ro\/en\/\",\"logo\":{\"@type\":\"ImageObject\",\"inLanguage\":\"ro-RO\",\"@id\":\"https:\/\/zarea.ro\/en\/#\/schema\/logo\/image\/\",\"url\":\"https:\/\/zarea.ro\/en\/wp-content\/uploads\/2019\/11\/logo-zarea-negru.png\",\"contentUrl\":\"https:\/\/zarea.ro\/en\/wp-content\/uploads\/2019\/11\/logo-zarea-negru.png\",\"width\":500,\"height\":500,\"caption\":\"ZAREA S.A.\"},\"image\":{\"@id\":\"https:\/\/zarea.ro\/en\/#\/schema\/logo\/image\/\"},\"sameAs\":[\"https:\/\/www.facebook.com\/zarearomania\/\",\"https:\/\/www.instagram.com\/zarearomania\/\",\"https:\/\/www.youtube.com\/channel\/UCwaAQphIJuwiwtUy2asJ68A\/videos\"]}]}<\/script>\n<!-- \/ Yoast SEO plugin. -->","yoast_head_json":{"title":"ZAREA Cocktail to Share -","robots":{"index":"index","follow":"follow","max-snippet":"max-snippet:-1","max-image-preview":"max-image-preview:large","max-video-preview":"max-video-preview:-1"},"canonical":"https:\/\/zarea.ro\/en\/brand-explorer\/cocktail-rtd\/zarea-cocktail-to-share\/","og_locale":"ro_RO","og_type":"article","og_title":"ZAREA Cocktail to Share -","og_description":"\u00ab Back ZAREA Cocktail to Share Enjoy a refreshing summer experience with the new ZAREA Cocktail to Share collection! The delicious taste of the famous&hellip;","og_url":"https:\/\/zarea.ro\/en\/brand-explorer\/cocktail-rtd\/zarea-cocktail-to-share\/","article_publisher":"https:\/\/www.facebook.com\/zarearomania\/","article_modified_time":"2025-10-31T14:17:24+00:00","og_image":[{"url":"https:\/\/zarea.ro\/en\/wp-content\/uploads\/2025\/10\/zarea-cocktail-to-share-mojito-07L.jpg"}],"twitter_card":"summary_large_image","twitter_misc":{"Timp estimat pentru citire":"3 minute"},"schema":{"@context":"https:\/\/schema.org","@graph":[{"@type":"WebPage","@id":"https:\/\/zarea.ro\/en\/brand-explorer\/cocktail-rtd\/zarea-cocktail-to-share\/","url":"https:\/\/zarea.ro\/en\/brand-explorer\/cocktail-rtd\/zarea-cocktail-to-share\/","name":"ZAREA Cocktail to Share -","isPartOf":{"@id":"https:\/\/zarea.ro\/en\/#website"},"datePublished":"2024-11-21T10:27:29+00:00","dateModified":"2025-10-31T14:17:24+00:00","breadcrumb":{"@id":"https:\/\/zarea.ro\/en\/brand-explorer\/cocktail-rtd\/zarea-cocktail-to-share\/#breadcrumb"},"inLanguage":"ro-RO","potentialAction":[{"@type":"ReadAction","target":["https:\/\/zarea.ro\/en\/brand-explorer\/cocktail-rtd\/zarea-cocktail-to-share\/"]}]},{"@type":"BreadcrumbList","@id":"https:\/\/zarea.ro\/en\/brand-explorer\/cocktail-rtd\/zarea-cocktail-to-share\/#breadcrumb","itemListElement":[{"@type":"ListItem","position":1,"name":"Prima pagin\u0103","item":"https:\/\/zarea.ro\/en\/"},{"@type":"ListItem","position":2,"name":"Brand Explorer","item":"https:\/\/zarea.ro\/en\/brand-explorer\/"},{"@type":"ListItem","position":3,"name":"Cocktail &#038; RTD","item":"https:\/\/zarea.ro\/en\/brand-explorer\/cocktail-rtd\/"},{"@type":"ListItem","position":4,"name":"ZAREA Cocktail to Share"}]},{"@type":"WebSite","@id":"https:\/\/zarea.ro\/en\/#website","url":"https:\/\/zarea.ro\/en\/","name":"ZAREA - branduri de excelen\u021b\u0103 \u00een b\u0103uturi alcoolice","description":"ZAREA S.A.","publisher":{"@id":"https:\/\/zarea.ro\/en\/#organization"},"potentialAction":[{"@type":"SearchAction","target":{"@type":"EntryPoint","urlTemplate":"https:\/\/zarea.ro\/en\/?s={search_term_string}"},"query-input":"required name=search_term_string"}],"inLanguage":"ro-RO"},{"@type":"Organization","@id":"https:\/\/zarea.ro\/en\/#organization","name":"ZAREA S.A.","url":"https:\/\/zarea.ro\/en\/","logo":{"@type":"ImageObject","inLanguage":"ro-RO","@id":"https:\/\/zarea.ro\/en\/#\/schema\/logo\/image\/","url":"https:\/\/zarea.ro\/en\/wp-content\/uploads\/2019\/11\/logo-zarea-negru.png","contentUrl":"https:\/\/zarea.ro\/en\/wp-content\/uploads\/2019\/11\/logo-zarea-negru.png","width":500,"height":500,"caption":"ZAREA S.A."},"image":{"@id":"https:\/\/zarea.ro\/en\/#\/schema\/logo\/image\/"},"sameAs":["https:\/\/www.facebook.com\/zarearomania\/","https:\/\/www.instagram.com\/zarearomania\/","https:\/\/www.youtube.com\/channel\/UCwaAQphIJuwiwtUy2asJ68A\/videos"]}]}},"_links":{"self":[{"href":"https:\/\/zarea.ro\/en\/wp-json\/wp\/v2\/pages\/3651"}],"collection":[{"href":"https:\/\/zarea.ro\/en\/wp-json\/wp\/v2\/pages"}],"about":[{"href":"https:\/\/zarea.ro\/en\/wp-json\/wp\/v2\/types\/page"}],"author":[{"embeddable":true,"href":"https:\/\/zarea.ro\/en\/wp-json\/wp\/v2\/users\/1"}],"replies":[{"embeddable":true,"href":"https:\/\/zarea.ro\/en\/wp-json\/wp\/v2\/comments?post=3651"}],"version-history":[{"count":20,"href":"https:\/\/zarea.ro\/en\/wp-json\/wp\/v2\/pages\/3651\/revisions"}],"predecessor-version":[{"id":4171,"href":"https:\/\/zarea.ro\/en\/wp-json\/wp\/v2\/pages\/3651\/revisions\/4171"}],"up":[{"embeddable":true,"href":"https:\/\/zarea.ro\/en\/wp-json\/wp\/v2\/pages\/139"}],"wp:attachment":[{"href":"https:\/\/zarea.ro\/en\/wp-json\/wp\/v2\/media?parent=3651"}],"curies":[{"name":"wp","href":"https:\/\/api.w.org\/{rel}","templated":true}]}}