{"id":3062,"date":"2022-10-12T09:46:38","date_gmt":"2022-10-12T09:46:38","guid":{"rendered":"https:\/\/zarea.ro\/en\/?page_id=3062"},"modified":"2023-05-17T09:34:25","modified_gmt":"2023-05-17T09:34:25","slug":"thesecret","status":"publish","type":"page","link":"https:\/\/zarea.ro\/en\/brand-explorer\/vodka\/thesecret\/","title":{"rendered":"theSecret"},"content":{"rendered":"\t\t<div data-elementor-type=\"wp-page\" data-elementor-id=\"3062\" class=\"elementor elementor-3062\">\n\t\t\t\t\t\t\t\t\t<section class=\"elementor-section elementor-top-section elementor-element elementor-element-ef3f489 elementor-section-boxed elementor-section-height-default elementor-section-height-default\" data-id=\"ef3f489\" data-element_type=\"section\" data-settings=\"{&quot;background_background&quot;:&quot;classic&quot;}\">\n\t\t\t\t\t\t<div class=\"elementor-container elementor-column-gap-default\">\n\t\t\t\t\t<div class=\"elementor-column elementor-col-33 elementor-top-column elementor-element elementor-element-279bb1b\" data-id=\"279bb1b\" data-element_type=\"column\">\n\t\t\t<div class=\"elementor-widget-wrap elementor-element-populated\">\n\t\t\t\t\t\t\t\t<div class=\"elementor-element elementor-element-7d683c0 elementor-arrows-position-inside elementor-pagination-position-outside elementor-widget elementor-widget-image-carousel\" data-id=\"7d683c0\" data-element_type=\"widget\" data-settings=\"{&quot;slides_to_show&quot;:&quot;1&quot;,&quot;autoplay_speed&quot;:3000,&quot;speed&quot;:900,&quot;navigation&quot;:&quot;both&quot;,&quot;autoplay&quot;:&quot;yes&quot;,&quot;pause_on_hover&quot;:&quot;yes&quot;,&quot;pause_on_interaction&quot;:&quot;yes&quot;,&quot;infinite&quot;:&quot;yes&quot;,&quot;effect&quot;:&quot;slide&quot;}\" data-widget_type=\"image-carousel.default\">\n\t\t\t\t<div class=\"elementor-widget-container\">\n\t\t\t\t\t<div class=\"elementor-image-carousel-wrapper swiper-container\" dir=\"ltr\">\n\t\t\t<div class=\"elementor-image-carousel swiper-wrapper\" aria-live=\"off\">\n\t\t\t\t\t\t\t\t<div class=\"swiper-slide\" role=\"group\" aria-roledescription=\"slide\" aria-label=\"1 of 4\"><figure class=\"swiper-slide-inner\"><img decoding=\"async\" class=\"swiper-slide-image\" src=\"https:\/\/zarea.ro\/en\/wp-content\/uploads\/2023\/05\/ZAREA-the-Secret-PortocaleRosii.jpg\" alt=\"The SECRET VODKA Blood Orange\" \/><\/figure><\/div><div class=\"swiper-slide\" role=\"group\" aria-roledescription=\"slide\" aria-label=\"2 of 4\"><figure class=\"swiper-slide-inner\"><img decoding=\"async\" class=\"swiper-slide-image\" src=\"https:\/\/zarea.ro\/en\/wp-content\/uploads\/2023\/05\/ZAREA-the-Secret-Lime.jpg\" alt=\"The SECRET VODKA Lime\" \/><\/figure><\/div><div class=\"swiper-slide\" role=\"group\" aria-roledescription=\"slide\" aria-label=\"3 of 4\"><figure class=\"swiper-slide-inner\"><img decoding=\"async\" class=\"swiper-slide-image\" src=\"https:\/\/zarea.ro\/en\/wp-content\/uploads\/2023\/05\/ZAREA-the-Secret-Rodie.jpg\" alt=\"The SECRET VODKA Pomegranate\" \/><\/figure><\/div><div class=\"swiper-slide\" role=\"group\" aria-roledescription=\"slide\" aria-label=\"4 of 4\"><figure class=\"swiper-slide-inner\"><img decoding=\"async\" class=\"swiper-slide-image\" src=\"https:\/\/zarea.ro\/en\/wp-content\/uploads\/2023\/05\/ZAREA-the-Secret-Gold.jpg\" alt=\"The SECRET GOLD 23K\" \/><\/figure><\/div>\t\t\t<\/div>\n\t\t\t\t\t\t\t\t\t\t\t\t<div class=\"elementor-swiper-button elementor-swiper-button-prev\" role=\"button\" tabindex=\"0\">\n\t\t\t\t\t\t<i aria-hidden=\"true\" class=\"eicon-chevron-left\"><\/i>\t\t\t\t\t<\/div>\n\t\t\t\t\t<div class=\"elementor-swiper-button elementor-swiper-button-next\" role=\"button\" tabindex=\"0\">\n\t\t\t\t\t\t<i aria-hidden=\"true\" class=\"eicon-chevron-right\"><\/i>\t\t\t\t\t<\/div>\n\t\t\t\t\n\t\t\t\t\t\t\t\t\t<div class=\"swiper-pagination\"><\/div>\n\t\t\t\t\t\t\t\t\t<\/div>\n\t\t\t\t<\/div>\n\t\t\t\t<\/div>\n\t\t\t\t<div class=\"elementor-element elementor-element-7af98dc elementor-widget-divider--view-line elementor-widget elementor-widget-divider\" data-id=\"7af98dc\" data-element_type=\"widget\" data-widget_type=\"divider.default\">\n\t\t\t\t<div class=\"elementor-widget-container\">\n\t\t\t\t\t<div class=\"elementor-divider\">\n\t\t\t<span class=\"elementor-divider-separator\">\n\t\t\t\t\t\t<\/span>\n\t\t<\/div>\n\t\t\t\t<\/div>\n\t\t\t\t<\/div>\n\t\t\t\t<div class=\"elementor-element elementor-element-f69065f elementor-widget elementor-widget-image-gallery\" data-id=\"f69065f\" data-element_type=\"widget\" data-widget_type=\"image-gallery.default\">\n\t\t\t\t<div class=\"elementor-widget-container\">\n\t\t\t\t\t<div class=\"elementor-image-gallery\">\n\t\t\t<div id='gallery-1' class='gallery galleryid-3062 gallery-columns-2 gallery-size-full'><figure class='gallery-item'>\n\t\t\t<div class='gallery-icon landscape'>\n\t\t\t\t<a data-elementor-open-lightbox=\"yes\" data-elementor-lightbox-slideshow=\"f69065f\" data-elementor-lightbox-title=\"ZAREA-the-Secret-PortocaleRosii\" data-e-action-hash=\"#elementor-action%3Aaction%3Dlightbox%26settings%3DeyJpZCI6MzI0MSwidXJsIjoiaHR0cHM6XC9cL3phcmVhLnJvXC9lblwvd3AtY29udGVudFwvdXBsb2Fkc1wvMjAyM1wvMDVcL1pBUkVBLXRoZS1TZWNyZXQtUG9ydG9jYWxlUm9zaWkuanBnIiwic2xpZGVzaG93IjoiZjY5MDY1ZiJ9\" href='https:\/\/zarea.ro\/en\/wp-content\/uploads\/2023\/05\/ZAREA-the-Secret-PortocaleRosii.jpg'><img width=\"1000\" height=\"1000\" src=\"https:\/\/zarea.ro\/en\/wp-content\/uploads\/2023\/05\/ZAREA-the-Secret-PortocaleRosii.jpg\" class=\"attachment-full size-full\" alt=\"\" decoding=\"async\" aria-describedby=\"gallery-1-3241\" loading=\"lazy\" srcset=\"https:\/\/zarea.ro\/en\/wp-content\/uploads\/2023\/05\/ZAREA-the-Secret-PortocaleRosii.jpg 1000w, https:\/\/zarea.ro\/en\/wp-content\/uploads\/2023\/05\/ZAREA-the-Secret-PortocaleRosii-300x300.jpg 300w, https:\/\/zarea.ro\/en\/wp-content\/uploads\/2023\/05\/ZAREA-the-Secret-PortocaleRosii-150x150.jpg 150w, https:\/\/zarea.ro\/en\/wp-content\/uploads\/2023\/05\/ZAREA-the-Secret-PortocaleRosii-768x768.jpg 768w\" sizes=\"(max-width: 1000px) 100vw, 1000px\" \/><\/a>\n\t\t\t<\/div>\n\t\t\t\t<figcaption class='wp-caption-text gallery-caption' id='gallery-1-3241'>\n\t\t\t\tThe SECRET VODKA Blood Orange\n\t\t\t\t<\/figcaption><\/figure><figure class='gallery-item'>\n\t\t\t<div class='gallery-icon landscape'>\n\t\t\t\t<a data-elementor-open-lightbox=\"yes\" data-elementor-lightbox-slideshow=\"f69065f\" data-elementor-lightbox-title=\"ZAREA-the-Secret-Lime\" data-e-action-hash=\"#elementor-action%3Aaction%3Dlightbox%26settings%3DeyJpZCI6MzI0MCwidXJsIjoiaHR0cHM6XC9cL3phcmVhLnJvXC9lblwvd3AtY29udGVudFwvdXBsb2Fkc1wvMjAyM1wvMDVcL1pBUkVBLXRoZS1TZWNyZXQtTGltZS5qcGciLCJzbGlkZXNob3ciOiJmNjkwNjVmIn0%3D\" href='https:\/\/zarea.ro\/en\/wp-content\/uploads\/2023\/05\/ZAREA-the-Secret-Lime.jpg'><img width=\"1000\" height=\"1000\" src=\"https:\/\/zarea.ro\/en\/wp-content\/uploads\/2023\/05\/ZAREA-the-Secret-Lime.jpg\" class=\"attachment-full size-full\" alt=\"\" decoding=\"async\" aria-describedby=\"gallery-1-3240\" loading=\"lazy\" srcset=\"https:\/\/zarea.ro\/en\/wp-content\/uploads\/2023\/05\/ZAREA-the-Secret-Lime.jpg 1000w, https:\/\/zarea.ro\/en\/wp-content\/uploads\/2023\/05\/ZAREA-the-Secret-Lime-300x300.jpg 300w, https:\/\/zarea.ro\/en\/wp-content\/uploads\/2023\/05\/ZAREA-the-Secret-Lime-150x150.jpg 150w, https:\/\/zarea.ro\/en\/wp-content\/uploads\/2023\/05\/ZAREA-the-Secret-Lime-768x768.jpg 768w\" sizes=\"(max-width: 1000px) 100vw, 1000px\" \/><\/a>\n\t\t\t<\/div>\n\t\t\t\t<figcaption class='wp-caption-text gallery-caption' id='gallery-1-3240'>\n\t\t\t\tThe SECRET VODKA Lime\n\t\t\t\t<\/figcaption><\/figure><figure class='gallery-item'>\n\t\t\t<div class='gallery-icon landscape'>\n\t\t\t\t<a data-elementor-open-lightbox=\"yes\" data-elementor-lightbox-slideshow=\"f69065f\" data-elementor-lightbox-title=\"ZAREA-the-Secret-Rodie\" data-e-action-hash=\"#elementor-action%3Aaction%3Dlightbox%26settings%3DeyJpZCI6MzI0MiwidXJsIjoiaHR0cHM6XC9cL3phcmVhLnJvXC9lblwvd3AtY29udGVudFwvdXBsb2Fkc1wvMjAyM1wvMDVcL1pBUkVBLXRoZS1TZWNyZXQtUm9kaWUuanBnIiwic2xpZGVzaG93IjoiZjY5MDY1ZiJ9\" href='https:\/\/zarea.ro\/en\/wp-content\/uploads\/2023\/05\/ZAREA-the-Secret-Rodie.jpg'><img width=\"1000\" height=\"1000\" src=\"https:\/\/zarea.ro\/en\/wp-content\/uploads\/2023\/05\/ZAREA-the-Secret-Rodie.jpg\" class=\"attachment-full size-full\" alt=\"\" decoding=\"async\" aria-describedby=\"gallery-1-3242\" loading=\"lazy\" srcset=\"https:\/\/zarea.ro\/en\/wp-content\/uploads\/2023\/05\/ZAREA-the-Secret-Rodie.jpg 1000w, https:\/\/zarea.ro\/en\/wp-content\/uploads\/2023\/05\/ZAREA-the-Secret-Rodie-300x300.jpg 300w, https:\/\/zarea.ro\/en\/wp-content\/uploads\/2023\/05\/ZAREA-the-Secret-Rodie-150x150.jpg 150w, https:\/\/zarea.ro\/en\/wp-content\/uploads\/2023\/05\/ZAREA-the-Secret-Rodie-768x768.jpg 768w\" sizes=\"(max-width: 1000px) 100vw, 1000px\" \/><\/a>\n\t\t\t<\/div>\n\t\t\t\t<figcaption class='wp-caption-text gallery-caption' id='gallery-1-3242'>\n\t\t\t\tThe SECRET VODKA Pomegranate\n\t\t\t\t<\/figcaption><\/figure><figure class='gallery-item'>\n\t\t\t<div class='gallery-icon landscape'>\n\t\t\t\t<a data-elementor-open-lightbox=\"yes\" data-elementor-lightbox-slideshow=\"f69065f\" data-elementor-lightbox-title=\"ZAREA-the-Secret-Gold\" data-e-action-hash=\"#elementor-action%3Aaction%3Dlightbox%26settings%3DeyJpZCI6MzIzOSwidXJsIjoiaHR0cHM6XC9cL3phcmVhLnJvXC9lblwvd3AtY29udGVudFwvdXBsb2Fkc1wvMjAyM1wvMDVcL1pBUkVBLXRoZS1TZWNyZXQtR29sZC5qcGciLCJzbGlkZXNob3ciOiJmNjkwNjVmIn0%3D\" href='https:\/\/zarea.ro\/en\/wp-content\/uploads\/2023\/05\/ZAREA-the-Secret-Gold.jpg'><img width=\"1000\" height=\"1000\" src=\"https:\/\/zarea.ro\/en\/wp-content\/uploads\/2023\/05\/ZAREA-the-Secret-Gold.jpg\" class=\"attachment-full size-full\" alt=\"\" decoding=\"async\" aria-describedby=\"gallery-1-3239\" loading=\"lazy\" srcset=\"https:\/\/zarea.ro\/en\/wp-content\/uploads\/2023\/05\/ZAREA-the-Secret-Gold.jpg 1000w, https:\/\/zarea.ro\/en\/wp-content\/uploads\/2023\/05\/ZAREA-the-Secret-Gold-300x300.jpg 300w, https:\/\/zarea.ro\/en\/wp-content\/uploads\/2023\/05\/ZAREA-the-Secret-Gold-150x150.jpg 150w, https:\/\/zarea.ro\/en\/wp-content\/uploads\/2023\/05\/ZAREA-the-Secret-Gold-768x768.jpg 768w\" sizes=\"(max-width: 1000px) 100vw, 1000px\" \/><\/a>\n\t\t\t<\/div>\n\t\t\t\t<figcaption class='wp-caption-text gallery-caption' id='gallery-1-3239'>\n\t\t\t\tThe SECRET GOLD 23K\n\t\t\t\t<\/figcaption><\/figure>\n\t\t<\/div>\n\t\t<\/div>\n\t\t\t\t<\/div>\n\t\t\t\t<\/div>\n\t\t\t\t\t<\/div>\n\t\t<\/div>\n\t\t\t\t<div class=\"elementor-column elementor-col-66 elementor-top-column elementor-element elementor-element-99a935c\" data-id=\"99a935c\" data-element_type=\"column\">\n\t\t\t<div class=\"elementor-widget-wrap elementor-element-populated\">\n\t\t\t\t\t\t\t\t<div class=\"elementor-element elementor-element-95641dd elementor-widget elementor-widget-spacer\" data-id=\"95641dd\" data-element_type=\"widget\" data-widget_type=\"spacer.default\">\n\t\t\t\t<div class=\"elementor-widget-container\">\n\t\t\t\t\t<div class=\"elementor-spacer\">\n\t\t\t<div class=\"elementor-spacer-inner\"><\/div>\n\t\t<\/div>\n\t\t\t\t<\/div>\n\t\t\t\t<\/div>\n\t\t\t\t<div class=\"elementor-element elementor-element-5c71e67 elementor-align-right elementor-widget elementor-widget-button\" data-id=\"5c71e67\" data-element_type=\"widget\" data-widget_type=\"button.default\">\n\t\t\t\t<div class=\"elementor-widget-container\">\n\t\t\t\t\t<div class=\"elementor-button-wrapper\">\n\t\t\t<a class=\"elementor-button elementor-button-link elementor-size-sm\" href=\"\/en\/brand-explorer\/vodka\/\">\n\t\t\t\t\t\t<span class=\"elementor-button-content-wrapper\">\n\t\t\t\t\t\t<span class=\"elementor-button-text\">\u00ab \u00eenapoi<\/span>\n\t\t<\/span>\n\t\t\t\t\t<\/a>\n\t\t<\/div>\n\t\t\t\t<\/div>\n\t\t\t\t<\/div>\n\t\t\t\t<div class=\"elementor-element elementor-element-9ea4df9 elementor-widget elementor-widget-heading\" data-id=\"9ea4df9\" data-element_type=\"widget\" data-widget_type=\"heading.default\">\n\t\t\t\t<div class=\"elementor-widget-container\">\n\t\t\t<h2 class=\"elementor-heading-title elementor-size-default\">The SECRET Vodka<\/h2>\t\t<\/div>\n\t\t\t\t<\/div>\n\t\t\t\t<div class=\"elementor-element elementor-element-0928f55 elementor-widget elementor-widget-text-editor\" data-id=\"0928f55\" data-element_type=\"widget\" data-widget_type=\"text-editor.default\">\n\t\t\t\t<div class=\"elementor-widget-container\">\n\t\t\t\t\t\t\t<p>Under the concept of <strong>The SECRET<\/strong> we launch innovative drinks, challenging consumers to explore them to enjoy unique and memorable experiences.<\/p>\t\t\t\t\t\t<\/div>\n\t\t\t\t<\/div>\n\t\t\t\t<div class=\"elementor-element elementor-element-759f233 elementor-drop-cap-yes elementor-drop-cap-view-default elementor-widget elementor-widget-text-editor\" data-id=\"759f233\" data-element_type=\"widget\" data-settings=\"{&quot;drop_cap&quot;:&quot;yes&quot;}\" data-widget_type=\"text-editor.default\">\n\t\t\t\t<div class=\"elementor-widget-container\">\n\t\t\t\t\t\t\t<p><strong>The SECRET Flavored Vodka<\/strong> is a concept that colors vodka to offer a unique taste experience, but also new consumption occasions.<\/p>\n<p>Made from premium ingredients, pure vodka (37.5% alc.), filtered with Silver Ions, is mixed with delicious fruit juice, to give the world of vodka new meanings: the feeling of power offered by the purest spirit, combined with the pleasure and the joy of the rich and exotic taste of fruit, used especially in the bar. The range includes the following flavors: Red Orange, Lime and Pomegranate.<\/p>\n<p><b>The SECRET Gold 23K<\/b> offers a double reward: the authentic taste of Premium Vodka (40% alc.), filtered with Silver Ions and the flamboyant luxury of 23K gold flakes that impresses everyone. <b>The SECRET Gold 23K <\/b>is innovation in the world of vodka and attracts the attention of lovers of luxury and opulence, being perfect to be served on special occasions, such as exclusive parties or corporate events.<\/p>\n<p>It is recommended to be served well chilled as such, in shots or in cocktails with white drinks (like The SECRET Vodka Tonic or The SECRET Martini)<\/p>\t\t\t\t\t\t<\/div>\n\t\t\t\t<\/div>\n\t\t\t\t<div class=\"elementor-element elementor-element-aae6254 elementor-widget-divider--view-line elementor-widget elementor-widget-divider\" data-id=\"aae6254\" data-element_type=\"widget\" data-widget_type=\"divider.default\">\n\t\t\t\t<div class=\"elementor-widget-container\">\n\t\t\t\t\t<div class=\"elementor-divider\">\n\t\t\t<span class=\"elementor-divider-separator\">\n\t\t\t\t\t\t<\/span>\n\t\t<\/div>\n\t\t\t\t<\/div>\n\t\t\t\t<\/div>\n\t\t\t\t<div class=\"elementor-element elementor-element-4eee89a elementor-widget elementor-widget-heading\" data-id=\"4eee89a\" data-element_type=\"widget\" data-widget_type=\"heading.default\">\n\t\t\t\t<div class=\"elementor-widget-container\">\n\t\t\t<h4 class=\"elementor-heading-title elementor-size-default\">Range<\/h4>\t\t<\/div>\n\t\t\t\t<\/div>\n\t\t\t\t<div class=\"elementor-element elementor-element-c4e53ba elementor-widget elementor-widget-text-editor\" data-id=\"c4e53ba\" data-element_type=\"widget\" data-widget_type=\"text-editor.default\">\n\t\t\t\t<div class=\"elementor-widget-container\">\n\t\t\t\t\t\t\t<p><b>The SECRET VODKA Blood Orange &#8211;<\/b> 37,5% alc. Vol. \u00a00,7L<\/p><p><strong>T<\/strong><b>he SECRET VODKA Lime<\/b> &#8211; 37,5% alc. Vol. \u00a00,7L<\/p><p><strong>T<\/strong><b>he SECRET VODKA Pomegranate &#8211;<\/b> 37,5% alc. Vol. \u00a00,7L<\/p><p><strong>T<\/strong><b>he SECRET GOLD 23K &#8211; <\/b>40% alc. Vol. \u00a00,7L<\/p>\t\t\t\t\t\t<\/div>\n\t\t\t\t<\/div>\n\t\t\t\t\t<\/div>\n\t\t<\/div>\n\t\t\t\t\t\t\t<\/div>\n\t\t<\/section>\n\t\t\t\t\t\t\t<\/div>\n\t\t","protected":false},"excerpt":{"rendered":"<p>Anterioar\u0103 Urm\u0103toare The SECRET VODKA Blood Orange The SECRET VODKA Lime The SECRET VODKA Pomegranate The SECRET GOLD 23K \u00ab \u00eenapoi The SECRET Vodka Under&hellip;<\/p>\n","protected":false},"author":1,"featured_media":0,"parent":143,"menu_order":0,"comment_status":"closed","ping_status":"closed","template":"","meta":{"footnotes":""},"yoast_head":"<!-- This site is optimized with the Yoast SEO plugin v21.1 - https:\/\/yoast.com\/wordpress\/plugins\/seo\/ -->\n<title>theSecret -<\/title>\n<meta name=\"robots\" content=\"index, follow, max-snippet:-1, max-image-preview:large, max-video-preview:-1\" \/>\n<link rel=\"canonical\" href=\"https:\/\/zarea.ro\/en\/brand-explorer\/vodka\/thesecret\/\" \/>\n<meta property=\"og:locale\" content=\"ro_RO\" \/>\n<meta property=\"og:type\" content=\"article\" \/>\n<meta property=\"og:title\" content=\"theSecret -\" \/>\n<meta property=\"og:description\" content=\"Anterioar\u0103 Urm\u0103toare The SECRET VODKA Blood Orange The SECRET VODKA Lime The SECRET VODKA Pomegranate The SECRET GOLD 23K \u00ab \u00eenapoi The SECRET Vodka Under&hellip;\" \/>\n<meta property=\"og:url\" content=\"https:\/\/zarea.ro\/en\/brand-explorer\/vodka\/thesecret\/\" \/>\n<meta property=\"article:publisher\" content=\"https:\/\/www.facebook.com\/zarearomania\/\" \/>\n<meta property=\"article:modified_time\" content=\"2023-05-17T09:34:25+00:00\" \/>\n<meta property=\"og:image\" content=\"https:\/\/zarea.ro\/en\/wp-content\/uploads\/2023\/05\/ZAREA-the-Secret-PortocaleRosii.jpg\" \/>\n<meta name=\"twitter:card\" content=\"summary_large_image\" \/>\n<meta name=\"twitter:label1\" content=\"Timp estimat pentru citire\" \/>\n\t<meta name=\"twitter:data1\" content=\"3 minute\" \/>\n<script type=\"application\/ld+json\" class=\"yoast-schema-graph\">{\"@context\":\"https:\/\/schema.org\",\"@graph\":[{\"@type\":\"WebPage\",\"@id\":\"https:\/\/zarea.ro\/en\/brand-explorer\/vodka\/thesecret\/\",\"url\":\"https:\/\/zarea.ro\/en\/brand-explorer\/vodka\/thesecret\/\",\"name\":\"theSecret -\",\"isPartOf\":{\"@id\":\"https:\/\/zarea.ro\/en\/#website\"},\"datePublished\":\"2022-10-12T09:46:38+00:00\",\"dateModified\":\"2023-05-17T09:34:25+00:00\",\"breadcrumb\":{\"@id\":\"https:\/\/zarea.ro\/en\/brand-explorer\/vodka\/thesecret\/#breadcrumb\"},\"inLanguage\":\"ro-RO\",\"potentialAction\":[{\"@type\":\"ReadAction\",\"target\":[\"https:\/\/zarea.ro\/en\/brand-explorer\/vodka\/thesecret\/\"]}]},{\"@type\":\"BreadcrumbList\",\"@id\":\"https:\/\/zarea.ro\/en\/brand-explorer\/vodka\/thesecret\/#breadcrumb\",\"itemListElement\":[{\"@type\":\"ListItem\",\"position\":1,\"name\":\"Prima pagin\u0103\",\"item\":\"https:\/\/zarea.ro\/en\/\"},{\"@type\":\"ListItem\",\"position\":2,\"name\":\"Brand Explorer\",\"item\":\"https:\/\/zarea.ro\/en\/brand-explorer\/\"},{\"@type\":\"ListItem\",\"position\":3,\"name\":\"Vodka\",\"item\":\"https:\/\/zarea.ro\/en\/brand-explorer\/vodka\/\"},{\"@type\":\"ListItem\",\"position\":4,\"name\":\"theSecret\"}]},{\"@type\":\"WebSite\",\"@id\":\"https:\/\/zarea.ro\/en\/#website\",\"url\":\"https:\/\/zarea.ro\/en\/\",\"name\":\"ZAREA - branduri de excelen\u021b\u0103 \u00een b\u0103uturi alcoolice\",\"description\":\"ZAREA S.A.\",\"publisher\":{\"@id\":\"https:\/\/zarea.ro\/en\/#organization\"},\"potentialAction\":[{\"@type\":\"SearchAction\",\"target\":{\"@type\":\"EntryPoint\",\"urlTemplate\":\"https:\/\/zarea.ro\/en\/?s={search_term_string}\"},\"query-input\":\"required name=search_term_string\"}],\"inLanguage\":\"ro-RO\"},{\"@type\":\"Organization\",\"@id\":\"https:\/\/zarea.ro\/en\/#organization\",\"name\":\"ZAREA S.A.\",\"url\":\"https:\/\/zarea.ro\/en\/\",\"logo\":{\"@type\":\"ImageObject\",\"inLanguage\":\"ro-RO\",\"@id\":\"https:\/\/zarea.ro\/en\/#\/schema\/logo\/image\/\",\"url\":\"https:\/\/zarea.ro\/en\/wp-content\/uploads\/2019\/11\/logo-zarea-negru.png\",\"contentUrl\":\"https:\/\/zarea.ro\/en\/wp-content\/uploads\/2019\/11\/logo-zarea-negru.png\",\"width\":500,\"height\":500,\"caption\":\"ZAREA S.A.\"},\"image\":{\"@id\":\"https:\/\/zarea.ro\/en\/#\/schema\/logo\/image\/\"},\"sameAs\":[\"https:\/\/www.facebook.com\/zarearomania\/\",\"https:\/\/www.instagram.com\/zarearomania\/\",\"https:\/\/www.youtube.com\/channel\/UCwaAQphIJuwiwtUy2asJ68A\/videos\"]}]}<\/script>\n<!-- \/ Yoast SEO plugin. -->","yoast_head_json":{"title":"theSecret -","robots":{"index":"index","follow":"follow","max-snippet":"max-snippet:-1","max-image-preview":"max-image-preview:large","max-video-preview":"max-video-preview:-1"},"canonical":"https:\/\/zarea.ro\/en\/brand-explorer\/vodka\/thesecret\/","og_locale":"ro_RO","og_type":"article","og_title":"theSecret -","og_description":"Anterioar\u0103 Urm\u0103toare The SECRET VODKA Blood Orange The SECRET VODKA Lime The SECRET VODKA Pomegranate The SECRET GOLD 23K \u00ab \u00eenapoi The SECRET Vodka Under&hellip;","og_url":"https:\/\/zarea.ro\/en\/brand-explorer\/vodka\/thesecret\/","article_publisher":"https:\/\/www.facebook.com\/zarearomania\/","article_modified_time":"2023-05-17T09:34:25+00:00","og_image":[{"url":"https:\/\/zarea.ro\/en\/wp-content\/uploads\/2023\/05\/ZAREA-the-Secret-PortocaleRosii.jpg"}],"twitter_card":"summary_large_image","twitter_misc":{"Timp estimat pentru citire":"3 minute"},"schema":{"@context":"https:\/\/schema.org","@graph":[{"@type":"WebPage","@id":"https:\/\/zarea.ro\/en\/brand-explorer\/vodka\/thesecret\/","url":"https:\/\/zarea.ro\/en\/brand-explorer\/vodka\/thesecret\/","name":"theSecret -","isPartOf":{"@id":"https:\/\/zarea.ro\/en\/#website"},"datePublished":"2022-10-12T09:46:38+00:00","dateModified":"2023-05-17T09:34:25+00:00","breadcrumb":{"@id":"https:\/\/zarea.ro\/en\/brand-explorer\/vodka\/thesecret\/#breadcrumb"},"inLanguage":"ro-RO","potentialAction":[{"@type":"ReadAction","target":["https:\/\/zarea.ro\/en\/brand-explorer\/vodka\/thesecret\/"]}]},{"@type":"BreadcrumbList","@id":"https:\/\/zarea.ro\/en\/brand-explorer\/vodka\/thesecret\/#breadcrumb","itemListElement":[{"@type":"ListItem","position":1,"name":"Prima pagin\u0103","item":"https:\/\/zarea.ro\/en\/"},{"@type":"ListItem","position":2,"name":"Brand Explorer","item":"https:\/\/zarea.ro\/en\/brand-explorer\/"},{"@type":"ListItem","position":3,"name":"Vodka","item":"https:\/\/zarea.ro\/en\/brand-explorer\/vodka\/"},{"@type":"ListItem","position":4,"name":"theSecret"}]},{"@type":"WebSite","@id":"https:\/\/zarea.ro\/en\/#website","url":"https:\/\/zarea.ro\/en\/","name":"ZAREA - branduri de excelen\u021b\u0103 \u00een b\u0103uturi alcoolice","description":"ZAREA S.A.","publisher":{"@id":"https:\/\/zarea.ro\/en\/#organization"},"potentialAction":[{"@type":"SearchAction","target":{"@type":"EntryPoint","urlTemplate":"https:\/\/zarea.ro\/en\/?s={search_term_string}"},"query-input":"required name=search_term_string"}],"inLanguage":"ro-RO"},{"@type":"Organization","@id":"https:\/\/zarea.ro\/en\/#organization","name":"ZAREA S.A.","url":"https:\/\/zarea.ro\/en\/","logo":{"@type":"ImageObject","inLanguage":"ro-RO","@id":"https:\/\/zarea.ro\/en\/#\/schema\/logo\/image\/","url":"https:\/\/zarea.ro\/en\/wp-content\/uploads\/2019\/11\/logo-zarea-negru.png","contentUrl":"https:\/\/zarea.ro\/en\/wp-content\/uploads\/2019\/11\/logo-zarea-negru.png","width":500,"height":500,"caption":"ZAREA S.A."},"image":{"@id":"https:\/\/zarea.ro\/en\/#\/schema\/logo\/image\/"},"sameAs":["https:\/\/www.facebook.com\/zarearomania\/","https:\/\/www.instagram.com\/zarearomania\/","https:\/\/www.youtube.com\/channel\/UCwaAQphIJuwiwtUy2asJ68A\/videos"]}]}},"_links":{"self":[{"href":"https:\/\/zarea.ro\/en\/wp-json\/wp\/v2\/pages\/3062"}],"collection":[{"href":"https:\/\/zarea.ro\/en\/wp-json\/wp\/v2\/pages"}],"about":[{"href":"https:\/\/zarea.ro\/en\/wp-json\/wp\/v2\/types\/page"}],"author":[{"embeddable":true,"href":"https:\/\/zarea.ro\/en\/wp-json\/wp\/v2\/users\/1"}],"replies":[{"embeddable":true,"href":"https:\/\/zarea.ro\/en\/wp-json\/wp\/v2\/comments?post=3062"}],"version-history":[{"count":16,"href":"https:\/\/zarea.ro\/en\/wp-json\/wp\/v2\/pages\/3062\/revisions"}],"predecessor-version":[{"id":3248,"href":"https:\/\/zarea.ro\/en\/wp-json\/wp\/v2\/pages\/3062\/revisions\/3248"}],"up":[{"embeddable":true,"href":"https:\/\/zarea.ro\/en\/wp-json\/wp\/v2\/pages\/143"}],"wp:attachment":[{"href":"https:\/\/zarea.ro\/en\/wp-json\/wp\/v2\/media?parent=3062"}],"curies":[{"name":"wp","href":"https:\/\/api.w.org\/{rel}","templated":true}]}}