{"id":2152,"date":"2019-12-13T12:41:08","date_gmt":"2019-12-13T12:41:08","guid":{"rendered":"https:\/\/zarea.ro\/?page_id=2152"},"modified":"2019-12-18T13:52:00","modified_gmt":"2019-12-18T13:52:00","slug":"cookies-policy","status":"publish","type":"page","link":"https:\/\/zarea.ro\/en\/cookies-policy\/","title":{"rendered":"Politica de Cookies"},"content":{"rendered":"<h2>Cookie Policy<\/h2>\n<p>Please read and understand our privacy policy and cookies as follows. To make sure everything is easy to read, we&#8217;ve included a title and a brief, simple explanation for every aspect.<\/p>\n<h3>Deletion of cookies<\/h3>\n<p>To give you a nice viewing experience on our site, we use small files, called cookies, that we place on your computers. These include, among others, the fact that you have accessed our website and the age you declared you have in order to prevent children from entering a website about alcoholic beverages.<\/p>\n<p style=\"text-align: right;\"><a href=\"https:\/\/www.aboutcookies.org\/\" target=\"_blank\" rel=\"noopener noreferrer\">Learn more about cookies on AboutCookies.org \u00bb<\/a><\/p>\n<p>You can delete all of our cookie data right now using the individual cookie deletion feature that you find in your browser&#8217;s list of options. Please find below some links to instructions in English for some commonly used browsers:<\/p>\n<ul>\n<li><strong><a href=\"https:\/\/support.google.com\/chrome\/answer\/95647?hl=ro\">Google Chrome<\/a><\/strong><\/li>\n<li><a href=\"https:\/\/support.mozilla.org\/ro\/kb\/activarea-si-dezactivarea-cookie-urilor\"><strong>Mozilla Firefox<\/strong><\/a><\/li>\n<\/ul>\n<p>Internet Explorer<\/p>\n<ul>\n<li><a href=\"https:\/\/support.microsoft.com\/en-us\/help\/17442\/windows-internet-explorer-delete-manage-cookies#ie=ie-8\">Internet Explorer 8<\/a><\/li>\n<li><a href=\"https:\/\/support.microsoft.com\/en-us\/help\/17442\/windows-internet-explorer-delete-manage-cookies#ie=ie-9\"> Internet Explorer 9\u00a0<\/a><\/li>\n<li><a href=\"https:\/\/support.microsoft.com\/en-us\/help\/17442\/windows-internet-explorer-delete-manage-cookies#ie=ie-10\">Internet Explorer 10<\/a><\/li>\n<\/ul>\n<p>Other browsers:<\/p>\n<ul>\n<li><a href=\"https:\/\/www.opera.com\/help\/tutorials\/security\/cookies\/\">Opera<\/a><\/li>\n<li><a href=\"https:\/\/support.apple.com\/kb\/PH19214?viewlocale=ro_RO&amp;locale=en_US\">Safari<\/a><\/li>\n<\/ul>\n<p><a href=\"http:\/\/www.youronlinechoices.com\/ro\/\" target=\"_blank\" rel=\"noopener noreferrer\">About your options for online advertising, on YourOnlineChoices \u00bb<\/a><\/p>\n<h2>What kind of cookies do we use?<\/h2>\n<p>A few examples:<br \/>\n\u2022 we place a cookie that verifies that you have declared that you are over 18 years old;<br \/>\n\u2022 we place a cookie that stores your agreement \/ disagreement regarding the placement of cookies, other than the functional ones, on your website;<br \/>\n\u2022 if you agreed with the statistical cookies, we place some such cookies from Google \/ Facebook, which helps us know how many visits our site receives and which pages are most visited;<br \/>\n\u2022 if you have agreed to receive our marketing cookies, we place some of these cookies from Google \/ Facebook, which help us show you advertisements that best suit your tastes.<\/p>\n<p style=\"text-align: left;\"><strong>The full list of our cookies can be found in the tables below.<\/strong><\/p>\n<h2>How long we keep the data<\/h2>\n<p>Some examples:<br \/>\n\u2022 The session cookie expires upon exiting the site.<br \/>\n\u2022 Cookies that check whether a person or a robot accesses the site expire upon leaving the site.<br \/>\n\u2022 The agreement for cookies other than the functional ones is kept for 12 months.<\/p>\n<p><strong>The full list of our cookies can be found in the tables below.<\/strong><\/p>\n<h3>Important! You have control over the way your data is used<\/h3>\n<p>For example, when you visited our site, you accepted that we use cookies. But if you change your mind, you can manage the cookies in your browser and not accept placing them on your computer for future access.<\/p>\n<div class=\"consentDialogPreviewContainer\">\n<div class=\"consentDialogPreviewHeader\">\n<h2>Detailed cookie statement<\/h2>\n<\/div>\n<div class=\"consentDialogPreviewBody\">\n<div class=\"CookieDeclaration\" dir=\"ltr\" lang=\"ro\"><\/div>\n<\/div>\n<\/div>\n<form id=\"AuthForm\" action=\".\/cookies\" method=\"post\">\n<div class=\"aspNetHidden\"><script\n\t\ttype=\"text\/javascript\"\n\t\tid=\"CookieDeclaration\"\n\t\tsrc=\"https:\/\/consent.cookiebot.com\/a41da3d4-038c-4d2f-b182-1818d2a9211b\/cd.js\"\n\t\t\t\t\tdata-culture=\"EN\"\n\t\t\t\tasync><\/script>\n<\/div>\n<\/form>\n<p><a href=\"javascript: Cookiebot.renew()\">Change here your cookie preferences<\/a><\/p>\n","protected":false},"excerpt":{"rendered":"<p>Cookie Policy Please read and understand our privacy policy and cookies as follows. To make sure everything is easy to read, we&#8217;ve included a title&hellip;<\/p>\n","protected":false},"author":1,"featured_media":0,"parent":0,"menu_order":0,"comment_status":"closed","ping_status":"closed","template":"wb-single-post.php","meta":{"footnotes":""},"yoast_head":"<!-- This site is optimized with the Yoast SEO plugin v21.1 - https:\/\/yoast.com\/wordpress\/plugins\/seo\/ -->\n<title>Politica de Cookies -<\/title>\n<meta name=\"robots\" content=\"index, follow, max-snippet:-1, max-image-preview:large, max-video-preview:-1\" \/>\n<link rel=\"canonical\" href=\"https:\/\/zarea.ro\/en\/cookies-policy\/\" \/>\n<meta property=\"og:locale\" content=\"ro_RO\" \/>\n<meta property=\"og:type\" content=\"article\" \/>\n<meta property=\"og:title\" content=\"Politica de Cookies -\" \/>\n<meta property=\"og:description\" content=\"Cookie Policy Please read and understand our privacy policy and cookies as follows. To make sure everything is easy to read, we&#8217;ve included a title&hellip;\" \/>\n<meta property=\"og:url\" content=\"https:\/\/zarea.ro\/en\/cookies-policy\/\" \/>\n<meta property=\"article:publisher\" content=\"https:\/\/www.facebook.com\/zarearomania\/\" \/>\n<meta property=\"article:modified_time\" content=\"2019-12-18T13:52:00+00:00\" \/>\n<meta name=\"twitter:card\" content=\"summary_large_image\" \/>\n<meta name=\"twitter:label1\" content=\"Timp estimat pentru citire\" \/>\n\t<meta name=\"twitter:data1\" content=\"2 minute\" \/>\n<script type=\"application\/ld+json\" class=\"yoast-schema-graph\">{\"@context\":\"https:\/\/schema.org\",\"@graph\":[{\"@type\":\"WebPage\",\"@id\":\"https:\/\/zarea.ro\/en\/cookies-policy\/\",\"url\":\"https:\/\/zarea.ro\/en\/cookies-policy\/\",\"name\":\"Politica de Cookies -\",\"isPartOf\":{\"@id\":\"https:\/\/zarea.ro\/en\/#website\"},\"datePublished\":\"2019-12-13T12:41:08+00:00\",\"dateModified\":\"2019-12-18T13:52:00+00:00\",\"breadcrumb\":{\"@id\":\"https:\/\/zarea.ro\/en\/cookies-policy\/#breadcrumb\"},\"inLanguage\":\"ro-RO\",\"potentialAction\":[{\"@type\":\"ReadAction\",\"target\":[\"https:\/\/zarea.ro\/en\/cookies-policy\/\"]}]},{\"@type\":\"BreadcrumbList\",\"@id\":\"https:\/\/zarea.ro\/en\/cookies-policy\/#breadcrumb\",\"itemListElement\":[{\"@type\":\"ListItem\",\"position\":1,\"name\":\"Prima pagin\u0103\",\"item\":\"https:\/\/zarea.ro\/en\/\"},{\"@type\":\"ListItem\",\"position\":2,\"name\":\"Politica de Cookies\"}]},{\"@type\":\"WebSite\",\"@id\":\"https:\/\/zarea.ro\/en\/#website\",\"url\":\"https:\/\/zarea.ro\/en\/\",\"name\":\"ZAREA - branduri de excelen\u021b\u0103 \u00een b\u0103uturi alcoolice\",\"description\":\"ZAREA S.A.\",\"publisher\":{\"@id\":\"https:\/\/zarea.ro\/en\/#organization\"},\"potentialAction\":[{\"@type\":\"SearchAction\",\"target\":{\"@type\":\"EntryPoint\",\"urlTemplate\":\"https:\/\/zarea.ro\/en\/?s={search_term_string}\"},\"query-input\":\"required name=search_term_string\"}],\"inLanguage\":\"ro-RO\"},{\"@type\":\"Organization\",\"@id\":\"https:\/\/zarea.ro\/en\/#organization\",\"name\":\"ZAREA S.A.\",\"url\":\"https:\/\/zarea.ro\/en\/\",\"logo\":{\"@type\":\"ImageObject\",\"inLanguage\":\"ro-RO\",\"@id\":\"https:\/\/zarea.ro\/en\/#\/schema\/logo\/image\/\",\"url\":\"https:\/\/zarea.ro\/en\/wp-content\/uploads\/2019\/11\/logo-zarea-negru.png\",\"contentUrl\":\"https:\/\/zarea.ro\/en\/wp-content\/uploads\/2019\/11\/logo-zarea-negru.png\",\"width\":500,\"height\":500,\"caption\":\"ZAREA S.A.\"},\"image\":{\"@id\":\"https:\/\/zarea.ro\/en\/#\/schema\/logo\/image\/\"},\"sameAs\":[\"https:\/\/www.facebook.com\/zarearomania\/\",\"https:\/\/www.instagram.com\/zarearomania\/\",\"https:\/\/www.youtube.com\/channel\/UCwaAQphIJuwiwtUy2asJ68A\/videos\"]}]}<\/script>\n<!-- \/ Yoast SEO plugin. -->","yoast_head_json":{"title":"Politica de Cookies -","robots":{"index":"index","follow":"follow","max-snippet":"max-snippet:-1","max-image-preview":"max-image-preview:large","max-video-preview":"max-video-preview:-1"},"canonical":"https:\/\/zarea.ro\/en\/cookies-policy\/","og_locale":"ro_RO","og_type":"article","og_title":"Politica de Cookies -","og_description":"Cookie Policy Please read and understand our privacy policy and cookies as follows. To make sure everything is easy to read, we&#8217;ve included a title&hellip;","og_url":"https:\/\/zarea.ro\/en\/cookies-policy\/","article_publisher":"https:\/\/www.facebook.com\/zarearomania\/","article_modified_time":"2019-12-18T13:52:00+00:00","twitter_card":"summary_large_image","twitter_misc":{"Timp estimat pentru citire":"2 minute"},"schema":{"@context":"https:\/\/schema.org","@graph":[{"@type":"WebPage","@id":"https:\/\/zarea.ro\/en\/cookies-policy\/","url":"https:\/\/zarea.ro\/en\/cookies-policy\/","name":"Politica de Cookies -","isPartOf":{"@id":"https:\/\/zarea.ro\/en\/#website"},"datePublished":"2019-12-13T12:41:08+00:00","dateModified":"2019-12-18T13:52:00+00:00","breadcrumb":{"@id":"https:\/\/zarea.ro\/en\/cookies-policy\/#breadcrumb"},"inLanguage":"ro-RO","potentialAction":[{"@type":"ReadAction","target":["https:\/\/zarea.ro\/en\/cookies-policy\/"]}]},{"@type":"BreadcrumbList","@id":"https:\/\/zarea.ro\/en\/cookies-policy\/#breadcrumb","itemListElement":[{"@type":"ListItem","position":1,"name":"Prima pagin\u0103","item":"https:\/\/zarea.ro\/en\/"},{"@type":"ListItem","position":2,"name":"Politica de Cookies"}]},{"@type":"WebSite","@id":"https:\/\/zarea.ro\/en\/#website","url":"https:\/\/zarea.ro\/en\/","name":"ZAREA - branduri de excelen\u021b\u0103 \u00een b\u0103uturi alcoolice","description":"ZAREA S.A.","publisher":{"@id":"https:\/\/zarea.ro\/en\/#organization"},"potentialAction":[{"@type":"SearchAction","target":{"@type":"EntryPoint","urlTemplate":"https:\/\/zarea.ro\/en\/?s={search_term_string}"},"query-input":"required name=search_term_string"}],"inLanguage":"ro-RO"},{"@type":"Organization","@id":"https:\/\/zarea.ro\/en\/#organization","name":"ZAREA S.A.","url":"https:\/\/zarea.ro\/en\/","logo":{"@type":"ImageObject","inLanguage":"ro-RO","@id":"https:\/\/zarea.ro\/en\/#\/schema\/logo\/image\/","url":"https:\/\/zarea.ro\/en\/wp-content\/uploads\/2019\/11\/logo-zarea-negru.png","contentUrl":"https:\/\/zarea.ro\/en\/wp-content\/uploads\/2019\/11\/logo-zarea-negru.png","width":500,"height":500,"caption":"ZAREA S.A."},"image":{"@id":"https:\/\/zarea.ro\/en\/#\/schema\/logo\/image\/"},"sameAs":["https:\/\/www.facebook.com\/zarearomania\/","https:\/\/www.instagram.com\/zarearomania\/","https:\/\/www.youtube.com\/channel\/UCwaAQphIJuwiwtUy2asJ68A\/videos"]}]}},"_links":{"self":[{"href":"https:\/\/zarea.ro\/en\/wp-json\/wp\/v2\/pages\/2152"}],"collection":[{"href":"https:\/\/zarea.ro\/en\/wp-json\/wp\/v2\/pages"}],"about":[{"href":"https:\/\/zarea.ro\/en\/wp-json\/wp\/v2\/types\/page"}],"author":[{"embeddable":true,"href":"https:\/\/zarea.ro\/en\/wp-json\/wp\/v2\/users\/1"}],"replies":[{"embeddable":true,"href":"https:\/\/zarea.ro\/en\/wp-json\/wp\/v2\/comments?post=2152"}],"version-history":[{"count":11,"href":"https:\/\/zarea.ro\/en\/wp-json\/wp\/v2\/pages\/2152\/revisions"}],"predecessor-version":[{"id":2362,"href":"https:\/\/zarea.ro\/en\/wp-json\/wp\/v2\/pages\/2152\/revisions\/2362"}],"wp:attachment":[{"href":"https:\/\/zarea.ro\/en\/wp-json\/wp\/v2\/media?parent=2152"}],"curies":[{"name":"wp","href":"https:\/\/api.w.org\/{rel}","templated":true}]}}