{"id":201,"date":"2019-11-29T15:50:14","date_gmt":"2019-11-29T15:50:14","guid":{"rendered":"https:\/\/zarea.ro\/?page_id=201"},"modified":"2019-12-17T08:37:50","modified_gmt":"2019-12-17T08:37:50","slug":"careers","status":"publish","type":"page","link":"https:\/\/zarea.ro\/en\/who-we-are\/careers\/","title":{"rendered":"Careers"},"content":{"rendered":"\t\t<div data-elementor-type=\"wp-page\" data-elementor-id=\"201\" class=\"elementor elementor-201\">\n\t\t\t\t\t\t\t\t\t<section class=\"elementor-section elementor-top-section elementor-element elementor-element-a7ccf5c elementor-section-stretched elementor-section-boxed elementor-section-height-default elementor-section-height-default\" data-id=\"a7ccf5c\" data-element_type=\"section\" data-settings=\"{&quot;stretch_section&quot;:&quot;section-stretched&quot;,&quot;background_background&quot;:&quot;classic&quot;}\">\n\t\t\t\t\t\t<div class=\"elementor-container elementor-column-gap-default\">\n\t\t\t\t\t<div class=\"elementor-column elementor-col-100 elementor-top-column elementor-element elementor-element-86d91c2\" data-id=\"86d91c2\" data-element_type=\"column\">\n\t\t\t<div class=\"elementor-widget-wrap elementor-element-populated\">\n\t\t\t\t\t\t\t\t<div class=\"elementor-element elementor-element-d80950a elementor-widget elementor-widget-spacer\" data-id=\"d80950a\" data-element_type=\"widget\" data-widget_type=\"spacer.default\">\n\t\t\t\t<div class=\"elementor-widget-container\">\n\t\t\t\t\t<div class=\"elementor-spacer\">\n\t\t\t<div class=\"elementor-spacer-inner\"><\/div>\n\t\t<\/div>\n\t\t\t\t<\/div>\n\t\t\t\t<\/div>\n\t\t\t\t<div class=\"elementor-element elementor-element-fc2b2b3 elementor-widget elementor-widget-heading\" data-id=\"fc2b2b3\" data-element_type=\"widget\" data-widget_type=\"heading.default\">\n\t\t\t\t<div class=\"elementor-widget-container\">\n\t\t\t<h2 class=\"elementor-heading-title elementor-size-default\">Cariere<\/h2>\t\t<\/div>\n\t\t\t\t<\/div>\n\t\t\t\t<section class=\"elementor-section elementor-inner-section elementor-element elementor-element-5c31c46 elementor-section-boxed elementor-section-height-default elementor-section-height-default\" data-id=\"5c31c46\" data-element_type=\"section\">\n\t\t\t\t\t\t<div class=\"elementor-container elementor-column-gap-default\">\n\t\t\t\t\t<div class=\"elementor-column elementor-col-50 elementor-inner-column elementor-element elementor-element-633e170\" data-id=\"633e170\" data-element_type=\"column\">\n\t\t\t<div class=\"elementor-widget-wrap elementor-element-populated\">\n\t\t\t\t\t\t\t\t<div class=\"elementor-element elementor-element-2491506 elementor-widget elementor-widget-text-editor\" data-id=\"2491506\" data-element_type=\"widget\" data-widget_type=\"text-editor.default\">\n\t\t\t\t<div class=\"elementor-widget-container\">\n\t\t\t\t\t\t\t<p><strong>Calitatea oamenilor este cea care vorbe\u0219te despre calitatea unei companii \u0219i \u00eei define\u0219te cultura.<\/strong><\/p><p>Tradi\u021bia \u0219i experien\u021ba sunt valorile pe care noi le-am ales s\u0103 reprezinte \u0219i s\u0103 defineasc\u0103 pentru noi calitatea: calitatea obiectivelor pe care ni le propunem, calitatea rezultatelor pe care dorim s\u0103 le atingem, dar mai ales calitatea \u0219i profesionalismul oamenilor al\u0103turi de care lucr\u0103m.<\/p><p><strong>V\u0103 invit\u0103m s\u0103 vizita\u021bi periodic site-ul nostru, pentru a vedea ultimele posturi vacante din cadrul companiei.<\/strong><\/p><p>Dac\u0103 dori\u021bi s\u0103 aplica\u021bi pentru unul din posturile vacante sau s\u0103 intra\u021bi \u00een baza noastr\u0103 de date, v\u0103 rug\u0103m s\u0103 ne trimite\u021bi CV-ul dvs., \u00eenso\u021bit de o scrisoare de inten\u021bie \u00een care specifica\u021bi pozi\u021bia (pozi\u021biile) de care sunte\u021bi interesat.<\/p>\t\t\t\t\t\t<\/div>\n\t\t\t\t<\/div>\n\t\t\t\t\t<\/div>\n\t\t<\/div>\n\t\t\t\t<div class=\"elementor-column elementor-col-50 elementor-inner-column elementor-element elementor-element-3a604ba\" data-id=\"3a604ba\" data-element_type=\"column\">\n\t\t\t<div class=\"elementor-widget-wrap elementor-element-populated\">\n\t\t\t\t\t\t\t\t<div class=\"elementor-element elementor-element-55b125b elementor-widget elementor-widget-image\" data-id=\"55b125b\" data-element_type=\"widget\" data-widget_type=\"image.default\">\n\t\t\t\t<div class=\"elementor-widget-container\">\n\t\t\t\t\t\t\t\t\t\t\t\t\t\t\t<img decoding=\"async\" loading=\"lazy\" width=\"843\" height=\"562\" src=\"https:\/\/zarea.ro\/en\/wp-content\/uploads\/2019\/12\/echipa-zarea-cariere-1024x683.jpg\" class=\"attachment-large size-large wp-image-1913\" alt=\"\" srcset=\"https:\/\/zarea.ro\/en\/wp-content\/uploads\/2019\/12\/echipa-zarea-cariere-1024x683.jpg 1024w, https:\/\/zarea.ro\/en\/wp-content\/uploads\/2019\/12\/echipa-zarea-cariere-300x200.jpg 300w, https:\/\/zarea.ro\/en\/wp-content\/uploads\/2019\/12\/echipa-zarea-cariere-768x512.jpg 768w, https:\/\/zarea.ro\/en\/wp-content\/uploads\/2019\/12\/echipa-zarea-cariere-1536x1024.jpg 1536w, https:\/\/zarea.ro\/en\/wp-content\/uploads\/2019\/12\/echipa-zarea-cariere.jpg 1843w\" sizes=\"(max-width: 843px) 100vw, 843px\" \/>\t\t\t\t\t\t\t\t\t\t\t\t\t\t\t<\/div>\n\t\t\t\t<\/div>\n\t\t\t\t\t<\/div>\n\t\t<\/div>\n\t\t\t\t\t\t\t<\/div>\n\t\t<\/section>\n\t\t\t\t<div class=\"elementor-element elementor-element-ae90900 elementor-widget elementor-widget-text-editor\" data-id=\"ae90900\" data-element_type=\"widget\" data-widget_type=\"text-editor.default\">\n\t\t\t\t<div class=\"elementor-widget-container\">\n\t\t\t\t\t\t\t<p><strong>Aplica\u021bia dvs. poate fi trimis\u0103 la:\u00a0 <\/strong>Adresa: Bdul Bucure\u0219tii Noi, nr.176, sect.1 , Bucure\u0219ti\u00a0 |\u00a0 E-mail: <a href=\"mailto:resurseumane@zarea.ro\">resurseumane@zarea.ro<\/a> \u00a0 |\u00a0 Fax: (+40) 21 668 58 00<\/p>\t\t\t\t\t\t<\/div>\n\t\t\t\t<\/div>\n\t\t\t\t<div class=\"elementor-element elementor-element-862cce0 elementor-widget-divider--view-line elementor-widget elementor-widget-divider\" data-id=\"862cce0\" data-element_type=\"widget\" data-widget_type=\"divider.default\">\n\t\t\t\t<div class=\"elementor-widget-container\">\n\t\t\t\t\t<div class=\"elementor-divider\">\n\t\t\t<span class=\"elementor-divider-separator\">\n\t\t\t\t\t\t<\/span>\n\t\t<\/div>\n\t\t\t\t<\/div>\n\t\t\t\t<\/div>\n\t\t\t\t<div class=\"elementor-element elementor-element-317f7fe elementor-widget elementor-widget-text-editor\" data-id=\"317f7fe\" data-element_type=\"widget\" data-widget_type=\"text-editor.default\">\n\t\t\t\t<div class=\"elementor-widget-container\">\n\t\t\t\t\t\t\t<h4><strong>ANGAJ\u0102M<\/strong><\/h4><p>Angaj\u0103m urgent MERCHENDISERI pentru BUCURE\u0218TI \u00een cadrul departamentului v\u00e2nz\u0103ri pentru mercantizarea produselor \u00een re\u021belele interna\u021bionale. <br \/>Trimite-ne CV pe adresa de mail: <a href=\"mailto:resurseumane@zarea.ro\">resurseumane@zarea.ro<\/a> \u0219i vei fi contactat pentru interviu.<\/p><p>Pentru rela\u021bii suplimentare tel.: 021.667.00.20;<\/p><p><strong>Te a\u0219tept\u0103m s\u0103 te al\u0103turi unei echipe profesioniste de v\u00e2nz\u0103ri!<\/strong><\/p>\t\t\t\t\t\t<\/div>\n\t\t\t\t<\/div>\n\t\t\t\t\t<\/div>\n\t\t<\/div>\n\t\t\t\t\t\t\t<\/div>\n\t\t<\/section>\n\t\t\t\t\t\t\t<\/div>\n\t\t","protected":false},"excerpt":{"rendered":"<p>Cariere Calitatea oamenilor este cea care vorbe\u0219te despre calitatea unei companii \u0219i \u00eei define\u0219te cultura. Tradi\u021bia \u0219i experien\u021ba sunt valorile pe care noi le-am ales&hellip;<\/p>\n","protected":false},"author":1,"featured_media":0,"parent":36,"menu_order":0,"comment_status":"closed","ping_status":"closed","template":"","meta":{"footnotes":""},"yoast_head":"<!-- This site is optimized with the Yoast SEO plugin v21.1 - https:\/\/yoast.com\/wordpress\/plugins\/seo\/ -->\n<title>Careers -<\/title>\n<meta name=\"robots\" content=\"index, follow, max-snippet:-1, max-image-preview:large, max-video-preview:-1\" \/>\n<link rel=\"canonical\" href=\"https:\/\/zarea.ro\/en\/who-we-are\/careers\/\" \/>\n<meta property=\"og:locale\" content=\"ro_RO\" \/>\n<meta property=\"og:type\" content=\"article\" \/>\n<meta property=\"og:title\" content=\"Careers -\" \/>\n<meta property=\"og:description\" content=\"Cariere Calitatea oamenilor este cea care vorbe\u0219te despre calitatea unei companii \u0219i \u00eei define\u0219te cultura. Tradi\u021bia \u0219i experien\u021ba sunt valorile pe care noi le-am ales&hellip;\" \/>\n<meta property=\"og:url\" content=\"https:\/\/zarea.ro\/en\/who-we-are\/careers\/\" \/>\n<meta property=\"article:publisher\" content=\"https:\/\/www.facebook.com\/zarearomania\/\" \/>\n<meta property=\"article:modified_time\" content=\"2019-12-17T08:37:50+00:00\" \/>\n<meta property=\"og:image\" content=\"https:\/\/zarea.ro\/wp-content\/uploads\/2019\/12\/echipa-zarea-cariere-1024x683.jpg\" \/>\n<meta name=\"twitter:card\" content=\"summary_large_image\" \/>\n<meta name=\"twitter:label1\" content=\"Timp estimat pentru citire\" \/>\n\t<meta name=\"twitter:data1\" content=\"1 minut\" \/>\n<script type=\"application\/ld+json\" class=\"yoast-schema-graph\">{\"@context\":\"https:\/\/schema.org\",\"@graph\":[{\"@type\":\"WebPage\",\"@id\":\"https:\/\/zarea.ro\/en\/who-we-are\/careers\/\",\"url\":\"https:\/\/zarea.ro\/en\/who-we-are\/careers\/\",\"name\":\"Careers -\",\"isPartOf\":{\"@id\":\"https:\/\/zarea.ro\/en\/#website\"},\"datePublished\":\"2019-11-29T15:50:14+00:00\",\"dateModified\":\"2019-12-17T08:37:50+00:00\",\"breadcrumb\":{\"@id\":\"https:\/\/zarea.ro\/en\/who-we-are\/careers\/#breadcrumb\"},\"inLanguage\":\"ro-RO\",\"potentialAction\":[{\"@type\":\"ReadAction\",\"target\":[\"https:\/\/zarea.ro\/en\/who-we-are\/careers\/\"]}]},{\"@type\":\"BreadcrumbList\",\"@id\":\"https:\/\/zarea.ro\/en\/who-we-are\/careers\/#breadcrumb\",\"itemListElement\":[{\"@type\":\"ListItem\",\"position\":1,\"name\":\"Prima pagin\u0103\",\"item\":\"https:\/\/zarea.ro\/en\/\"},{\"@type\":\"ListItem\",\"position\":2,\"name\":\"Who we are\",\"item\":\"https:\/\/zarea.ro\/en\/who-we-are\/\"},{\"@type\":\"ListItem\",\"position\":3,\"name\":\"Careers\"}]},{\"@type\":\"WebSite\",\"@id\":\"https:\/\/zarea.ro\/en\/#website\",\"url\":\"https:\/\/zarea.ro\/en\/\",\"name\":\"ZAREA - branduri de excelen\u021b\u0103 \u00een b\u0103uturi alcoolice\",\"description\":\"ZAREA S.A.\",\"publisher\":{\"@id\":\"https:\/\/zarea.ro\/en\/#organization\"},\"potentialAction\":[{\"@type\":\"SearchAction\",\"target\":{\"@type\":\"EntryPoint\",\"urlTemplate\":\"https:\/\/zarea.ro\/en\/?s={search_term_string}\"},\"query-input\":\"required name=search_term_string\"}],\"inLanguage\":\"ro-RO\"},{\"@type\":\"Organization\",\"@id\":\"https:\/\/zarea.ro\/en\/#organization\",\"name\":\"ZAREA S.A.\",\"url\":\"https:\/\/zarea.ro\/en\/\",\"logo\":{\"@type\":\"ImageObject\",\"inLanguage\":\"ro-RO\",\"@id\":\"https:\/\/zarea.ro\/en\/#\/schema\/logo\/image\/\",\"url\":\"https:\/\/zarea.ro\/en\/wp-content\/uploads\/2019\/11\/logo-zarea-negru.png\",\"contentUrl\":\"https:\/\/zarea.ro\/en\/wp-content\/uploads\/2019\/11\/logo-zarea-negru.png\",\"width\":500,\"height\":500,\"caption\":\"ZAREA S.A.\"},\"image\":{\"@id\":\"https:\/\/zarea.ro\/en\/#\/schema\/logo\/image\/\"},\"sameAs\":[\"https:\/\/www.facebook.com\/zarearomania\/\",\"https:\/\/www.instagram.com\/zarearomania\/\",\"https:\/\/www.youtube.com\/channel\/UCwaAQphIJuwiwtUy2asJ68A\/videos\"]}]}<\/script>\n<!-- \/ Yoast SEO plugin. -->","yoast_head_json":{"title":"Careers -","robots":{"index":"index","follow":"follow","max-snippet":"max-snippet:-1","max-image-preview":"max-image-preview:large","max-video-preview":"max-video-preview:-1"},"canonical":"https:\/\/zarea.ro\/en\/who-we-are\/careers\/","og_locale":"ro_RO","og_type":"article","og_title":"Careers -","og_description":"Cariere Calitatea oamenilor este cea care vorbe\u0219te despre calitatea unei companii \u0219i \u00eei define\u0219te cultura. Tradi\u021bia \u0219i experien\u021ba sunt valorile pe care noi le-am ales&hellip;","og_url":"https:\/\/zarea.ro\/en\/who-we-are\/careers\/","article_publisher":"https:\/\/www.facebook.com\/zarearomania\/","article_modified_time":"2019-12-17T08:37:50+00:00","og_image":[{"url":"https:\/\/zarea.ro\/wp-content\/uploads\/2019\/12\/echipa-zarea-cariere-1024x683.jpg"}],"twitter_card":"summary_large_image","twitter_misc":{"Timp estimat pentru citire":"1 minut"},"schema":{"@context":"https:\/\/schema.org","@graph":[{"@type":"WebPage","@id":"https:\/\/zarea.ro\/en\/who-we-are\/careers\/","url":"https:\/\/zarea.ro\/en\/who-we-are\/careers\/","name":"Careers -","isPartOf":{"@id":"https:\/\/zarea.ro\/en\/#website"},"datePublished":"2019-11-29T15:50:14+00:00","dateModified":"2019-12-17T08:37:50+00:00","breadcrumb":{"@id":"https:\/\/zarea.ro\/en\/who-we-are\/careers\/#breadcrumb"},"inLanguage":"ro-RO","potentialAction":[{"@type":"ReadAction","target":["https:\/\/zarea.ro\/en\/who-we-are\/careers\/"]}]},{"@type":"BreadcrumbList","@id":"https:\/\/zarea.ro\/en\/who-we-are\/careers\/#breadcrumb","itemListElement":[{"@type":"ListItem","position":1,"name":"Prima pagin\u0103","item":"https:\/\/zarea.ro\/en\/"},{"@type":"ListItem","position":2,"name":"Who we are","item":"https:\/\/zarea.ro\/en\/who-we-are\/"},{"@type":"ListItem","position":3,"name":"Careers"}]},{"@type":"WebSite","@id":"https:\/\/zarea.ro\/en\/#website","url":"https:\/\/zarea.ro\/en\/","name":"ZAREA - branduri de excelen\u021b\u0103 \u00een b\u0103uturi alcoolice","description":"ZAREA S.A.","publisher":{"@id":"https:\/\/zarea.ro\/en\/#organization"},"potentialAction":[{"@type":"SearchAction","target":{"@type":"EntryPoint","urlTemplate":"https:\/\/zarea.ro\/en\/?s={search_term_string}"},"query-input":"required name=search_term_string"}],"inLanguage":"ro-RO"},{"@type":"Organization","@id":"https:\/\/zarea.ro\/en\/#organization","name":"ZAREA S.A.","url":"https:\/\/zarea.ro\/en\/","logo":{"@type":"ImageObject","inLanguage":"ro-RO","@id":"https:\/\/zarea.ro\/en\/#\/schema\/logo\/image\/","url":"https:\/\/zarea.ro\/en\/wp-content\/uploads\/2019\/11\/logo-zarea-negru.png","contentUrl":"https:\/\/zarea.ro\/en\/wp-content\/uploads\/2019\/11\/logo-zarea-negru.png","width":500,"height":500,"caption":"ZAREA S.A."},"image":{"@id":"https:\/\/zarea.ro\/en\/#\/schema\/logo\/image\/"},"sameAs":["https:\/\/www.facebook.com\/zarearomania\/","https:\/\/www.instagram.com\/zarearomania\/","https:\/\/www.youtube.com\/channel\/UCwaAQphIJuwiwtUy2asJ68A\/videos"]}]}},"_links":{"self":[{"href":"https:\/\/zarea.ro\/en\/wp-json\/wp\/v2\/pages\/201"}],"collection":[{"href":"https:\/\/zarea.ro\/en\/wp-json\/wp\/v2\/pages"}],"about":[{"href":"https:\/\/zarea.ro\/en\/wp-json\/wp\/v2\/types\/page"}],"author":[{"embeddable":true,"href":"https:\/\/zarea.ro\/en\/wp-json\/wp\/v2\/users\/1"}],"replies":[{"embeddable":true,"href":"https:\/\/zarea.ro\/en\/wp-json\/wp\/v2\/comments?post=201"}],"version-history":[{"count":13,"href":"https:\/\/zarea.ro\/en\/wp-json\/wp\/v2\/pages\/201\/revisions"}],"predecessor-version":[{"id":2188,"href":"https:\/\/zarea.ro\/en\/wp-json\/wp\/v2\/pages\/201\/revisions\/2188"}],"up":[{"embeddable":true,"href":"https:\/\/zarea.ro\/en\/wp-json\/wp\/v2\/pages\/36"}],"wp:attachment":[{"href":"https:\/\/zarea.ro\/en\/wp-json\/wp\/v2\/media?parent=201"}],"curies":[{"name":"wp","href":"https:\/\/api.w.org\/{rel}","templated":true}]}}