{"id":143,"date":"2019-11-29T13:44:24","date_gmt":"2019-11-29T13:44:24","guid":{"rendered":"https:\/\/zarea.ro\/?page_id=143"},"modified":"2023-05-17T09:28:21","modified_gmt":"2023-05-17T09:28:21","slug":"vodka","status":"publish","type":"page","link":"https:\/\/zarea.ro\/en\/brand-explorer\/vodka\/","title":{"rendered":"Vodka"},"content":{"rendered":"\t\t<div data-elementor-type=\"wp-page\" data-elementor-id=\"143\" class=\"elementor elementor-143\">\n\t\t\t\t\t\t\t\t\t<section class=\"elementor-section elementor-top-section elementor-element elementor-element-5bee653b elementor-section-boxed elementor-section-height-default elementor-section-height-default\" data-id=\"5bee653b\" data-element_type=\"section\">\n\t\t\t\t\t\t<div class=\"elementor-container elementor-column-gap-default\">\n\t\t\t\t\t<div class=\"elementor-column elementor-col-100 elementor-top-column elementor-element elementor-element-5965fc72\" data-id=\"5965fc72\" data-element_type=\"column\">\n\t\t\t<div class=\"elementor-widget-wrap elementor-element-populated\">\n\t\t\t\t\t\t\t\t<div class=\"elementor-element elementor-element-4ce49168 elementor-widget elementor-widget-wp-widget-nav_menu\" data-id=\"4ce49168\" data-element_type=\"widget\" data-widget_type=\"wp-widget-nav_menu.default\">\n\t\t\t\t<div class=\"elementor-widget-container\">\n\t\t\t<div class=\"menu-meniu-brands-container\"><ul id=\"menu-meniu-brands\" class=\"menu\"><li id=\"menu-item-2085\" class=\"menu-item menu-item-type-post_type menu-item-object-page menu-item-2085\"><a href=\"https:\/\/zarea.ro\/en\/brand-explorer\/zarea-all\/\">All<\/a><\/li>\n<li id=\"menu-item-2071\" class=\"menu-item menu-item-type-post_type menu-item-object-page menu-item-2071\"><a href=\"https:\/\/zarea.ro\/en\/brand-explorer\/zarea-sparkling-wine\/\">Sparkling<\/a><\/li>\n<li id=\"menu-item-2068\" class=\"menu-item menu-item-type-post_type menu-item-object-page menu-item-2068\"><a href=\"https:\/\/zarea.ro\/en\/brand-explorer\/cocktail-rtd\/\">Cocktail &#038; RTD<\/a><\/li>\n<li id=\"menu-item-2066\" class=\"menu-item menu-item-type-post_type menu-item-object-page menu-item-2066\"><a href=\"https:\/\/zarea.ro\/en\/brand-explorer\/aperitifs-and-liqueurs\/\">Aperitifs<\/a><\/li>\n<li id=\"menu-item-2069\" class=\"menu-item menu-item-type-post_type menu-item-object-page menu-item-2069\"><a href=\"https:\/\/zarea.ro\/en\/brand-explorer\/still-wines\/\">Still Wines<\/a><\/li>\n<li id=\"menu-item-2070\" class=\"menu-item menu-item-type-post_type menu-item-object-page menu-item-2070\"><a href=\"https:\/\/zarea.ro\/en\/brand-explorer\/wine-spirit\/\">Wines &#038; Spirits<\/a><\/li>\n<li id=\"menu-item-2072\" class=\"menu-item menu-item-type-post_type menu-item-object-page menu-item-2072\"><a href=\"https:\/\/zarea.ro\/en\/brand-explorer\/vodka\/\">Vodka<\/a><\/li>\n<li id=\"menu-item-2067\" class=\"menu-item menu-item-type-post_type menu-item-object-page menu-item-2067\"><a href=\"https:\/\/zarea.ro\/en\/brand-explorer\/non-alcoholic-drinks\/\">Non-alcoholic drinks<\/a><\/li>\n<\/ul><\/div>\t\t<\/div>\n\t\t\t\t<\/div>\n\t\t\t\t\t<\/div>\n\t\t<\/div>\n\t\t\t\t\t\t\t<\/div>\n\t\t<\/section>\n\t\t\t\t<section class=\"elementor-section elementor-top-section elementor-element elementor-element-1f93848d elementor-section-boxed elementor-section-height-default elementor-section-height-default\" data-id=\"1f93848d\" data-element_type=\"section\">\n\t\t\t\t\t\t<div class=\"elementor-container elementor-column-gap-default\">\n\t\t\t\t\t<div class=\"elementor-column elementor-col-100 elementor-top-column elementor-element elementor-element-3ef8ba79\" data-id=\"3ef8ba79\" data-element_type=\"column\">\n\t\t\t<div class=\"elementor-widget-wrap elementor-element-populated\">\n\t\t\t\t\t\t\t\t<div class=\"elementor-element elementor-element-69357b56 elementor-widget elementor-widget-spacer\" data-id=\"69357b56\" data-element_type=\"widget\" data-widget_type=\"spacer.default\">\n\t\t\t\t<div class=\"elementor-widget-container\">\n\t\t\t\t\t<div class=\"elementor-spacer\">\n\t\t\t<div class=\"elementor-spacer-inner\"><\/div>\n\t\t<\/div>\n\t\t\t\t<\/div>\n\t\t\t\t<\/div>\n\t\t\t\t<div class=\"elementor-element elementor-element-7f2bfecb elementor-widget elementor-widget-heading\" data-id=\"7f2bfecb\" data-element_type=\"widget\" data-widget_type=\"heading.default\">\n\t\t\t\t<div class=\"elementor-widget-container\">\n\t\t\t<h2 class=\"elementor-heading-title elementor-size-default\">Vodka<\/h2>\t\t<\/div>\n\t\t\t\t<\/div>\n\t\t\t\t<div class=\"elementor-element elementor-element-5f6451c4 elementor-widget elementor-widget-spacer\" data-id=\"5f6451c4\" data-element_type=\"widget\" data-widget_type=\"spacer.default\">\n\t\t\t\t<div class=\"elementor-widget-container\">\n\t\t\t\t\t<div class=\"elementor-spacer\">\n\t\t\t<div class=\"elementor-spacer-inner\"><\/div>\n\t\t<\/div>\n\t\t\t\t<\/div>\n\t\t\t\t<\/div>\n\t\t\t\t\t<\/div>\n\t\t<\/div>\n\t\t\t\t\t\t\t<\/div>\n\t\t<\/section>\n\t\t\t\t<section class=\"elementor-section elementor-top-section elementor-element elementor-element-7ad6c9cd elementor-section-boxed elementor-section-height-default elementor-section-height-default\" data-id=\"7ad6c9cd\" data-element_type=\"section\">\n\t\t\t\t\t\t<div class=\"elementor-container elementor-column-gap-default\">\n\t\t\t\t\t<div class=\"elementor-column elementor-col-25 elementor-top-column elementor-element elementor-element-322e71d elementor-hidden-desktop elementor-hidden-tablet elementor-hidden-mobile\" data-id=\"322e71d\" data-element_type=\"column\">\n\t\t\t<div class=\"elementor-widget-wrap elementor-element-populated\">\n\t\t\t\t\t\t\t\t<div class=\"elementor-element elementor-element-8015dba elementor-position-top elementor-widget elementor-widget-image-box\" data-id=\"8015dba\" data-element_type=\"widget\" data-widget_type=\"image-box.default\">\n\t\t\t\t<div class=\"elementor-widget-container\">\n\t\t\t<div class=\"elementor-image-box-wrapper\"><figure class=\"elementor-image-box-img\"><a href=\"\/en\/brand-explorer\/vodka\/thesecret\/\"><img decoding=\"async\" src=\"https:\/\/zarea.ro\/en\/wp-content\/uploads\/2022\/10\/logo-ZAREA-the-Secret.png\" title=\"\" alt=\"\" class=\"elementor-animation-grow\" loading=\"lazy\" \/><\/a><\/figure><\/div>\t\t<\/div>\n\t\t\t\t<\/div>\n\t\t\t\t\t<\/div>\n\t\t<\/div>\n\t\t\t\t<div class=\"elementor-column elementor-col-25 elementor-top-column elementor-element elementor-element-cbe5cb6\" data-id=\"cbe5cb6\" data-element_type=\"column\">\n\t\t\t<div class=\"elementor-widget-wrap elementor-element-populated\">\n\t\t\t\t\t\t\t\t<div class=\"elementor-element elementor-element-201459e elementor-position-top elementor-widget elementor-widget-image-box\" data-id=\"201459e\" data-element_type=\"widget\" data-widget_type=\"image-box.default\">\n\t\t\t\t<div class=\"elementor-widget-container\">\n\t\t\t<div class=\"elementor-image-box-wrapper\"><figure class=\"elementor-image-box-img\"><a href=\"\/en\/brand-explorer\/vodka\/thesecret\/\"><img decoding=\"async\" loading=\"lazy\" width=\"300\" height=\"300\" src=\"https:\/\/zarea.ro\/en\/wp-content\/uploads\/2023\/05\/ZAREA-TheSecret-black-2023-300x300.png\" class=\"elementor-animation-grow attachment-medium size-medium wp-image-3229\" alt=\"\" srcset=\"https:\/\/zarea.ro\/en\/wp-content\/uploads\/2023\/05\/ZAREA-TheSecret-black-2023-300x300.png 300w, https:\/\/zarea.ro\/en\/wp-content\/uploads\/2023\/05\/ZAREA-TheSecret-black-2023-1024x1024.png 1024w, https:\/\/zarea.ro\/en\/wp-content\/uploads\/2023\/05\/ZAREA-TheSecret-black-2023-150x150.png 150w, https:\/\/zarea.ro\/en\/wp-content\/uploads\/2023\/05\/ZAREA-TheSecret-black-2023-768x768.png 768w, https:\/\/zarea.ro\/en\/wp-content\/uploads\/2023\/05\/ZAREA-TheSecret-black-2023.png 1200w\" sizes=\"(max-width: 300px) 100vw, 300px\" \/><\/a><\/figure><\/div>\t\t<\/div>\n\t\t\t\t<\/div>\n\t\t\t\t\t<\/div>\n\t\t<\/div>\n\t\t\t\t<div class=\"elementor-column elementor-col-25 elementor-top-column elementor-element elementor-element-5c2ba36\" data-id=\"5c2ba36\" data-element_type=\"column\">\n\t\t\t<div class=\"elementor-widget-wrap elementor-element-populated\">\n\t\t\t\t\t\t\t\t<div class=\"elementor-element elementor-element-67b2043e elementor-position-top elementor-widget elementor-widget-image-box\" data-id=\"67b2043e\" data-element_type=\"widget\" data-widget_type=\"image-box.default\">\n\t\t\t\t<div class=\"elementor-widget-container\">\n\t\t\t<div class=\"elementor-image-box-wrapper\"><figure class=\"elementor-image-box-img\"><a href=\"\/en\/brand-explorer\/vodka\/stalingrad\/\"><img decoding=\"async\" loading=\"lazy\" width=\"300\" height=\"300\" src=\"https:\/\/zarea.ro\/en\/wp-content\/uploads\/2019\/11\/Zarea_logos_1200x1200px_Stalingrad-300x300.png\" class=\"elementor-animation-grow attachment-medium size-medium wp-image-1210\" alt=\"\" srcset=\"https:\/\/zarea.ro\/en\/wp-content\/uploads\/2019\/11\/Zarea_logos_1200x1200px_Stalingrad-300x300.png 300w, https:\/\/zarea.ro\/en\/wp-content\/uploads\/2019\/11\/Zarea_logos_1200x1200px_Stalingrad-1024x1024.png 1024w, https:\/\/zarea.ro\/en\/wp-content\/uploads\/2019\/11\/Zarea_logos_1200x1200px_Stalingrad-150x150.png 150w, https:\/\/zarea.ro\/en\/wp-content\/uploads\/2019\/11\/Zarea_logos_1200x1200px_Stalingrad-768x768.png 768w, https:\/\/zarea.ro\/en\/wp-content\/uploads\/2019\/11\/Zarea_logos_1200x1200px_Stalingrad.png 1200w\" sizes=\"(max-width: 300px) 100vw, 300px\" \/><\/a><\/figure><\/div>\t\t<\/div>\n\t\t\t\t<\/div>\n\t\t\t\t\t<\/div>\n\t\t<\/div>\n\t\t\t\t<div class=\"elementor-column elementor-col-25 elementor-top-column elementor-element elementor-element-480d55d0\" data-id=\"480d55d0\" data-element_type=\"column\">\n\t\t\t<div class=\"elementor-widget-wrap elementor-element-populated\">\n\t\t\t\t\t\t\t\t<div class=\"elementor-element elementor-element-824c547 elementor-position-top elementor-widget elementor-widget-image-box\" data-id=\"824c547\" data-element_type=\"widget\" data-widget_type=\"image-box.default\">\n\t\t\t\t<div class=\"elementor-widget-container\">\n\t\t\t<div class=\"elementor-image-box-wrapper\"><figure class=\"elementor-image-box-img\"><img decoding=\"async\" loading=\"lazy\" width=\"300\" height=\"300\" src=\"https:\/\/zarea.ro\/en\/wp-content\/uploads\/2019\/12\/blank-300x300.png\" class=\"elementor-animation-grow attachment-medium size-medium wp-image-1317\" alt=\"\" srcset=\"https:\/\/zarea.ro\/en\/wp-content\/uploads\/2019\/12\/blank-300x300.png 300w, https:\/\/zarea.ro\/en\/wp-content\/uploads\/2019\/12\/blank-1024x1024.png 1024w, https:\/\/zarea.ro\/en\/wp-content\/uploads\/2019\/12\/blank-150x150.png 150w, https:\/\/zarea.ro\/en\/wp-content\/uploads\/2019\/12\/blank-768x768.png 768w, https:\/\/zarea.ro\/en\/wp-content\/uploads\/2019\/12\/blank.png 1200w\" sizes=\"(max-width: 300px) 100vw, 300px\" \/><\/figure><\/div>\t\t<\/div>\n\t\t\t\t<\/div>\n\t\t\t\t\t<\/div>\n\t\t<\/div>\n\t\t\t\t\t\t\t<\/div>\n\t\t<\/section>\n\t\t\t\t\t\t\t<\/div>\n\t\t","protected":false},"excerpt":{"rendered":"<p>Vodka<\/p>\n","protected":false},"author":1,"featured_media":0,"parent":38,"menu_order":0,"comment_status":"closed","ping_status":"closed","template":"","meta":{"footnotes":""},"yoast_head":"<!-- This site is optimized with the Yoast SEO plugin v21.1 - https:\/\/yoast.com\/wordpress\/plugins\/seo\/ -->\n<title>Vodka -<\/title>\n<meta name=\"robots\" content=\"index, follow, max-snippet:-1, max-image-preview:large, max-video-preview:-1\" \/>\n<link rel=\"canonical\" href=\"https:\/\/zarea.ro\/en\/brand-explorer\/vodka\/\" \/>\n<meta property=\"og:locale\" content=\"ro_RO\" \/>\n<meta property=\"og:type\" content=\"article\" \/>\n<meta property=\"og:title\" content=\"Vodka -\" \/>\n<meta property=\"og:description\" content=\"Vodka\" \/>\n<meta property=\"og:url\" content=\"https:\/\/zarea.ro\/en\/brand-explorer\/vodka\/\" \/>\n<meta property=\"article:publisher\" content=\"https:\/\/www.facebook.com\/zarearomania\/\" \/>\n<meta property=\"article:modified_time\" content=\"2023-05-17T09:28:21+00:00\" \/>\n<meta property=\"og:image\" content=\"https:\/\/zarea.ro\/en\/wp-content\/uploads\/2022\/10\/logo-ZAREA-the-Secret.png\" \/>\n<meta name=\"twitter:card\" content=\"summary_large_image\" \/>\n<meta name=\"twitter:label1\" content=\"Timp estimat pentru citire\" \/>\n\t<meta name=\"twitter:data1\" content=\"1 minut\" \/>\n<script type=\"application\/ld+json\" class=\"yoast-schema-graph\">{\"@context\":\"https:\/\/schema.org\",\"@graph\":[{\"@type\":\"WebPage\",\"@id\":\"https:\/\/zarea.ro\/en\/brand-explorer\/vodka\/\",\"url\":\"https:\/\/zarea.ro\/en\/brand-explorer\/vodka\/\",\"name\":\"Vodka -\",\"isPartOf\":{\"@id\":\"https:\/\/zarea.ro\/en\/#website\"},\"datePublished\":\"2019-11-29T13:44:24+00:00\",\"dateModified\":\"2023-05-17T09:28:21+00:00\",\"breadcrumb\":{\"@id\":\"https:\/\/zarea.ro\/en\/brand-explorer\/vodka\/#breadcrumb\"},\"inLanguage\":\"ro-RO\",\"potentialAction\":[{\"@type\":\"ReadAction\",\"target\":[\"https:\/\/zarea.ro\/en\/brand-explorer\/vodka\/\"]}]},{\"@type\":\"BreadcrumbList\",\"@id\":\"https:\/\/zarea.ro\/en\/brand-explorer\/vodka\/#breadcrumb\",\"itemListElement\":[{\"@type\":\"ListItem\",\"position\":1,\"name\":\"Prima pagin\u0103\",\"item\":\"https:\/\/zarea.ro\/en\/\"},{\"@type\":\"ListItem\",\"position\":2,\"name\":\"Brand Explorer\",\"item\":\"https:\/\/zarea.ro\/en\/brand-explorer\/\"},{\"@type\":\"ListItem\",\"position\":3,\"name\":\"Vodka\"}]},{\"@type\":\"WebSite\",\"@id\":\"https:\/\/zarea.ro\/en\/#website\",\"url\":\"https:\/\/zarea.ro\/en\/\",\"name\":\"ZAREA - branduri de excelen\u021b\u0103 \u00een b\u0103uturi alcoolice\",\"description\":\"ZAREA S.A.\",\"publisher\":{\"@id\":\"https:\/\/zarea.ro\/en\/#organization\"},\"potentialAction\":[{\"@type\":\"SearchAction\",\"target\":{\"@type\":\"EntryPoint\",\"urlTemplate\":\"https:\/\/zarea.ro\/en\/?s={search_term_string}\"},\"query-input\":\"required name=search_term_string\"}],\"inLanguage\":\"ro-RO\"},{\"@type\":\"Organization\",\"@id\":\"https:\/\/zarea.ro\/en\/#organization\",\"name\":\"ZAREA S.A.\",\"url\":\"https:\/\/zarea.ro\/en\/\",\"logo\":{\"@type\":\"ImageObject\",\"inLanguage\":\"ro-RO\",\"@id\":\"https:\/\/zarea.ro\/en\/#\/schema\/logo\/image\/\",\"url\":\"https:\/\/zarea.ro\/en\/wp-content\/uploads\/2019\/11\/logo-zarea-negru.png\",\"contentUrl\":\"https:\/\/zarea.ro\/en\/wp-content\/uploads\/2019\/11\/logo-zarea-negru.png\",\"width\":500,\"height\":500,\"caption\":\"ZAREA S.A.\"},\"image\":{\"@id\":\"https:\/\/zarea.ro\/en\/#\/schema\/logo\/image\/\"},\"sameAs\":[\"https:\/\/www.facebook.com\/zarearomania\/\",\"https:\/\/www.instagram.com\/zarearomania\/\",\"https:\/\/www.youtube.com\/channel\/UCwaAQphIJuwiwtUy2asJ68A\/videos\"]}]}<\/script>\n<!-- \/ Yoast SEO plugin. -->","yoast_head_json":{"title":"Vodka -","robots":{"index":"index","follow":"follow","max-snippet":"max-snippet:-1","max-image-preview":"max-image-preview:large","max-video-preview":"max-video-preview:-1"},"canonical":"https:\/\/zarea.ro\/en\/brand-explorer\/vodka\/","og_locale":"ro_RO","og_type":"article","og_title":"Vodka -","og_description":"Vodka","og_url":"https:\/\/zarea.ro\/en\/brand-explorer\/vodka\/","article_publisher":"https:\/\/www.facebook.com\/zarearomania\/","article_modified_time":"2023-05-17T09:28:21+00:00","og_image":[{"url":"https:\/\/zarea.ro\/en\/wp-content\/uploads\/2022\/10\/logo-ZAREA-the-Secret.png"}],"twitter_card":"summary_large_image","twitter_misc":{"Timp estimat pentru citire":"1 minut"},"schema":{"@context":"https:\/\/schema.org","@graph":[{"@type":"WebPage","@id":"https:\/\/zarea.ro\/en\/brand-explorer\/vodka\/","url":"https:\/\/zarea.ro\/en\/brand-explorer\/vodka\/","name":"Vodka -","isPartOf":{"@id":"https:\/\/zarea.ro\/en\/#website"},"datePublished":"2019-11-29T13:44:24+00:00","dateModified":"2023-05-17T09:28:21+00:00","breadcrumb":{"@id":"https:\/\/zarea.ro\/en\/brand-explorer\/vodka\/#breadcrumb"},"inLanguage":"ro-RO","potentialAction":[{"@type":"ReadAction","target":["https:\/\/zarea.ro\/en\/brand-explorer\/vodka\/"]}]},{"@type":"BreadcrumbList","@id":"https:\/\/zarea.ro\/en\/brand-explorer\/vodka\/#breadcrumb","itemListElement":[{"@type":"ListItem","position":1,"name":"Prima pagin\u0103","item":"https:\/\/zarea.ro\/en\/"},{"@type":"ListItem","position":2,"name":"Brand Explorer","item":"https:\/\/zarea.ro\/en\/brand-explorer\/"},{"@type":"ListItem","position":3,"name":"Vodka"}]},{"@type":"WebSite","@id":"https:\/\/zarea.ro\/en\/#website","url":"https:\/\/zarea.ro\/en\/","name":"ZAREA - branduri de excelen\u021b\u0103 \u00een b\u0103uturi alcoolice","description":"ZAREA S.A.","publisher":{"@id":"https:\/\/zarea.ro\/en\/#organization"},"potentialAction":[{"@type":"SearchAction","target":{"@type":"EntryPoint","urlTemplate":"https:\/\/zarea.ro\/en\/?s={search_term_string}"},"query-input":"required name=search_term_string"}],"inLanguage":"ro-RO"},{"@type":"Organization","@id":"https:\/\/zarea.ro\/en\/#organization","name":"ZAREA S.A.","url":"https:\/\/zarea.ro\/en\/","logo":{"@type":"ImageObject","inLanguage":"ro-RO","@id":"https:\/\/zarea.ro\/en\/#\/schema\/logo\/image\/","url":"https:\/\/zarea.ro\/en\/wp-content\/uploads\/2019\/11\/logo-zarea-negru.png","contentUrl":"https:\/\/zarea.ro\/en\/wp-content\/uploads\/2019\/11\/logo-zarea-negru.png","width":500,"height":500,"caption":"ZAREA S.A."},"image":{"@id":"https:\/\/zarea.ro\/en\/#\/schema\/logo\/image\/"},"sameAs":["https:\/\/www.facebook.com\/zarearomania\/","https:\/\/www.instagram.com\/zarearomania\/","https:\/\/www.youtube.com\/channel\/UCwaAQphIJuwiwtUy2asJ68A\/videos"]}]}},"_links":{"self":[{"href":"https:\/\/zarea.ro\/en\/wp-json\/wp\/v2\/pages\/143"}],"collection":[{"href":"https:\/\/zarea.ro\/en\/wp-json\/wp\/v2\/pages"}],"about":[{"href":"https:\/\/zarea.ro\/en\/wp-json\/wp\/v2\/types\/page"}],"author":[{"embeddable":true,"href":"https:\/\/zarea.ro\/en\/wp-json\/wp\/v2\/users\/1"}],"replies":[{"embeddable":true,"href":"https:\/\/zarea.ro\/en\/wp-json\/wp\/v2\/comments?post=143"}],"version-history":[{"count":12,"href":"https:\/\/zarea.ro\/en\/wp-json\/wp\/v2\/pages\/143\/revisions"}],"predecessor-version":[{"id":3238,"href":"https:\/\/zarea.ro\/en\/wp-json\/wp\/v2\/pages\/143\/revisions\/3238"}],"up":[{"embeddable":true,"href":"https:\/\/zarea.ro\/en\/wp-json\/wp\/v2\/pages\/38"}],"wp:attachment":[{"href":"https:\/\/zarea.ro\/en\/wp-json\/wp\/v2\/media?parent=143"}],"curies":[{"name":"wp","href":"https:\/\/api.w.org\/{rel}","templated":true}]}}