{"id":141,"date":"2019-11-29T13:44:07","date_gmt":"2019-11-29T13:44:07","guid":{"rendered":"https:\/\/zarea.ro\/?page_id=141"},"modified":"2025-11-18T14:32:05","modified_gmt":"2025-11-18T14:32:05","slug":"still-wines","status":"publish","type":"page","link":"https:\/\/zarea.ro\/en\/brand-explorer\/still-wines\/","title":{"rendered":"Still Wines"},"content":{"rendered":"\t\t<div data-elementor-type=\"wp-page\" data-elementor-id=\"141\" class=\"elementor elementor-141\">\n\t\t\t\t\t\t\t\t\t<section class=\"elementor-section elementor-top-section elementor-element elementor-element-8dc60f9 elementor-section-boxed elementor-section-height-default elementor-section-height-default\" data-id=\"8dc60f9\" data-element_type=\"section\">\n\t\t\t\t\t\t<div class=\"elementor-container elementor-column-gap-default\">\n\t\t\t\t\t<div class=\"elementor-column elementor-col-100 elementor-top-column elementor-element elementor-element-114fcd4c\" data-id=\"114fcd4c\" data-element_type=\"column\">\n\t\t\t<div class=\"elementor-widget-wrap elementor-element-populated\">\n\t\t\t\t\t\t\t\t<div class=\"elementor-element elementor-element-1cc60023 elementor-widget elementor-widget-wp-widget-nav_menu\" data-id=\"1cc60023\" data-element_type=\"widget\" data-widget_type=\"wp-widget-nav_menu.default\">\n\t\t\t\t<div class=\"elementor-widget-container\">\n\t\t\t<div class=\"menu-meniu-brands-container\"><ul id=\"menu-meniu-brands\" class=\"menu\"><li id=\"menu-item-2085\" class=\"menu-item menu-item-type-post_type menu-item-object-page menu-item-2085\"><a href=\"https:\/\/zarea.ro\/en\/brand-explorer\/zarea-all\/\">All<\/a><\/li>\n<li id=\"menu-item-2071\" class=\"menu-item menu-item-type-post_type menu-item-object-page menu-item-2071\"><a href=\"https:\/\/zarea.ro\/en\/brand-explorer\/zarea-sparkling-wine\/\">Sparkling<\/a><\/li>\n<li id=\"menu-item-2068\" class=\"menu-item menu-item-type-post_type menu-item-object-page menu-item-2068\"><a href=\"https:\/\/zarea.ro\/en\/brand-explorer\/cocktail-rtd\/\">Cocktail &#038; RTD<\/a><\/li>\n<li id=\"menu-item-2066\" class=\"menu-item menu-item-type-post_type menu-item-object-page menu-item-2066\"><a href=\"https:\/\/zarea.ro\/en\/brand-explorer\/aperitifs-and-liqueurs\/\">Aperitifs<\/a><\/li>\n<li id=\"menu-item-2069\" class=\"menu-item menu-item-type-post_type menu-item-object-page menu-item-2069\"><a href=\"https:\/\/zarea.ro\/en\/brand-explorer\/still-wines\/\">Still Wines<\/a><\/li>\n<li id=\"menu-item-2070\" class=\"menu-item menu-item-type-post_type menu-item-object-page menu-item-2070\"><a href=\"https:\/\/zarea.ro\/en\/brand-explorer\/wine-spirit\/\">Wines &#038; Spirits<\/a><\/li>\n<li id=\"menu-item-2072\" class=\"menu-item menu-item-type-post_type menu-item-object-page menu-item-2072\"><a href=\"https:\/\/zarea.ro\/en\/brand-explorer\/vodka\/\">Vodka<\/a><\/li>\n<li id=\"menu-item-2067\" class=\"menu-item menu-item-type-post_type menu-item-object-page menu-item-2067\"><a href=\"https:\/\/zarea.ro\/en\/brand-explorer\/non-alcoholic-drinks\/\">Non-alcoholic drinks<\/a><\/li>\n<\/ul><\/div>\t\t<\/div>\n\t\t\t\t<\/div>\n\t\t\t\t\t<\/div>\n\t\t<\/div>\n\t\t\t\t\t\t\t<\/div>\n\t\t<\/section>\n\t\t\t\t<section class=\"elementor-section elementor-top-section elementor-element elementor-element-45a8ae99 elementor-section-boxed elementor-section-height-default elementor-section-height-default\" data-id=\"45a8ae99\" data-element_type=\"section\">\n\t\t\t\t\t\t<div class=\"elementor-container elementor-column-gap-default\">\n\t\t\t\t\t<div class=\"elementor-column elementor-col-100 elementor-top-column elementor-element elementor-element-7e63f9ef\" data-id=\"7e63f9ef\" data-element_type=\"column\">\n\t\t\t<div class=\"elementor-widget-wrap elementor-element-populated\">\n\t\t\t\t\t\t\t\t<div class=\"elementor-element elementor-element-1b5c9a87 elementor-widget elementor-widget-spacer\" data-id=\"1b5c9a87\" data-element_type=\"widget\" data-widget_type=\"spacer.default\">\n\t\t\t\t<div class=\"elementor-widget-container\">\n\t\t\t\t\t<div class=\"elementor-spacer\">\n\t\t\t<div class=\"elementor-spacer-inner\"><\/div>\n\t\t<\/div>\n\t\t\t\t<\/div>\n\t\t\t\t<\/div>\n\t\t\t\t<div class=\"elementor-element elementor-element-3021f599 elementor-widget elementor-widget-heading\" data-id=\"3021f599\" data-element_type=\"widget\" data-widget_type=\"heading.default\">\n\t\t\t\t<div class=\"elementor-widget-container\">\n\t\t\t<h2 class=\"elementor-heading-title elementor-size-default\">Still wines\n<\/h2>\t\t<\/div>\n\t\t\t\t<\/div>\n\t\t\t\t<div class=\"elementor-element elementor-element-7b4ccb09 elementor-widget elementor-widget-spacer\" data-id=\"7b4ccb09\" data-element_type=\"widget\" data-widget_type=\"spacer.default\">\n\t\t\t\t<div class=\"elementor-widget-container\">\n\t\t\t\t\t<div class=\"elementor-spacer\">\n\t\t\t<div class=\"elementor-spacer-inner\"><\/div>\n\t\t<\/div>\n\t\t\t\t<\/div>\n\t\t\t\t<\/div>\n\t\t\t\t\t<\/div>\n\t\t<\/div>\n\t\t\t\t\t\t\t<\/div>\n\t\t<\/section>\n\t\t\t\t<section class=\"elementor-section elementor-top-section elementor-element elementor-element-40d178de elementor-section-boxed elementor-section-height-default elementor-section-height-default\" data-id=\"40d178de\" data-element_type=\"section\">\n\t\t\t\t\t\t<div class=\"elementor-container elementor-column-gap-default\">\n\t\t\t\t\t<div class=\"elementor-column elementor-col-100 elementor-top-column elementor-element elementor-element-46c95368\" data-id=\"46c95368\" data-element_type=\"column\">\n\t\t\t<div class=\"elementor-widget-wrap elementor-element-populated\">\n\t\t\t\t\t\t\t\t<div class=\"elementor-element elementor-element-75caafe6 elementor-widget elementor-widget-text-editor\" data-id=\"75caafe6\" data-element_type=\"widget\" data-widget_type=\"text-editor.default\">\n\t\t\t\t<div class=\"elementor-widget-container\">\n\t\t\t\t\t\t\t<p style=\"text-align: center;\">Our collection of still wines ensure the best price\/ quality ratio of the market. Our wines are conceived to be easily associated with any meal and any occasion. Our team of talented oenologists guarantees a high quality selection of the wines by our methods of quality control which proved their efficiency in time. <b>S\u00e2nge de Taur<\/b> (Bull Blood) is the leader in the field of red sweet wines, and <b>Dacic<\/b> (Dacian) offers a new selection of fresh wines that can be associated with any dish. <\/p>\t\t\t\t\t\t<\/div>\n\t\t\t\t<\/div>\n\t\t\t\t\t<\/div>\n\t\t<\/div>\n\t\t\t\t\t\t\t<\/div>\n\t\t<\/section>\n\t\t\t\t<section class=\"elementor-section elementor-top-section elementor-element elementor-element-177d15dd elementor-section-boxed elementor-section-height-default elementor-section-height-default\" data-id=\"177d15dd\" data-element_type=\"section\">\n\t\t\t\t\t\t<div class=\"elementor-container elementor-column-gap-default\">\n\t\t\t\t\t<div class=\"elementor-column elementor-col-25 elementor-top-column elementor-element elementor-element-9670809\" data-id=\"9670809\" data-element_type=\"column\">\n\t\t\t<div class=\"elementor-widget-wrap elementor-element-populated\">\n\t\t\t\t\t\t\t\t<div class=\"elementor-element elementor-element-5f38527 elementor-position-top elementor-widget elementor-widget-image-box\" data-id=\"5f38527\" data-element_type=\"widget\" data-widget_type=\"image-box.default\">\n\t\t\t\t<div class=\"elementor-widget-container\">\n\t\t\t<div class=\"elementor-image-box-wrapper\"><figure class=\"elementor-image-box-img\"><a href=\"\/en\/brand-explorer\/still-wines\/sange-de-taur\/\"><img decoding=\"async\" loading=\"lazy\" width=\"300\" height=\"300\" src=\"https:\/\/zarea.ro\/en\/wp-content\/uploads\/2025\/11\/sange-de-taur-brand-explorer-300x300.png\" class=\"elementor-animation-grow attachment-medium size-medium wp-image-4218\" alt=\"\" srcset=\"https:\/\/zarea.ro\/en\/wp-content\/uploads\/2025\/11\/sange-de-taur-brand-explorer-300x300.png 300w, https:\/\/zarea.ro\/en\/wp-content\/uploads\/2025\/11\/sange-de-taur-brand-explorer-1024x1024.png 1024w, https:\/\/zarea.ro\/en\/wp-content\/uploads\/2025\/11\/sange-de-taur-brand-explorer-150x150.png 150w, https:\/\/zarea.ro\/en\/wp-content\/uploads\/2025\/11\/sange-de-taur-brand-explorer-768x768.png 768w, https:\/\/zarea.ro\/en\/wp-content\/uploads\/2025\/11\/sange-de-taur-brand-explorer.png 1200w\" sizes=\"(max-width: 300px) 100vw, 300px\" \/><\/a><\/figure><\/div>\t\t<\/div>\n\t\t\t\t<\/div>\n\t\t\t\t\t<\/div>\n\t\t<\/div>\n\t\t\t\t<div class=\"elementor-column elementor-col-25 elementor-top-column elementor-element elementor-element-60b5cef\" data-id=\"60b5cef\" data-element_type=\"column\">\n\t\t\t<div class=\"elementor-widget-wrap elementor-element-populated\">\n\t\t\t\t\t\t\t\t<div class=\"elementor-element elementor-element-504fdae elementor-position-top elementor-widget elementor-widget-image-box\" data-id=\"504fdae\" data-element_type=\"widget\" data-widget_type=\"image-box.default\">\n\t\t\t\t<div class=\"elementor-widget-container\">\n\t\t\t<div class=\"elementor-image-box-wrapper\"><figure class=\"elementor-image-box-img\"><a href=\"\/en\/brand-explorer\/still-wines\/sange-de-taur-aerated-sparkling-wine\/\"><img decoding=\"async\" loading=\"lazy\" width=\"300\" height=\"300\" src=\"https:\/\/zarea.ro\/en\/wp-content\/uploads\/2022\/09\/logo-Sange-de-Taur-vin-perlant-300x300-1.png\" class=\"elementor-animation-grow attachment-medium size-medium wp-image-2997\" alt=\"\" srcset=\"https:\/\/zarea.ro\/en\/wp-content\/uploads\/2022\/09\/logo-Sange-de-Taur-vin-perlant-300x300-1.png 300w, https:\/\/zarea.ro\/en\/wp-content\/uploads\/2022\/09\/logo-Sange-de-Taur-vin-perlant-300x300-1-150x150.png 150w\" sizes=\"(max-width: 300px) 100vw, 300px\" \/><\/a><\/figure><\/div>\t\t<\/div>\n\t\t\t\t<\/div>\n\t\t\t\t\t<\/div>\n\t\t<\/div>\n\t\t\t\t<div class=\"elementor-column elementor-col-25 elementor-top-column elementor-element elementor-element-2beea7e5\" data-id=\"2beea7e5\" data-element_type=\"column\">\n\t\t\t<div class=\"elementor-widget-wrap elementor-element-populated\">\n\t\t\t\t\t\t\t\t<div class=\"elementor-element elementor-element-22ca7d70 elementor-position-top elementor-widget elementor-widget-image-box\" data-id=\"22ca7d70\" data-element_type=\"widget\" data-widget_type=\"image-box.default\">\n\t\t\t\t<div class=\"elementor-widget-container\">\n\t\t\t<div class=\"elementor-image-box-wrapper\"><figure class=\"elementor-image-box-img\"><img decoding=\"async\" loading=\"lazy\" width=\"300\" height=\"300\" src=\"https:\/\/zarea.ro\/en\/wp-content\/uploads\/2019\/12\/blank-300x300.png\" class=\"elementor-animation-grow attachment-medium size-medium wp-image-1317\" alt=\"\" srcset=\"https:\/\/zarea.ro\/en\/wp-content\/uploads\/2019\/12\/blank-300x300.png 300w, https:\/\/zarea.ro\/en\/wp-content\/uploads\/2019\/12\/blank-1024x1024.png 1024w, https:\/\/zarea.ro\/en\/wp-content\/uploads\/2019\/12\/blank-150x150.png 150w, https:\/\/zarea.ro\/en\/wp-content\/uploads\/2019\/12\/blank-768x768.png 768w, https:\/\/zarea.ro\/en\/wp-content\/uploads\/2019\/12\/blank.png 1200w\" sizes=\"(max-width: 300px) 100vw, 300px\" \/><\/figure><\/div>\t\t<\/div>\n\t\t\t\t<\/div>\n\t\t\t\t\t<\/div>\n\t\t<\/div>\n\t\t\t\t<div class=\"elementor-column elementor-col-25 elementor-top-column elementor-element elementor-element-791f3b04\" data-id=\"791f3b04\" data-element_type=\"column\">\n\t\t\t<div class=\"elementor-widget-wrap elementor-element-populated\">\n\t\t\t\t\t\t\t\t<div class=\"elementor-element elementor-element-143e01c8 elementor-position-top elementor-widget elementor-widget-image-box\" data-id=\"143e01c8\" data-element_type=\"widget\" data-widget_type=\"image-box.default\">\n\t\t\t\t<div class=\"elementor-widget-container\">\n\t\t\t<div class=\"elementor-image-box-wrapper\"><figure class=\"elementor-image-box-img\"><img decoding=\"async\" loading=\"lazy\" width=\"300\" height=\"300\" src=\"https:\/\/zarea.ro\/en\/wp-content\/uploads\/2019\/12\/blank-300x300.png\" class=\"elementor-animation-grow attachment-medium size-medium wp-image-1317\" alt=\"\" srcset=\"https:\/\/zarea.ro\/en\/wp-content\/uploads\/2019\/12\/blank-300x300.png 300w, https:\/\/zarea.ro\/en\/wp-content\/uploads\/2019\/12\/blank-1024x1024.png 1024w, https:\/\/zarea.ro\/en\/wp-content\/uploads\/2019\/12\/blank-150x150.png 150w, https:\/\/zarea.ro\/en\/wp-content\/uploads\/2019\/12\/blank-768x768.png 768w, https:\/\/zarea.ro\/en\/wp-content\/uploads\/2019\/12\/blank.png 1200w\" sizes=\"(max-width: 300px) 100vw, 300px\" \/><\/figure><\/div>\t\t<\/div>\n\t\t\t\t<\/div>\n\t\t\t\t\t<\/div>\n\t\t<\/div>\n\t\t\t\t\t\t\t<\/div>\n\t\t<\/section>\n\t\t\t\t\t\t\t<\/div>\n\t\t","protected":false},"excerpt":{"rendered":"<p>Still wines Our collection of still wines ensure the best price\/ quality ratio of the market. Our wines are conceived to be easily associated with&hellip;<\/p>\n","protected":false},"author":1,"featured_media":0,"parent":38,"menu_order":0,"comment_status":"closed","ping_status":"closed","template":"","meta":{"footnotes":""},"yoast_head":"<!-- This site is optimized with the Yoast SEO plugin v21.1 - https:\/\/yoast.com\/wordpress\/plugins\/seo\/ -->\n<title>Still Wines -<\/title>\n<meta name=\"robots\" content=\"index, follow, max-snippet:-1, max-image-preview:large, max-video-preview:-1\" \/>\n<link rel=\"canonical\" href=\"https:\/\/zarea.ro\/en\/brand-explorer\/still-wines\/\" \/>\n<meta property=\"og:locale\" content=\"ro_RO\" \/>\n<meta property=\"og:type\" content=\"article\" \/>\n<meta property=\"og:title\" content=\"Still Wines -\" \/>\n<meta property=\"og:description\" content=\"Still wines Our collection of still wines ensure the best price\/ quality ratio of the market. Our wines are conceived to be easily associated with&hellip;\" \/>\n<meta property=\"og:url\" content=\"https:\/\/zarea.ro\/en\/brand-explorer\/still-wines\/\" \/>\n<meta property=\"article:publisher\" content=\"https:\/\/www.facebook.com\/zarearomania\/\" \/>\n<meta property=\"article:modified_time\" content=\"2025-11-18T14:32:05+00:00\" \/>\n<meta property=\"og:image\" content=\"https:\/\/zarea.ro\/en\/wp-content\/uploads\/2025\/11\/sange-de-taur-brand-explorer-300x300.png\" \/>\n<meta name=\"twitter:card\" content=\"summary_large_image\" \/>\n<meta name=\"twitter:label1\" content=\"Timp estimat pentru citire\" \/>\n\t<meta name=\"twitter:data1\" content=\"2 minute\" \/>\n<script type=\"application\/ld+json\" class=\"yoast-schema-graph\">{\"@context\":\"https:\/\/schema.org\",\"@graph\":[{\"@type\":\"WebPage\",\"@id\":\"https:\/\/zarea.ro\/en\/brand-explorer\/still-wines\/\",\"url\":\"https:\/\/zarea.ro\/en\/brand-explorer\/still-wines\/\",\"name\":\"Still Wines -\",\"isPartOf\":{\"@id\":\"https:\/\/zarea.ro\/en\/#website\"},\"datePublished\":\"2019-11-29T13:44:07+00:00\",\"dateModified\":\"2025-11-18T14:32:05+00:00\",\"breadcrumb\":{\"@id\":\"https:\/\/zarea.ro\/en\/brand-explorer\/still-wines\/#breadcrumb\"},\"inLanguage\":\"ro-RO\",\"potentialAction\":[{\"@type\":\"ReadAction\",\"target\":[\"https:\/\/zarea.ro\/en\/brand-explorer\/still-wines\/\"]}]},{\"@type\":\"BreadcrumbList\",\"@id\":\"https:\/\/zarea.ro\/en\/brand-explorer\/still-wines\/#breadcrumb\",\"itemListElement\":[{\"@type\":\"ListItem\",\"position\":1,\"name\":\"Prima pagin\u0103\",\"item\":\"https:\/\/zarea.ro\/en\/\"},{\"@type\":\"ListItem\",\"position\":2,\"name\":\"Brand Explorer\",\"item\":\"https:\/\/zarea.ro\/en\/brand-explorer\/\"},{\"@type\":\"ListItem\",\"position\":3,\"name\":\"Still Wines\"}]},{\"@type\":\"WebSite\",\"@id\":\"https:\/\/zarea.ro\/en\/#website\",\"url\":\"https:\/\/zarea.ro\/en\/\",\"name\":\"ZAREA - branduri de excelen\u021b\u0103 \u00een b\u0103uturi alcoolice\",\"description\":\"ZAREA S.A.\",\"publisher\":{\"@id\":\"https:\/\/zarea.ro\/en\/#organization\"},\"potentialAction\":[{\"@type\":\"SearchAction\",\"target\":{\"@type\":\"EntryPoint\",\"urlTemplate\":\"https:\/\/zarea.ro\/en\/?s={search_term_string}\"},\"query-input\":\"required name=search_term_string\"}],\"inLanguage\":\"ro-RO\"},{\"@type\":\"Organization\",\"@id\":\"https:\/\/zarea.ro\/en\/#organization\",\"name\":\"ZAREA S.A.\",\"url\":\"https:\/\/zarea.ro\/en\/\",\"logo\":{\"@type\":\"ImageObject\",\"inLanguage\":\"ro-RO\",\"@id\":\"https:\/\/zarea.ro\/en\/#\/schema\/logo\/image\/\",\"url\":\"https:\/\/zarea.ro\/en\/wp-content\/uploads\/2019\/11\/logo-zarea-negru.png\",\"contentUrl\":\"https:\/\/zarea.ro\/en\/wp-content\/uploads\/2019\/11\/logo-zarea-negru.png\",\"width\":500,\"height\":500,\"caption\":\"ZAREA S.A.\"},\"image\":{\"@id\":\"https:\/\/zarea.ro\/en\/#\/schema\/logo\/image\/\"},\"sameAs\":[\"https:\/\/www.facebook.com\/zarearomania\/\",\"https:\/\/www.instagram.com\/zarearomania\/\",\"https:\/\/www.youtube.com\/channel\/UCwaAQphIJuwiwtUy2asJ68A\/videos\"]}]}<\/script>\n<!-- \/ Yoast SEO plugin. -->","yoast_head_json":{"title":"Still Wines -","robots":{"index":"index","follow":"follow","max-snippet":"max-snippet:-1","max-image-preview":"max-image-preview:large","max-video-preview":"max-video-preview:-1"},"canonical":"https:\/\/zarea.ro\/en\/brand-explorer\/still-wines\/","og_locale":"ro_RO","og_type":"article","og_title":"Still Wines -","og_description":"Still wines Our collection of still wines ensure the best price\/ quality ratio of the market. Our wines are conceived to be easily associated with&hellip;","og_url":"https:\/\/zarea.ro\/en\/brand-explorer\/still-wines\/","article_publisher":"https:\/\/www.facebook.com\/zarearomania\/","article_modified_time":"2025-11-18T14:32:05+00:00","og_image":[{"url":"https:\/\/zarea.ro\/en\/wp-content\/uploads\/2025\/11\/sange-de-taur-brand-explorer-300x300.png"}],"twitter_card":"summary_large_image","twitter_misc":{"Timp estimat pentru citire":"2 minute"},"schema":{"@context":"https:\/\/schema.org","@graph":[{"@type":"WebPage","@id":"https:\/\/zarea.ro\/en\/brand-explorer\/still-wines\/","url":"https:\/\/zarea.ro\/en\/brand-explorer\/still-wines\/","name":"Still Wines -","isPartOf":{"@id":"https:\/\/zarea.ro\/en\/#website"},"datePublished":"2019-11-29T13:44:07+00:00","dateModified":"2025-11-18T14:32:05+00:00","breadcrumb":{"@id":"https:\/\/zarea.ro\/en\/brand-explorer\/still-wines\/#breadcrumb"},"inLanguage":"ro-RO","potentialAction":[{"@type":"ReadAction","target":["https:\/\/zarea.ro\/en\/brand-explorer\/still-wines\/"]}]},{"@type":"BreadcrumbList","@id":"https:\/\/zarea.ro\/en\/brand-explorer\/still-wines\/#breadcrumb","itemListElement":[{"@type":"ListItem","position":1,"name":"Prima pagin\u0103","item":"https:\/\/zarea.ro\/en\/"},{"@type":"ListItem","position":2,"name":"Brand Explorer","item":"https:\/\/zarea.ro\/en\/brand-explorer\/"},{"@type":"ListItem","position":3,"name":"Still Wines"}]},{"@type":"WebSite","@id":"https:\/\/zarea.ro\/en\/#website","url":"https:\/\/zarea.ro\/en\/","name":"ZAREA - branduri de excelen\u021b\u0103 \u00een b\u0103uturi alcoolice","description":"ZAREA S.A.","publisher":{"@id":"https:\/\/zarea.ro\/en\/#organization"},"potentialAction":[{"@type":"SearchAction","target":{"@type":"EntryPoint","urlTemplate":"https:\/\/zarea.ro\/en\/?s={search_term_string}"},"query-input":"required name=search_term_string"}],"inLanguage":"ro-RO"},{"@type":"Organization","@id":"https:\/\/zarea.ro\/en\/#organization","name":"ZAREA S.A.","url":"https:\/\/zarea.ro\/en\/","logo":{"@type":"ImageObject","inLanguage":"ro-RO","@id":"https:\/\/zarea.ro\/en\/#\/schema\/logo\/image\/","url":"https:\/\/zarea.ro\/en\/wp-content\/uploads\/2019\/11\/logo-zarea-negru.png","contentUrl":"https:\/\/zarea.ro\/en\/wp-content\/uploads\/2019\/11\/logo-zarea-negru.png","width":500,"height":500,"caption":"ZAREA S.A."},"image":{"@id":"https:\/\/zarea.ro\/en\/#\/schema\/logo\/image\/"},"sameAs":["https:\/\/www.facebook.com\/zarearomania\/","https:\/\/www.instagram.com\/zarearomania\/","https:\/\/www.youtube.com\/channel\/UCwaAQphIJuwiwtUy2asJ68A\/videos"]}]}},"_links":{"self":[{"href":"https:\/\/zarea.ro\/en\/wp-json\/wp\/v2\/pages\/141"}],"collection":[{"href":"https:\/\/zarea.ro\/en\/wp-json\/wp\/v2\/pages"}],"about":[{"href":"https:\/\/zarea.ro\/en\/wp-json\/wp\/v2\/types\/page"}],"author":[{"embeddable":true,"href":"https:\/\/zarea.ro\/en\/wp-json\/wp\/v2\/users\/1"}],"replies":[{"embeddable":true,"href":"https:\/\/zarea.ro\/en\/wp-json\/wp\/v2\/comments?post=141"}],"version-history":[{"count":20,"href":"https:\/\/zarea.ro\/en\/wp-json\/wp\/v2\/pages\/141\/revisions"}],"predecessor-version":[{"id":4230,"href":"https:\/\/zarea.ro\/en\/wp-json\/wp\/v2\/pages\/141\/revisions\/4230"}],"up":[{"embeddable":true,"href":"https:\/\/zarea.ro\/en\/wp-json\/wp\/v2\/pages\/38"}],"wp:attachment":[{"href":"https:\/\/zarea.ro\/en\/wp-json\/wp\/v2\/media?parent=141"}],"curies":[{"name":"wp","href":"https:\/\/api.w.org\/{rel}","templated":true}]}}