{"id":139,"date":"2019-11-29T13:43:49","date_gmt":"2019-11-29T13:43:49","guid":{"rendered":"https:\/\/zarea.ro\/?page_id=139"},"modified":"2025-05-23T14:08:48","modified_gmt":"2025-05-23T14:08:48","slug":"cocktail-rtd","status":"publish","type":"page","link":"https:\/\/zarea.ro\/en\/brand-explorer\/cocktail-rtd\/","title":{"rendered":"Cocktail &#038; RTD"},"content":{"rendered":"\t\t<div data-elementor-type=\"wp-page\" data-elementor-id=\"139\" class=\"elementor elementor-139\">\n\t\t\t\t\t\t\t\t\t<section class=\"elementor-section elementor-top-section elementor-element elementor-element-6fa365ce elementor-section-boxed elementor-section-height-default elementor-section-height-default\" data-id=\"6fa365ce\" data-element_type=\"section\">\n\t\t\t\t\t\t<div class=\"elementor-container elementor-column-gap-default\">\n\t\t\t\t\t<div class=\"elementor-column elementor-col-100 elementor-top-column elementor-element elementor-element-dbdefd0\" data-id=\"dbdefd0\" data-element_type=\"column\">\n\t\t\t<div class=\"elementor-widget-wrap elementor-element-populated\">\n\t\t\t\t\t\t\t\t<div class=\"elementor-element elementor-element-19ae9b30 elementor-widget elementor-widget-wp-widget-nav_menu\" data-id=\"19ae9b30\" data-element_type=\"widget\" data-widget_type=\"wp-widget-nav_menu.default\">\n\t\t\t\t<div class=\"elementor-widget-container\">\n\t\t\t<div class=\"menu-meniu-brands-container\"><ul id=\"menu-meniu-brands\" class=\"menu\"><li id=\"menu-item-2085\" class=\"menu-item menu-item-type-post_type menu-item-object-page menu-item-2085\"><a href=\"https:\/\/zarea.ro\/en\/brand-explorer\/zarea-all\/\">All<\/a><\/li>\n<li id=\"menu-item-2071\" class=\"menu-item menu-item-type-post_type menu-item-object-page menu-item-2071\"><a href=\"https:\/\/zarea.ro\/en\/brand-explorer\/zarea-sparkling-wine\/\">Sparkling<\/a><\/li>\n<li id=\"menu-item-2068\" class=\"menu-item menu-item-type-post_type menu-item-object-page menu-item-2068\"><a href=\"https:\/\/zarea.ro\/en\/brand-explorer\/cocktail-rtd\/\">Cocktail &#038; RTD<\/a><\/li>\n<li id=\"menu-item-2066\" class=\"menu-item menu-item-type-post_type menu-item-object-page menu-item-2066\"><a href=\"https:\/\/zarea.ro\/en\/brand-explorer\/aperitifs-and-liqueurs\/\">Aperitifs<\/a><\/li>\n<li id=\"menu-item-2069\" class=\"menu-item menu-item-type-post_type menu-item-object-page menu-item-2069\"><a href=\"https:\/\/zarea.ro\/en\/brand-explorer\/still-wines\/\">Still Wines<\/a><\/li>\n<li id=\"menu-item-2070\" class=\"menu-item menu-item-type-post_type menu-item-object-page menu-item-2070\"><a href=\"https:\/\/zarea.ro\/en\/brand-explorer\/wine-spirit\/\">Wines &#038; Spirits<\/a><\/li>\n<li id=\"menu-item-2072\" class=\"menu-item menu-item-type-post_type menu-item-object-page menu-item-2072\"><a href=\"https:\/\/zarea.ro\/en\/brand-explorer\/vodka\/\">Vodka<\/a><\/li>\n<li id=\"menu-item-2067\" class=\"menu-item menu-item-type-post_type menu-item-object-page menu-item-2067\"><a href=\"https:\/\/zarea.ro\/en\/brand-explorer\/non-alcoholic-drinks\/\">Non-alcoholic drinks<\/a><\/li>\n<\/ul><\/div>\t\t<\/div>\n\t\t\t\t<\/div>\n\t\t\t\t\t<\/div>\n\t\t<\/div>\n\t\t\t\t\t\t\t<\/div>\n\t\t<\/section>\n\t\t\t\t<section class=\"elementor-section elementor-top-section elementor-element elementor-element-26f049dc elementor-section-boxed elementor-section-height-default elementor-section-height-default\" data-id=\"26f049dc\" data-element_type=\"section\">\n\t\t\t\t\t\t<div class=\"elementor-container elementor-column-gap-default\">\n\t\t\t\t\t<div class=\"elementor-column elementor-col-100 elementor-top-column elementor-element elementor-element-1dc43081\" data-id=\"1dc43081\" data-element_type=\"column\">\n\t\t\t<div class=\"elementor-widget-wrap elementor-element-populated\">\n\t\t\t\t\t\t\t\t<div class=\"elementor-element elementor-element-3240b909 elementor-widget elementor-widget-spacer\" data-id=\"3240b909\" data-element_type=\"widget\" data-widget_type=\"spacer.default\">\n\t\t\t\t<div class=\"elementor-widget-container\">\n\t\t\t\t\t<div class=\"elementor-spacer\">\n\t\t\t<div class=\"elementor-spacer-inner\"><\/div>\n\t\t<\/div>\n\t\t\t\t<\/div>\n\t\t\t\t<\/div>\n\t\t\t\t<div class=\"elementor-element elementor-element-5595a68b elementor-widget elementor-widget-heading\" data-id=\"5595a68b\" data-element_type=\"widget\" data-widget_type=\"heading.default\">\n\t\t\t\t<div class=\"elementor-widget-container\">\n\t\t\t<h2 class=\"elementor-heading-title elementor-size-default\">Cocktail & RTD<\/h2>\t\t<\/div>\n\t\t\t\t<\/div>\n\t\t\t\t<div class=\"elementor-element elementor-element-d82a9bc elementor-widget elementor-widget-spacer\" data-id=\"d82a9bc\" data-element_type=\"widget\" data-widget_type=\"spacer.default\">\n\t\t\t\t<div class=\"elementor-widget-container\">\n\t\t\t\t\t<div class=\"elementor-spacer\">\n\t\t\t<div class=\"elementor-spacer-inner\"><\/div>\n\t\t<\/div>\n\t\t\t\t<\/div>\n\t\t\t\t<\/div>\n\t\t\t\t\t<\/div>\n\t\t<\/div>\n\t\t\t\t\t\t\t<\/div>\n\t\t<\/section>\n\t\t\t\t<section class=\"elementor-section elementor-top-section elementor-element elementor-element-5afc056f elementor-section-boxed elementor-section-height-default elementor-section-height-default\" data-id=\"5afc056f\" data-element_type=\"section\">\n\t\t\t\t\t\t<div class=\"elementor-container elementor-column-gap-default\">\n\t\t\t\t\t<div class=\"elementor-column elementor-col-100 elementor-top-column elementor-element elementor-element-4f884043\" data-id=\"4f884043\" data-element_type=\"column\">\n\t\t\t<div class=\"elementor-widget-wrap elementor-element-populated\">\n\t\t\t\t\t\t\t\t<div class=\"elementor-element elementor-element-5476472 elementor-widget elementor-widget-text-editor\" data-id=\"5476472\" data-element_type=\"widget\" data-widget_type=\"text-editor.default\">\n\t\t\t\t<div class=\"elementor-widget-container\">\n\t\t\t\t\t\t\tEnjoy ZAREA&#8217;s innovations, low-alcohol flavored drinks, specially designed for relaxed moments and social occasions. Taste is at the forefront: the balanced combination with fruit juices offers a fresh, light and friendly experience, perfect for the preferences of the young generation.\t\t\t\t\t\t<\/div>\n\t\t\t\t<\/div>\n\t\t\t\t\t<\/div>\n\t\t<\/div>\n\t\t\t\t\t\t\t<\/div>\n\t\t<\/section>\n\t\t\t\t<section class=\"elementor-section elementor-top-section elementor-element elementor-element-57b952b4 elementor-section-boxed elementor-section-height-default elementor-section-height-default\" data-id=\"57b952b4\" data-element_type=\"section\">\n\t\t\t\t\t\t<div class=\"elementor-container elementor-column-gap-default\">\n\t\t\t\t\t<div class=\"elementor-column elementor-col-25 elementor-top-column elementor-element elementor-element-6ec5996\" data-id=\"6ec5996\" data-element_type=\"column\">\n\t\t\t<div class=\"elementor-widget-wrap elementor-element-populated\">\n\t\t\t\t\t\t\t\t<div class=\"elementor-element elementor-element-332182e elementor-position-top elementor-widget elementor-widget-image-box\" data-id=\"332182e\" data-element_type=\"widget\" data-widget_type=\"image-box.default\">\n\t\t\t\t<div class=\"elementor-widget-container\">\n\t\t\t<div class=\"elementor-image-box-wrapper\"><figure class=\"elementor-image-box-img\"><a href=\"\/en\/brand-explorer\/cocktail-rtd\/royal-gold\/\"><img decoding=\"async\" src=\"https:\/\/zarea.ro\/en\/wp-content\/uploads\/2020\/11\/zarea-royal-gold-logo-negru-4.png\" title=\"zarea-royal-gold-logo-negru-4\" alt=\"zarea-royal-gold-logo-negru-4\" class=\"elementor-animation-grow\" loading=\"lazy\" \/><\/a><\/figure><\/div>\t\t<\/div>\n\t\t\t\t<\/div>\n\t\t\t\t\t<\/div>\n\t\t<\/div>\n\t\t\t\t<div class=\"elementor-column elementor-col-25 elementor-top-column elementor-element elementor-element-975180c\" data-id=\"975180c\" data-element_type=\"column\">\n\t\t\t<div class=\"elementor-widget-wrap elementor-element-populated\">\n\t\t\t\t\t\t\t\t<div class=\"elementor-element elementor-element-89565bf elementor-position-top elementor-widget elementor-widget-image-box\" data-id=\"89565bf\" data-element_type=\"widget\" data-widget_type=\"image-box.default\">\n\t\t\t\t<div class=\"elementor-widget-container\">\n\t\t\t<div class=\"elementor-image-box-wrapper\"><figure class=\"elementor-image-box-img\"><a href=\"\/en\/brand-explorer\/cocktail-rtd\/cocktail\/\"><img decoding=\"async\" loading=\"lazy\" width=\"300\" height=\"300\" src=\"https:\/\/zarea.ro\/en\/wp-content\/uploads\/2024\/11\/ZAREA_logo_Cocktail_to_go_2024-300x300.png\" class=\"elementor-animation-grow attachment-medium size-medium wp-image-3562\" alt=\"\" srcset=\"https:\/\/zarea.ro\/en\/wp-content\/uploads\/2024\/11\/ZAREA_logo_Cocktail_to_go_2024-300x300.png 300w, https:\/\/zarea.ro\/en\/wp-content\/uploads\/2024\/11\/ZAREA_logo_Cocktail_to_go_2024-150x150.png 150w, https:\/\/zarea.ro\/en\/wp-content\/uploads\/2024\/11\/ZAREA_logo_Cocktail_to_go_2024.png 768w\" sizes=\"(max-width: 300px) 100vw, 300px\" \/><\/a><\/figure><\/div>\t\t<\/div>\n\t\t\t\t<\/div>\n\t\t\t\t\t<\/div>\n\t\t<\/div>\n\t\t\t\t<div class=\"elementor-column elementor-col-25 elementor-top-column elementor-element elementor-element-09bca46\" data-id=\"09bca46\" data-element_type=\"column\">\n\t\t\t<div class=\"elementor-widget-wrap elementor-element-populated\">\n\t\t\t\t\t\t\t\t<div class=\"elementor-element elementor-element-6d8008b elementor-position-top elementor-widget elementor-widget-image-box\" data-id=\"6d8008b\" data-element_type=\"widget\" data-widget_type=\"image-box.default\">\n\t\t\t\t<div class=\"elementor-widget-container\">\n\t\t\t<div class=\"elementor-image-box-wrapper\"><figure class=\"elementor-image-box-img\"><a href=\"\/en\/brand-explorer\/cocktail-rtd\/zarea-cocktail-to-share\/\"><img decoding=\"async\" loading=\"lazy\" width=\"300\" height=\"300\" src=\"https:\/\/zarea.ro\/en\/wp-content\/uploads\/2024\/11\/ZAREA_logo_Cocktail_to_share_2024-300x300.png\" class=\"elementor-animation-grow attachment-medium size-medium wp-image-3563\" alt=\"\" srcset=\"https:\/\/zarea.ro\/en\/wp-content\/uploads\/2024\/11\/ZAREA_logo_Cocktail_to_share_2024-300x300.png 300w, https:\/\/zarea.ro\/en\/wp-content\/uploads\/2024\/11\/ZAREA_logo_Cocktail_to_share_2024-150x150.png 150w, https:\/\/zarea.ro\/en\/wp-content\/uploads\/2024\/11\/ZAREA_logo_Cocktail_to_share_2024.png 768w\" sizes=\"(max-width: 300px) 100vw, 300px\" \/><\/a><\/figure><\/div>\t\t<\/div>\n\t\t\t\t<\/div>\n\t\t\t\t\t<\/div>\n\t\t<\/div>\n\t\t\t\t<div class=\"elementor-column elementor-col-25 elementor-top-column elementor-element elementor-element-70dabde\" data-id=\"70dabde\" data-element_type=\"column\">\n\t\t\t<div class=\"elementor-widget-wrap elementor-element-populated\">\n\t\t\t\t\t\t\t\t<div class=\"elementor-element elementor-element-86bc577 elementor-position-top elementor-widget elementor-widget-image-box\" data-id=\"86bc577\" data-element_type=\"widget\" data-widget_type=\"image-box.default\">\n\t\t\t\t<div class=\"elementor-widget-container\">\n\t\t\t<div class=\"elementor-image-box-wrapper\"><figure class=\"elementor-image-box-img\"><a href=\"\/en\/brand-explorer\/cocktail-rtd\/fruttini-by-zarea\/\"><img decoding=\"async\" loading=\"lazy\" width=\"1200\" height=\"1200\" src=\"https:\/\/zarea.ro\/en\/wp-content\/uploads\/2024\/11\/logo-fruttini-by-zarea.png\" class=\"elementor-animation-grow attachment-full size-full wp-image-3556\" alt=\"\" srcset=\"https:\/\/zarea.ro\/en\/wp-content\/uploads\/2024\/11\/logo-fruttini-by-zarea.png 1200w, https:\/\/zarea.ro\/en\/wp-content\/uploads\/2024\/11\/logo-fruttini-by-zarea-300x300.png 300w, https:\/\/zarea.ro\/en\/wp-content\/uploads\/2024\/11\/logo-fruttini-by-zarea-1024x1024.png 1024w, https:\/\/zarea.ro\/en\/wp-content\/uploads\/2024\/11\/logo-fruttini-by-zarea-150x150.png 150w, https:\/\/zarea.ro\/en\/wp-content\/uploads\/2024\/11\/logo-fruttini-by-zarea-768x768.png 768w\" sizes=\"(max-width: 1200px) 100vw, 1200px\" \/><\/a><\/figure><\/div>\t\t<\/div>\n\t\t\t\t<\/div>\n\t\t\t\t\t<\/div>\n\t\t<\/div>\n\t\t\t\t\t\t\t<\/div>\n\t\t<\/section>\n\t\t\t\t<section class=\"elementor-section elementor-top-section elementor-element elementor-element-414c7cb elementor-section-boxed elementor-section-height-default elementor-section-height-default\" data-id=\"414c7cb\" data-element_type=\"section\">\n\t\t\t\t\t\t<div class=\"elementor-container elementor-column-gap-default\">\n\t\t\t\t\t<div class=\"elementor-column elementor-col-25 elementor-top-column elementor-element elementor-element-680c96ab\" data-id=\"680c96ab\" data-element_type=\"column\">\n\t\t\t<div class=\"elementor-widget-wrap elementor-element-populated\">\n\t\t\t\t\t\t\t\t<div class=\"elementor-element elementor-element-2051b73a elementor-position-top elementor-widget elementor-widget-image-box\" data-id=\"2051b73a\" data-element_type=\"widget\" data-widget_type=\"image-box.default\">\n\t\t\t\t<div class=\"elementor-widget-container\">\n\t\t\t<div class=\"elementor-image-box-wrapper\"><figure class=\"elementor-image-box-img\"><a href=\"\/en\/brand-explorer\/cocktail-rtd\/dacic\/\"><img decoding=\"async\" loading=\"lazy\" width=\"300\" height=\"300\" src=\"https:\/\/zarea.ro\/en\/wp-content\/uploads\/2019\/11\/Zarea_logos_1200x1200px_DACIC-300x300.png\" class=\"elementor-animation-grow attachment-medium size-medium wp-image-1204\" alt=\"\" srcset=\"https:\/\/zarea.ro\/en\/wp-content\/uploads\/2019\/11\/Zarea_logos_1200x1200px_DACIC-300x300.png 300w, https:\/\/zarea.ro\/en\/wp-content\/uploads\/2019\/11\/Zarea_logos_1200x1200px_DACIC-1024x1024.png 1024w, https:\/\/zarea.ro\/en\/wp-content\/uploads\/2019\/11\/Zarea_logos_1200x1200px_DACIC-150x150.png 150w, https:\/\/zarea.ro\/en\/wp-content\/uploads\/2019\/11\/Zarea_logos_1200x1200px_DACIC-768x768.png 768w, https:\/\/zarea.ro\/en\/wp-content\/uploads\/2019\/11\/Zarea_logos_1200x1200px_DACIC.png 1200w\" sizes=\"(max-width: 300px) 100vw, 300px\" \/><\/a><\/figure><\/div>\t\t<\/div>\n\t\t\t\t<\/div>\n\t\t\t\t\t<\/div>\n\t\t<\/div>\n\t\t\t\t<div class=\"elementor-column elementor-col-25 elementor-top-column elementor-element elementor-element-7c4451b\" data-id=\"7c4451b\" data-element_type=\"column\">\n\t\t\t<div class=\"elementor-widget-wrap\">\n\t\t\t\t\t\t\t\t\t<\/div>\n\t\t<\/div>\n\t\t\t\t<div class=\"elementor-column elementor-col-25 elementor-top-column elementor-element elementor-element-40c83a7\" data-id=\"40c83a7\" data-element_type=\"column\">\n\t\t\t<div class=\"elementor-widget-wrap\">\n\t\t\t\t\t\t\t\t\t<\/div>\n\t\t<\/div>\n\t\t\t\t<div class=\"elementor-column elementor-col-25 elementor-top-column elementor-element elementor-element-6a1be24\" data-id=\"6a1be24\" data-element_type=\"column\">\n\t\t\t<div class=\"elementor-widget-wrap\">\n\t\t\t\t\t\t\t\t\t<\/div>\n\t\t<\/div>\n\t\t\t\t\t\t\t<\/div>\n\t\t<\/section>\n\t\t\t\t\t\t\t<\/div>\n\t\t","protected":false},"excerpt":{"rendered":"<p>Cocktail &#038; RTD Enjoy ZAREA&#8217;s innovations, low-alcohol flavored drinks, specially designed for relaxed moments and social occasions. Taste is at the forefront: the balanced combination&hellip;<\/p>\n","protected":false},"author":1,"featured_media":0,"parent":38,"menu_order":0,"comment_status":"closed","ping_status":"closed","template":"","meta":{"footnotes":""},"yoast_head":"<!-- This site is optimized with the Yoast SEO plugin v21.1 - https:\/\/yoast.com\/wordpress\/plugins\/seo\/ -->\n<title>Cocktail &amp; RTD -<\/title>\n<meta name=\"robots\" content=\"index, follow, max-snippet:-1, max-image-preview:large, max-video-preview:-1\" \/>\n<link rel=\"canonical\" href=\"https:\/\/zarea.ro\/en\/brand-explorer\/cocktail-rtd\/\" \/>\n<meta property=\"og:locale\" content=\"ro_RO\" \/>\n<meta property=\"og:type\" content=\"article\" \/>\n<meta property=\"og:title\" content=\"Cocktail &amp; RTD -\" \/>\n<meta property=\"og:description\" content=\"Cocktail &#038; RTD Enjoy ZAREA&#8217;s innovations, low-alcohol flavored drinks, specially designed for relaxed moments and social occasions. Taste is at the forefront: the balanced combination&hellip;\" \/>\n<meta property=\"og:url\" content=\"https:\/\/zarea.ro\/en\/brand-explorer\/cocktail-rtd\/\" \/>\n<meta property=\"article:publisher\" content=\"https:\/\/www.facebook.com\/zarearomania\/\" \/>\n<meta property=\"article:modified_time\" content=\"2025-05-23T14:08:48+00:00\" \/>\n<meta property=\"og:image\" content=\"https:\/\/zarea.ro\/en\/wp-content\/uploads\/2020\/11\/zarea-royal-gold-logo-negru-4.png\" \/>\n<meta name=\"twitter:card\" content=\"summary_large_image\" \/>\n<meta name=\"twitter:label1\" content=\"Timp estimat pentru citire\" \/>\n\t<meta name=\"twitter:data1\" content=\"2 minute\" \/>\n<script type=\"application\/ld+json\" class=\"yoast-schema-graph\">{\"@context\":\"https:\/\/schema.org\",\"@graph\":[{\"@type\":\"WebPage\",\"@id\":\"https:\/\/zarea.ro\/en\/brand-explorer\/cocktail-rtd\/\",\"url\":\"https:\/\/zarea.ro\/en\/brand-explorer\/cocktail-rtd\/\",\"name\":\"Cocktail & RTD -\",\"isPartOf\":{\"@id\":\"https:\/\/zarea.ro\/en\/#website\"},\"datePublished\":\"2019-11-29T13:43:49+00:00\",\"dateModified\":\"2025-05-23T14:08:48+00:00\",\"breadcrumb\":{\"@id\":\"https:\/\/zarea.ro\/en\/brand-explorer\/cocktail-rtd\/#breadcrumb\"},\"inLanguage\":\"ro-RO\",\"potentialAction\":[{\"@type\":\"ReadAction\",\"target\":[\"https:\/\/zarea.ro\/en\/brand-explorer\/cocktail-rtd\/\"]}]},{\"@type\":\"BreadcrumbList\",\"@id\":\"https:\/\/zarea.ro\/en\/brand-explorer\/cocktail-rtd\/#breadcrumb\",\"itemListElement\":[{\"@type\":\"ListItem\",\"position\":1,\"name\":\"Prima pagin\u0103\",\"item\":\"https:\/\/zarea.ro\/en\/\"},{\"@type\":\"ListItem\",\"position\":2,\"name\":\"Brand Explorer\",\"item\":\"https:\/\/zarea.ro\/en\/brand-explorer\/\"},{\"@type\":\"ListItem\",\"position\":3,\"name\":\"Cocktail &#038; RTD\"}]},{\"@type\":\"WebSite\",\"@id\":\"https:\/\/zarea.ro\/en\/#website\",\"url\":\"https:\/\/zarea.ro\/en\/\",\"name\":\"ZAREA - branduri de excelen\u021b\u0103 \u00een b\u0103uturi alcoolice\",\"description\":\"ZAREA S.A.\",\"publisher\":{\"@id\":\"https:\/\/zarea.ro\/en\/#organization\"},\"potentialAction\":[{\"@type\":\"SearchAction\",\"target\":{\"@type\":\"EntryPoint\",\"urlTemplate\":\"https:\/\/zarea.ro\/en\/?s={search_term_string}\"},\"query-input\":\"required name=search_term_string\"}],\"inLanguage\":\"ro-RO\"},{\"@type\":\"Organization\",\"@id\":\"https:\/\/zarea.ro\/en\/#organization\",\"name\":\"ZAREA S.A.\",\"url\":\"https:\/\/zarea.ro\/en\/\",\"logo\":{\"@type\":\"ImageObject\",\"inLanguage\":\"ro-RO\",\"@id\":\"https:\/\/zarea.ro\/en\/#\/schema\/logo\/image\/\",\"url\":\"https:\/\/zarea.ro\/en\/wp-content\/uploads\/2019\/11\/logo-zarea-negru.png\",\"contentUrl\":\"https:\/\/zarea.ro\/en\/wp-content\/uploads\/2019\/11\/logo-zarea-negru.png\",\"width\":500,\"height\":500,\"caption\":\"ZAREA S.A.\"},\"image\":{\"@id\":\"https:\/\/zarea.ro\/en\/#\/schema\/logo\/image\/\"},\"sameAs\":[\"https:\/\/www.facebook.com\/zarearomania\/\",\"https:\/\/www.instagram.com\/zarearomania\/\",\"https:\/\/www.youtube.com\/channel\/UCwaAQphIJuwiwtUy2asJ68A\/videos\"]}]}<\/script>\n<!-- \/ Yoast SEO plugin. -->","yoast_head_json":{"title":"Cocktail & RTD -","robots":{"index":"index","follow":"follow","max-snippet":"max-snippet:-1","max-image-preview":"max-image-preview:large","max-video-preview":"max-video-preview:-1"},"canonical":"https:\/\/zarea.ro\/en\/brand-explorer\/cocktail-rtd\/","og_locale":"ro_RO","og_type":"article","og_title":"Cocktail & RTD -","og_description":"Cocktail &#038; RTD Enjoy ZAREA&#8217;s innovations, low-alcohol flavored drinks, specially designed for relaxed moments and social occasions. Taste is at the forefront: the balanced combination&hellip;","og_url":"https:\/\/zarea.ro\/en\/brand-explorer\/cocktail-rtd\/","article_publisher":"https:\/\/www.facebook.com\/zarearomania\/","article_modified_time":"2025-05-23T14:08:48+00:00","og_image":[{"url":"https:\/\/zarea.ro\/en\/wp-content\/uploads\/2020\/11\/zarea-royal-gold-logo-negru-4.png"}],"twitter_card":"summary_large_image","twitter_misc":{"Timp estimat pentru citire":"2 minute"},"schema":{"@context":"https:\/\/schema.org","@graph":[{"@type":"WebPage","@id":"https:\/\/zarea.ro\/en\/brand-explorer\/cocktail-rtd\/","url":"https:\/\/zarea.ro\/en\/brand-explorer\/cocktail-rtd\/","name":"Cocktail & RTD -","isPartOf":{"@id":"https:\/\/zarea.ro\/en\/#website"},"datePublished":"2019-11-29T13:43:49+00:00","dateModified":"2025-05-23T14:08:48+00:00","breadcrumb":{"@id":"https:\/\/zarea.ro\/en\/brand-explorer\/cocktail-rtd\/#breadcrumb"},"inLanguage":"ro-RO","potentialAction":[{"@type":"ReadAction","target":["https:\/\/zarea.ro\/en\/brand-explorer\/cocktail-rtd\/"]}]},{"@type":"BreadcrumbList","@id":"https:\/\/zarea.ro\/en\/brand-explorer\/cocktail-rtd\/#breadcrumb","itemListElement":[{"@type":"ListItem","position":1,"name":"Prima pagin\u0103","item":"https:\/\/zarea.ro\/en\/"},{"@type":"ListItem","position":2,"name":"Brand Explorer","item":"https:\/\/zarea.ro\/en\/brand-explorer\/"},{"@type":"ListItem","position":3,"name":"Cocktail &#038; RTD"}]},{"@type":"WebSite","@id":"https:\/\/zarea.ro\/en\/#website","url":"https:\/\/zarea.ro\/en\/","name":"ZAREA - branduri de excelen\u021b\u0103 \u00een b\u0103uturi alcoolice","description":"ZAREA S.A.","publisher":{"@id":"https:\/\/zarea.ro\/en\/#organization"},"potentialAction":[{"@type":"SearchAction","target":{"@type":"EntryPoint","urlTemplate":"https:\/\/zarea.ro\/en\/?s={search_term_string}"},"query-input":"required name=search_term_string"}],"inLanguage":"ro-RO"},{"@type":"Organization","@id":"https:\/\/zarea.ro\/en\/#organization","name":"ZAREA S.A.","url":"https:\/\/zarea.ro\/en\/","logo":{"@type":"ImageObject","inLanguage":"ro-RO","@id":"https:\/\/zarea.ro\/en\/#\/schema\/logo\/image\/","url":"https:\/\/zarea.ro\/en\/wp-content\/uploads\/2019\/11\/logo-zarea-negru.png","contentUrl":"https:\/\/zarea.ro\/en\/wp-content\/uploads\/2019\/11\/logo-zarea-negru.png","width":500,"height":500,"caption":"ZAREA S.A."},"image":{"@id":"https:\/\/zarea.ro\/en\/#\/schema\/logo\/image\/"},"sameAs":["https:\/\/www.facebook.com\/zarearomania\/","https:\/\/www.instagram.com\/zarearomania\/","https:\/\/www.youtube.com\/channel\/UCwaAQphIJuwiwtUy2asJ68A\/videos"]}]}},"_links":{"self":[{"href":"https:\/\/zarea.ro\/en\/wp-json\/wp\/v2\/pages\/139"}],"collection":[{"href":"https:\/\/zarea.ro\/en\/wp-json\/wp\/v2\/pages"}],"about":[{"href":"https:\/\/zarea.ro\/en\/wp-json\/wp\/v2\/types\/page"}],"author":[{"embeddable":true,"href":"https:\/\/zarea.ro\/en\/wp-json\/wp\/v2\/users\/1"}],"replies":[{"embeddable":true,"href":"https:\/\/zarea.ro\/en\/wp-json\/wp\/v2\/comments?post=139"}],"version-history":[{"count":25,"href":"https:\/\/zarea.ro\/en\/wp-json\/wp\/v2\/pages\/139\/revisions"}],"predecessor-version":[{"id":4108,"href":"https:\/\/zarea.ro\/en\/wp-json\/wp\/v2\/pages\/139\/revisions\/4108"}],"up":[{"embeddable":true,"href":"https:\/\/zarea.ro\/en\/wp-json\/wp\/v2\/pages\/38"}],"wp:attachment":[{"href":"https:\/\/zarea.ro\/en\/wp-json\/wp\/v2\/media?parent=139"}],"curies":[{"name":"wp","href":"https:\/\/api.w.org\/{rel}","templated":true}]}}