{"id":130,"date":"2019-11-29T13:41:51","date_gmt":"2019-11-29T13:41:51","guid":{"rendered":"https:\/\/zarea.ro\/?page_id=130"},"modified":"2025-11-18T14:32:21","modified_gmt":"2025-11-18T14:32:21","slug":"wine-spirit","status":"publish","type":"page","link":"https:\/\/zarea.ro\/en\/brand-explorer\/wine-spirit\/","title":{"rendered":"Wine spirit"},"content":{"rendered":"\t\t<div data-elementor-type=\"wp-page\" data-elementor-id=\"130\" class=\"elementor elementor-130\">\n\t\t\t\t\t\t\t\t\t<section class=\"elementor-section elementor-top-section elementor-element elementor-element-9797935 elementor-section-boxed elementor-section-height-default elementor-section-height-default\" data-id=\"9797935\" data-element_type=\"section\">\n\t\t\t\t\t\t<div class=\"elementor-container elementor-column-gap-default\">\n\t\t\t\t\t<div class=\"elementor-column elementor-col-100 elementor-top-column elementor-element elementor-element-2ca8d883\" data-id=\"2ca8d883\" data-element_type=\"column\">\n\t\t\t<div class=\"elementor-widget-wrap elementor-element-populated\">\n\t\t\t\t\t\t\t\t<div class=\"elementor-element elementor-element-191bf000 elementor-widget elementor-widget-wp-widget-nav_menu\" data-id=\"191bf000\" data-element_type=\"widget\" data-widget_type=\"wp-widget-nav_menu.default\">\n\t\t\t\t<div class=\"elementor-widget-container\">\n\t\t\t<div class=\"menu-meniu-brands-container\"><ul id=\"menu-meniu-brands\" class=\"menu\"><li id=\"menu-item-2085\" class=\"menu-item menu-item-type-post_type menu-item-object-page menu-item-2085\"><a href=\"https:\/\/zarea.ro\/en\/brand-explorer\/zarea-all\/\">All<\/a><\/li>\n<li id=\"menu-item-2071\" class=\"menu-item menu-item-type-post_type menu-item-object-page menu-item-2071\"><a href=\"https:\/\/zarea.ro\/en\/brand-explorer\/zarea-sparkling-wine\/\">Sparkling<\/a><\/li>\n<li id=\"menu-item-2068\" class=\"menu-item menu-item-type-post_type menu-item-object-page menu-item-2068\"><a href=\"https:\/\/zarea.ro\/en\/brand-explorer\/cocktail-rtd\/\">Cocktail &#038; RTD<\/a><\/li>\n<li id=\"menu-item-2066\" class=\"menu-item menu-item-type-post_type menu-item-object-page menu-item-2066\"><a href=\"https:\/\/zarea.ro\/en\/brand-explorer\/aperitifs-and-liqueurs\/\">Aperitifs<\/a><\/li>\n<li id=\"menu-item-2069\" class=\"menu-item menu-item-type-post_type menu-item-object-page menu-item-2069\"><a href=\"https:\/\/zarea.ro\/en\/brand-explorer\/still-wines\/\">Still Wines<\/a><\/li>\n<li id=\"menu-item-2070\" class=\"menu-item menu-item-type-post_type menu-item-object-page menu-item-2070\"><a href=\"https:\/\/zarea.ro\/en\/brand-explorer\/wine-spirit\/\">Wines &#038; Spirits<\/a><\/li>\n<li id=\"menu-item-2072\" class=\"menu-item menu-item-type-post_type menu-item-object-page menu-item-2072\"><a href=\"https:\/\/zarea.ro\/en\/brand-explorer\/vodka\/\">Vodka<\/a><\/li>\n<li id=\"menu-item-2067\" class=\"menu-item menu-item-type-post_type menu-item-object-page menu-item-2067\"><a href=\"https:\/\/zarea.ro\/en\/brand-explorer\/non-alcoholic-drinks\/\">Non-alcoholic drinks<\/a><\/li>\n<\/ul><\/div>\t\t<\/div>\n\t\t\t\t<\/div>\n\t\t\t\t\t<\/div>\n\t\t<\/div>\n\t\t\t\t\t\t\t<\/div>\n\t\t<\/section>\n\t\t\t\t<section class=\"elementor-section elementor-top-section elementor-element elementor-element-143d799a elementor-section-boxed elementor-section-height-default elementor-section-height-default\" data-id=\"143d799a\" data-element_type=\"section\">\n\t\t\t\t\t\t<div class=\"elementor-container elementor-column-gap-default\">\n\t\t\t\t\t<div class=\"elementor-column elementor-col-100 elementor-top-column elementor-element elementor-element-1d94c46d\" data-id=\"1d94c46d\" data-element_type=\"column\">\n\t\t\t<div class=\"elementor-widget-wrap elementor-element-populated\">\n\t\t\t\t\t\t\t\t<div class=\"elementor-element elementor-element-4b6b1477 elementor-widget elementor-widget-spacer\" data-id=\"4b6b1477\" data-element_type=\"widget\" data-widget_type=\"spacer.default\">\n\t\t\t\t<div class=\"elementor-widget-container\">\n\t\t\t\t\t<div class=\"elementor-spacer\">\n\t\t\t<div class=\"elementor-spacer-inner\"><\/div>\n\t\t<\/div>\n\t\t\t\t<\/div>\n\t\t\t\t<\/div>\n\t\t\t\t<div class=\"elementor-element elementor-element-597ad2c8 elementor-widget elementor-widget-heading\" data-id=\"597ad2c8\" data-element_type=\"widget\" data-widget_type=\"heading.default\">\n\t\t\t\t<div class=\"elementor-widget-container\">\n\t\t\t<h2 class=\"elementor-heading-title elementor-size-default\">Wine spirit by ZAREA 1912<\/h2>\t\t<\/div>\n\t\t\t\t<\/div>\n\t\t\t\t<div class=\"elementor-element elementor-element-610718b9 elementor-widget elementor-widget-spacer\" data-id=\"610718b9\" data-element_type=\"widget\" data-widget_type=\"spacer.default\">\n\t\t\t\t<div class=\"elementor-widget-container\">\n\t\t\t\t\t<div class=\"elementor-spacer\">\n\t\t\t<div class=\"elementor-spacer-inner\"><\/div>\n\t\t<\/div>\n\t\t\t\t<\/div>\n\t\t\t\t<\/div>\n\t\t\t\t\t<\/div>\n\t\t<\/div>\n\t\t\t\t\t\t\t<\/div>\n\t\t<\/section>\n\t\t\t\t<section class=\"elementor-section elementor-top-section elementor-element elementor-element-1a45eb10 elementor-section-boxed elementor-section-height-default elementor-section-height-default\" data-id=\"1a45eb10\" data-element_type=\"section\">\n\t\t\t\t\t\t<div class=\"elementor-container elementor-column-gap-default\">\n\t\t\t\t\t<div class=\"elementor-column elementor-col-100 elementor-top-column elementor-element elementor-element-4ffce233\" data-id=\"4ffce233\" data-element_type=\"column\">\n\t\t\t<div class=\"elementor-widget-wrap elementor-element-populated\">\n\t\t\t\t\t\t\t\t<div class=\"elementor-element elementor-element-7f4bcc5b elementor-widget elementor-widget-text-editor\" data-id=\"7f4bcc5b\" data-element_type=\"widget\" data-widget_type=\"text-editor.default\">\n\t\t\t\t<div class=\"elementor-widget-container\">\n\t\t\t\t\t\t\t<p>Our brand is rich in history, craftsmanship and authenticity, and has its own story to tell. Wine spirit by ZAREA 1912 tells this story in every drop, having an inspired design and offering a superior taste experience. Along with it, with ZAREA 7 Stars and ZAREA 5 Stars, we carry forward the 100-year promise for which we have given our word, that of meeting and exceeding the quality standards for the products in this field and aiming for the position of leader in quality.<\/p>\t\t\t\t\t\t<\/div>\n\t\t\t\t<\/div>\n\t\t\t\t\t<\/div>\n\t\t<\/div>\n\t\t\t\t\t\t\t<\/div>\n\t\t<\/section>\n\t\t\t\t<section class=\"elementor-section elementor-top-section elementor-element elementor-element-f3af26a elementor-section-boxed elementor-section-height-default elementor-section-height-default\" data-id=\"f3af26a\" data-element_type=\"section\">\n\t\t\t\t\t\t<div class=\"elementor-container elementor-column-gap-default\">\n\t\t\t\t\t<div class=\"elementor-column elementor-col-25 elementor-top-column elementor-element elementor-element-40abab70\" data-id=\"40abab70\" data-element_type=\"column\">\n\t\t\t<div class=\"elementor-widget-wrap elementor-element-populated\">\n\t\t\t\t\t\t\t\t<div class=\"elementor-element elementor-element-48d2c647 elementor-position-top elementor-widget elementor-widget-image-box\" data-id=\"48d2c647\" data-element_type=\"widget\" data-widget_type=\"image-box.default\">\n\t\t\t\t<div class=\"elementor-widget-container\">\n\t\t\t<div class=\"elementor-image-box-wrapper\"><figure class=\"elementor-image-box-img\"><a href=\"\/en\/brand-explorer\/wine-spirit\/wine-spirit-by-zarea-1912\/\"><img decoding=\"async\" loading=\"lazy\" width=\"300\" height=\"300\" src=\"https:\/\/zarea.ro\/en\/wp-content\/uploads\/2019\/11\/Zarea_logos_1200x1200px_Vinars-Zarea-1912-300x300.png\" class=\"elementor-animation-grow attachment-medium size-medium wp-image-1211\" alt=\"\" srcset=\"https:\/\/zarea.ro\/en\/wp-content\/uploads\/2019\/11\/Zarea_logos_1200x1200px_Vinars-Zarea-1912-300x300.png 300w, https:\/\/zarea.ro\/en\/wp-content\/uploads\/2019\/11\/Zarea_logos_1200x1200px_Vinars-Zarea-1912-1024x1024.png 1024w, https:\/\/zarea.ro\/en\/wp-content\/uploads\/2019\/11\/Zarea_logos_1200x1200px_Vinars-Zarea-1912-150x150.png 150w, https:\/\/zarea.ro\/en\/wp-content\/uploads\/2019\/11\/Zarea_logos_1200x1200px_Vinars-Zarea-1912-768x768.png 768w, https:\/\/zarea.ro\/en\/wp-content\/uploads\/2019\/11\/Zarea_logos_1200x1200px_Vinars-Zarea-1912.png 1200w\" sizes=\"(max-width: 300px) 100vw, 300px\" \/><\/a><\/figure><\/div>\t\t<\/div>\n\t\t\t\t<\/div>\n\t\t\t\t\t<\/div>\n\t\t<\/div>\n\t\t\t\t<div class=\"elementor-column elementor-col-25 elementor-top-column elementor-element elementor-element-7be4192d\" data-id=\"7be4192d\" data-element_type=\"column\">\n\t\t\t<div class=\"elementor-widget-wrap elementor-element-populated\">\n\t\t\t\t\t\t\t\t<div class=\"elementor-element elementor-element-28824222 elementor-position-top elementor-widget elementor-widget-image-box\" data-id=\"28824222\" data-element_type=\"widget\" data-widget_type=\"image-box.default\">\n\t\t\t\t<div class=\"elementor-widget-container\">\n\t\t\t<div class=\"elementor-image-box-wrapper\"><figure class=\"elementor-image-box-img\"><a href=\"\/en\/brand-explorer\/wine-spirit\/zarea-5-stars\/\"><img decoding=\"async\" loading=\"lazy\" width=\"768\" height=\"768\" src=\"https:\/\/zarea.ro\/en\/wp-content\/uploads\/2025\/11\/zarea-5-stele-brand-explorer.png\" class=\"elementor-animation-grow attachment-full size-full wp-image-4217\" alt=\"\" srcset=\"https:\/\/zarea.ro\/en\/wp-content\/uploads\/2025\/11\/zarea-5-stele-brand-explorer.png 768w, https:\/\/zarea.ro\/en\/wp-content\/uploads\/2025\/11\/zarea-5-stele-brand-explorer-300x300.png 300w, https:\/\/zarea.ro\/en\/wp-content\/uploads\/2025\/11\/zarea-5-stele-brand-explorer-150x150.png 150w\" sizes=\"(max-width: 768px) 100vw, 768px\" \/><\/a><\/figure><\/div>\t\t<\/div>\n\t\t\t\t<\/div>\n\t\t\t\t\t<\/div>\n\t\t<\/div>\n\t\t\t\t<div class=\"elementor-column elementor-col-25 elementor-top-column elementor-element elementor-element-7e9130f6\" data-id=\"7e9130f6\" data-element_type=\"column\">\n\t\t\t<div class=\"elementor-widget-wrap elementor-element-populated\">\n\t\t\t\t\t\t\t\t<div class=\"elementor-element elementor-element-7262e04c elementor-position-top elementor-widget elementor-widget-image-box\" data-id=\"7262e04c\" data-element_type=\"widget\" data-widget_type=\"image-box.default\">\n\t\t\t\t<div class=\"elementor-widget-container\">\n\t\t\t<div class=\"elementor-image-box-wrapper\"><figure class=\"elementor-image-box-img\"><a href=\"\/en\/brand-explorer\/wine-spirit\/zarea-7-stars\/\"><img decoding=\"async\" loading=\"lazy\" width=\"300\" height=\"300\" src=\"https:\/\/zarea.ro\/en\/wp-content\/uploads\/2025\/11\/zarea-7-stele-brand-explorer-300x300.png\" class=\"elementor-animation-grow attachment-medium size-medium wp-image-4216\" alt=\"\" srcset=\"https:\/\/zarea.ro\/en\/wp-content\/uploads\/2025\/11\/zarea-7-stele-brand-explorer-300x300.png 300w, https:\/\/zarea.ro\/en\/wp-content\/uploads\/2025\/11\/zarea-7-stele-brand-explorer-150x150.png 150w, https:\/\/zarea.ro\/en\/wp-content\/uploads\/2025\/11\/zarea-7-stele-brand-explorer.png 768w\" sizes=\"(max-width: 300px) 100vw, 300px\" \/><\/a><\/figure><\/div>\t\t<\/div>\n\t\t\t\t<\/div>\n\t\t\t\t\t<\/div>\n\t\t<\/div>\n\t\t\t\t<div class=\"elementor-column elementor-col-25 elementor-top-column elementor-element elementor-element-73ce4eb1\" data-id=\"73ce4eb1\" data-element_type=\"column\">\n\t\t\t<div class=\"elementor-widget-wrap elementor-element-populated\">\n\t\t\t\t\t\t\t\t<div class=\"elementor-element elementor-element-5aaa86ab elementor-position-top elementor-widget elementor-widget-image-box\" data-id=\"5aaa86ab\" data-element_type=\"widget\" data-widget_type=\"image-box.default\">\n\t\t\t\t<div class=\"elementor-widget-container\">\n\t\t\t<div class=\"elementor-image-box-wrapper\"><figure class=\"elementor-image-box-img\"><a href=\"\/en\/brand-explorer\/wine-spirit\/milcov\/\"><img decoding=\"async\" loading=\"lazy\" width=\"1200\" height=\"1199\" src=\"https:\/\/zarea.ro\/en\/wp-content\/uploads\/2019\/11\/Zarea_logos_1200x1200px_Milcov.png\" class=\"elementor-animation-grow attachment-full size-full wp-image-1206\" alt=\"\" srcset=\"https:\/\/zarea.ro\/en\/wp-content\/uploads\/2019\/11\/Zarea_logos_1200x1200px_Milcov.png 1200w, https:\/\/zarea.ro\/en\/wp-content\/uploads\/2019\/11\/Zarea_logos_1200x1200px_Milcov-300x300.png 300w, https:\/\/zarea.ro\/en\/wp-content\/uploads\/2019\/11\/Zarea_logos_1200x1200px_Milcov-1024x1024.png 1024w, https:\/\/zarea.ro\/en\/wp-content\/uploads\/2019\/11\/Zarea_logos_1200x1200px_Milcov-150x150.png 150w, https:\/\/zarea.ro\/en\/wp-content\/uploads\/2019\/11\/Zarea_logos_1200x1200px_Milcov-768x767.png 768w\" sizes=\"(max-width: 1200px) 100vw, 1200px\" \/><\/a><\/figure><\/div>\t\t<\/div>\n\t\t\t\t<\/div>\n\t\t\t\t\t<\/div>\n\t\t<\/div>\n\t\t\t\t\t\t\t<\/div>\n\t\t<\/section>\n\t\t\t\t<section class=\"elementor-section elementor-top-section elementor-element elementor-element-f2b7749 elementor-section-boxed elementor-section-height-default elementor-section-height-default\" data-id=\"f2b7749\" data-element_type=\"section\">\n\t\t\t\t\t\t<div class=\"elementor-container elementor-column-gap-default\">\n\t\t\t\t\t<div class=\"elementor-column elementor-col-25 elementor-top-column elementor-element elementor-element-30201d0\" data-id=\"30201d0\" data-element_type=\"column\">\n\t\t\t<div class=\"elementor-widget-wrap elementor-element-populated\">\n\t\t\t\t\t\t\t\t<div class=\"elementor-element elementor-element-a5762e6 elementor-position-top elementor-widget elementor-widget-image-box\" data-id=\"a5762e6\" data-element_type=\"widget\" data-widget_type=\"image-box.default\">\n\t\t\t\t<div class=\"elementor-widget-container\">\n\t\t\t<div class=\"elementor-image-box-wrapper\"><figure class=\"elementor-image-box-img\"><a href=\"\/en\/brand-explorer\/king-charles-scotch-whisky\/\"><img decoding=\"async\" loading=\"lazy\" width=\"768\" height=\"768\" src=\"https:\/\/zarea.ro\/en\/wp-content\/uploads\/2025\/06\/logo-king-charles-wiskey.png\" class=\"elementor-animation-grow attachment-full size-full wp-image-4127\" alt=\"\" srcset=\"https:\/\/zarea.ro\/en\/wp-content\/uploads\/2025\/06\/logo-king-charles-wiskey.png 768w, https:\/\/zarea.ro\/en\/wp-content\/uploads\/2025\/06\/logo-king-charles-wiskey-300x300.png 300w, https:\/\/zarea.ro\/en\/wp-content\/uploads\/2025\/06\/logo-king-charles-wiskey-150x150.png 150w\" sizes=\"(max-width: 768px) 100vw, 768px\" \/><\/a><\/figure><\/div>\t\t<\/div>\n\t\t\t\t<\/div>\n\t\t\t\t\t<\/div>\n\t\t<\/div>\n\t\t\t\t<div class=\"elementor-column elementor-col-25 elementor-top-column elementor-element elementor-element-7d98a97\" data-id=\"7d98a97\" data-element_type=\"column\">\n\t\t\t<div class=\"elementor-widget-wrap\">\n\t\t\t\t\t\t\t\t\t<\/div>\n\t\t<\/div>\n\t\t\t\t<div class=\"elementor-column elementor-col-25 elementor-top-column elementor-element elementor-element-78aa3a0\" data-id=\"78aa3a0\" data-element_type=\"column\">\n\t\t\t<div class=\"elementor-widget-wrap\">\n\t\t\t\t\t\t\t\t\t<\/div>\n\t\t<\/div>\n\t\t\t\t<div class=\"elementor-column elementor-col-25 elementor-top-column elementor-element elementor-element-0eb47ad\" data-id=\"0eb47ad\" data-element_type=\"column\">\n\t\t\t<div class=\"elementor-widget-wrap\">\n\t\t\t\t\t\t\t\t\t<\/div>\n\t\t<\/div>\n\t\t\t\t\t\t\t<\/div>\n\t\t<\/section>\n\t\t\t\t\t\t\t<\/div>\n\t\t","protected":false},"excerpt":{"rendered":"<p>Wine spirit by ZAREA 1912 Our brand is rich in history, craftsmanship and authenticity, and has its own story to tell. Wine spirit by ZAREA&hellip;<\/p>\n","protected":false},"author":1,"featured_media":0,"parent":38,"menu_order":0,"comment_status":"closed","ping_status":"closed","template":"","meta":{"footnotes":""},"yoast_head":"<!-- This site is optimized with the Yoast SEO plugin v21.1 - https:\/\/yoast.com\/wordpress\/plugins\/seo\/ -->\n<title>Wine spirit -<\/title>\n<meta name=\"robots\" content=\"index, follow, max-snippet:-1, max-image-preview:large, max-video-preview:-1\" \/>\n<link rel=\"canonical\" href=\"https:\/\/zarea.ro\/en\/brand-explorer\/wine-spirit\/\" \/>\n<meta property=\"og:locale\" content=\"ro_RO\" \/>\n<meta property=\"og:type\" content=\"article\" \/>\n<meta property=\"og:title\" content=\"Wine spirit -\" \/>\n<meta property=\"og:description\" content=\"Wine spirit by ZAREA 1912 Our brand is rich in history, craftsmanship and authenticity, and has its own story to tell. Wine spirit by ZAREA&hellip;\" \/>\n<meta property=\"og:url\" content=\"https:\/\/zarea.ro\/en\/brand-explorer\/wine-spirit\/\" \/>\n<meta property=\"article:publisher\" content=\"https:\/\/www.facebook.com\/zarearomania\/\" \/>\n<meta property=\"article:modified_time\" content=\"2025-11-18T14:32:21+00:00\" \/>\n<meta property=\"og:image\" content=\"https:\/\/zarea.ro\/en\/wp-content\/uploads\/2019\/11\/Zarea_logos_1200x1200px_Vinars-Zarea-1912-300x300.png\" \/>\n<meta name=\"twitter:card\" content=\"summary_large_image\" \/>\n<meta name=\"twitter:label1\" content=\"Timp estimat pentru citire\" \/>\n\t<meta name=\"twitter:data1\" content=\"2 minute\" \/>\n<script type=\"application\/ld+json\" class=\"yoast-schema-graph\">{\"@context\":\"https:\/\/schema.org\",\"@graph\":[{\"@type\":\"WebPage\",\"@id\":\"https:\/\/zarea.ro\/en\/brand-explorer\/wine-spirit\/\",\"url\":\"https:\/\/zarea.ro\/en\/brand-explorer\/wine-spirit\/\",\"name\":\"Wine spirit -\",\"isPartOf\":{\"@id\":\"https:\/\/zarea.ro\/en\/#website\"},\"datePublished\":\"2019-11-29T13:41:51+00:00\",\"dateModified\":\"2025-11-18T14:32:21+00:00\",\"breadcrumb\":{\"@id\":\"https:\/\/zarea.ro\/en\/brand-explorer\/wine-spirit\/#breadcrumb\"},\"inLanguage\":\"ro-RO\",\"potentialAction\":[{\"@type\":\"ReadAction\",\"target\":[\"https:\/\/zarea.ro\/en\/brand-explorer\/wine-spirit\/\"]}]},{\"@type\":\"BreadcrumbList\",\"@id\":\"https:\/\/zarea.ro\/en\/brand-explorer\/wine-spirit\/#breadcrumb\",\"itemListElement\":[{\"@type\":\"ListItem\",\"position\":1,\"name\":\"Prima pagin\u0103\",\"item\":\"https:\/\/zarea.ro\/en\/\"},{\"@type\":\"ListItem\",\"position\":2,\"name\":\"Brand Explorer\",\"item\":\"https:\/\/zarea.ro\/en\/brand-explorer\/\"},{\"@type\":\"ListItem\",\"position\":3,\"name\":\"Wine spirit\"}]},{\"@type\":\"WebSite\",\"@id\":\"https:\/\/zarea.ro\/en\/#website\",\"url\":\"https:\/\/zarea.ro\/en\/\",\"name\":\"ZAREA - branduri de excelen\u021b\u0103 \u00een b\u0103uturi alcoolice\",\"description\":\"ZAREA S.A.\",\"publisher\":{\"@id\":\"https:\/\/zarea.ro\/en\/#organization\"},\"potentialAction\":[{\"@type\":\"SearchAction\",\"target\":{\"@type\":\"EntryPoint\",\"urlTemplate\":\"https:\/\/zarea.ro\/en\/?s={search_term_string}\"},\"query-input\":\"required name=search_term_string\"}],\"inLanguage\":\"ro-RO\"},{\"@type\":\"Organization\",\"@id\":\"https:\/\/zarea.ro\/en\/#organization\",\"name\":\"ZAREA S.A.\",\"url\":\"https:\/\/zarea.ro\/en\/\",\"logo\":{\"@type\":\"ImageObject\",\"inLanguage\":\"ro-RO\",\"@id\":\"https:\/\/zarea.ro\/en\/#\/schema\/logo\/image\/\",\"url\":\"https:\/\/zarea.ro\/en\/wp-content\/uploads\/2019\/11\/logo-zarea-negru.png\",\"contentUrl\":\"https:\/\/zarea.ro\/en\/wp-content\/uploads\/2019\/11\/logo-zarea-negru.png\",\"width\":500,\"height\":500,\"caption\":\"ZAREA S.A.\"},\"image\":{\"@id\":\"https:\/\/zarea.ro\/en\/#\/schema\/logo\/image\/\"},\"sameAs\":[\"https:\/\/www.facebook.com\/zarearomania\/\",\"https:\/\/www.instagram.com\/zarearomania\/\",\"https:\/\/www.youtube.com\/channel\/UCwaAQphIJuwiwtUy2asJ68A\/videos\"]}]}<\/script>\n<!-- \/ Yoast SEO plugin. -->","yoast_head_json":{"title":"Wine spirit -","robots":{"index":"index","follow":"follow","max-snippet":"max-snippet:-1","max-image-preview":"max-image-preview:large","max-video-preview":"max-video-preview:-1"},"canonical":"https:\/\/zarea.ro\/en\/brand-explorer\/wine-spirit\/","og_locale":"ro_RO","og_type":"article","og_title":"Wine spirit -","og_description":"Wine spirit by ZAREA 1912 Our brand is rich in history, craftsmanship and authenticity, and has its own story to tell. Wine spirit by ZAREA&hellip;","og_url":"https:\/\/zarea.ro\/en\/brand-explorer\/wine-spirit\/","article_publisher":"https:\/\/www.facebook.com\/zarearomania\/","article_modified_time":"2025-11-18T14:32:21+00:00","og_image":[{"url":"https:\/\/zarea.ro\/en\/wp-content\/uploads\/2019\/11\/Zarea_logos_1200x1200px_Vinars-Zarea-1912-300x300.png"}],"twitter_card":"summary_large_image","twitter_misc":{"Timp estimat pentru citire":"2 minute"},"schema":{"@context":"https:\/\/schema.org","@graph":[{"@type":"WebPage","@id":"https:\/\/zarea.ro\/en\/brand-explorer\/wine-spirit\/","url":"https:\/\/zarea.ro\/en\/brand-explorer\/wine-spirit\/","name":"Wine spirit -","isPartOf":{"@id":"https:\/\/zarea.ro\/en\/#website"},"datePublished":"2019-11-29T13:41:51+00:00","dateModified":"2025-11-18T14:32:21+00:00","breadcrumb":{"@id":"https:\/\/zarea.ro\/en\/brand-explorer\/wine-spirit\/#breadcrumb"},"inLanguage":"ro-RO","potentialAction":[{"@type":"ReadAction","target":["https:\/\/zarea.ro\/en\/brand-explorer\/wine-spirit\/"]}]},{"@type":"BreadcrumbList","@id":"https:\/\/zarea.ro\/en\/brand-explorer\/wine-spirit\/#breadcrumb","itemListElement":[{"@type":"ListItem","position":1,"name":"Prima pagin\u0103","item":"https:\/\/zarea.ro\/en\/"},{"@type":"ListItem","position":2,"name":"Brand Explorer","item":"https:\/\/zarea.ro\/en\/brand-explorer\/"},{"@type":"ListItem","position":3,"name":"Wine spirit"}]},{"@type":"WebSite","@id":"https:\/\/zarea.ro\/en\/#website","url":"https:\/\/zarea.ro\/en\/","name":"ZAREA - branduri de excelen\u021b\u0103 \u00een b\u0103uturi alcoolice","description":"ZAREA S.A.","publisher":{"@id":"https:\/\/zarea.ro\/en\/#organization"},"potentialAction":[{"@type":"SearchAction","target":{"@type":"EntryPoint","urlTemplate":"https:\/\/zarea.ro\/en\/?s={search_term_string}"},"query-input":"required name=search_term_string"}],"inLanguage":"ro-RO"},{"@type":"Organization","@id":"https:\/\/zarea.ro\/en\/#organization","name":"ZAREA S.A.","url":"https:\/\/zarea.ro\/en\/","logo":{"@type":"ImageObject","inLanguage":"ro-RO","@id":"https:\/\/zarea.ro\/en\/#\/schema\/logo\/image\/","url":"https:\/\/zarea.ro\/en\/wp-content\/uploads\/2019\/11\/logo-zarea-negru.png","contentUrl":"https:\/\/zarea.ro\/en\/wp-content\/uploads\/2019\/11\/logo-zarea-negru.png","width":500,"height":500,"caption":"ZAREA S.A."},"image":{"@id":"https:\/\/zarea.ro\/en\/#\/schema\/logo\/image\/"},"sameAs":["https:\/\/www.facebook.com\/zarearomania\/","https:\/\/www.instagram.com\/zarearomania\/","https:\/\/www.youtube.com\/channel\/UCwaAQphIJuwiwtUy2asJ68A\/videos"]}]}},"_links":{"self":[{"href":"https:\/\/zarea.ro\/en\/wp-json\/wp\/v2\/pages\/130"}],"collection":[{"href":"https:\/\/zarea.ro\/en\/wp-json\/wp\/v2\/pages"}],"about":[{"href":"https:\/\/zarea.ro\/en\/wp-json\/wp\/v2\/types\/page"}],"author":[{"embeddable":true,"href":"https:\/\/zarea.ro\/en\/wp-json\/wp\/v2\/users\/1"}],"replies":[{"embeddable":true,"href":"https:\/\/zarea.ro\/en\/wp-json\/wp\/v2\/comments?post=130"}],"version-history":[{"count":20,"href":"https:\/\/zarea.ro\/en\/wp-json\/wp\/v2\/pages\/130\/revisions"}],"predecessor-version":[{"id":4233,"href":"https:\/\/zarea.ro\/en\/wp-json\/wp\/v2\/pages\/130\/revisions\/4233"}],"up":[{"embeddable":true,"href":"https:\/\/zarea.ro\/en\/wp-json\/wp\/v2\/pages\/38"}],"wp:attachment":[{"href":"https:\/\/zarea.ro\/en\/wp-json\/wp\/v2\/media?parent=130"}],"curies":[{"name":"wp","href":"https:\/\/api.w.org\/{rel}","templated":true}]}}