{"id":1285,"date":"2019-12-03T13:20:00","date_gmt":"2019-12-03T13:20:00","guid":{"rendered":"https:\/\/zarea.ro\/?page_id=1285"},"modified":"2024-11-21T10:00:02","modified_gmt":"2024-11-21T10:00:02","slug":"amarelo","status":"publish","type":"page","link":"https:\/\/zarea.ro\/en\/brand-explorer\/aperitifs-and-liqueurs\/amarelo\/","title":{"rendered":"AMARELO"},"content":{"rendered":"\t\t<div data-elementor-type=\"wp-page\" data-elementor-id=\"1285\" class=\"elementor elementor-1285\">\n\t\t\t\t\t\t\t\t\t<section class=\"elementor-section elementor-top-section elementor-element elementor-element-c1b0032 elementor-section-boxed elementor-section-height-default elementor-section-height-default\" data-id=\"c1b0032\" data-element_type=\"section\" data-settings=\"{&quot;background_background&quot;:&quot;classic&quot;}\">\n\t\t\t\t\t\t<div class=\"elementor-container elementor-column-gap-default\">\n\t\t\t\t\t<div class=\"elementor-column elementor-col-100 elementor-top-column elementor-element elementor-element-625ba1e\" data-id=\"625ba1e\" data-element_type=\"column\">\n\t\t\t<div class=\"elementor-widget-wrap elementor-element-populated\">\n\t\t\t\t\t\t\t\t<div class=\"elementor-element elementor-element-ad411a0 elementor-align-right elementor-widget elementor-widget-button\" data-id=\"ad411a0\" data-element_type=\"widget\" data-widget_type=\"button.default\">\n\t\t\t\t<div class=\"elementor-widget-container\">\n\t\t\t\t\t<div class=\"elementor-button-wrapper\">\n\t\t\t<a class=\"elementor-button elementor-button-link elementor-size-sm\" href=\"\/en\/brand-explorer\/aperitifs-and-liqueurs\/\">\n\t\t\t\t\t\t<span class=\"elementor-button-content-wrapper\">\n\t\t\t\t\t\t<span class=\"elementor-button-text\">\u00ab Back<\/span>\n\t\t<\/span>\n\t\t\t\t\t<\/a>\n\t\t<\/div>\n\t\t\t\t<\/div>\n\t\t\t\t<\/div>\n\t\t\t\t\t<\/div>\n\t\t<\/div>\n\t\t\t\t\t\t\t<\/div>\n\t\t<\/section>\n\t\t\t\t<section class=\"elementor-section elementor-top-section elementor-element elementor-element-4d415ec3 elementor-section-boxed elementor-section-height-default elementor-section-height-default\" data-id=\"4d415ec3\" data-element_type=\"section\" data-settings=\"{&quot;background_background&quot;:&quot;classic&quot;}\">\n\t\t\t\t\t\t<div class=\"elementor-container elementor-column-gap-default\">\n\t\t\t\t\t<div class=\"elementor-column elementor-col-33 elementor-top-column elementor-element elementor-element-3912beff\" data-id=\"3912beff\" data-element_type=\"column\">\n\t\t\t<div class=\"elementor-widget-wrap elementor-element-populated\">\n\t\t\t\t\t\t\t\t<div class=\"elementor-element elementor-element-10a4739f elementor-widget elementor-widget-spacer\" data-id=\"10a4739f\" data-element_type=\"widget\" data-widget_type=\"spacer.default\">\n\t\t\t\t<div class=\"elementor-widget-container\">\n\t\t\t\t\t<div class=\"elementor-spacer\">\n\t\t\t<div class=\"elementor-spacer-inner\"><\/div>\n\t\t<\/div>\n\t\t\t\t<\/div>\n\t\t\t\t<\/div>\n\t\t\t\t<div class=\"elementor-element elementor-element-6353feb7 elementor-arrows-position-inside elementor-pagination-position-outside elementor-widget elementor-widget-image-carousel\" data-id=\"6353feb7\" data-element_type=\"widget\" data-settings=\"{&quot;slides_to_show&quot;:&quot;1&quot;,&quot;autoplay_speed&quot;:3000,&quot;speed&quot;:900,&quot;navigation&quot;:&quot;both&quot;,&quot;autoplay&quot;:&quot;yes&quot;,&quot;pause_on_hover&quot;:&quot;yes&quot;,&quot;pause_on_interaction&quot;:&quot;yes&quot;,&quot;infinite&quot;:&quot;yes&quot;,&quot;effect&quot;:&quot;slide&quot;}\" data-widget_type=\"image-carousel.default\">\n\t\t\t\t<div class=\"elementor-widget-container\">\n\t\t\t\t\t<div class=\"elementor-image-carousel-wrapper swiper-container\" dir=\"ltr\">\n\t\t\t<div class=\"elementor-image-carousel swiper-wrapper\" aria-live=\"off\">\n\t\t\t\t\t\t\t\t<div class=\"swiper-slide\" role=\"group\" aria-roledescription=\"slide\" aria-label=\"1 of 1\"><a data-elementor-open-lightbox=\"yes\" data-elementor-lightbox-slideshow=\"6353feb7\" data-elementor-lightbox-title=\"ZAREA-Amarelo-2023\" data-e-action-hash=\"#elementor-action%3Aaction%3Dlightbox%26settings%3DeyJpZCI6MzIyNSwidXJsIjoiaHR0cHM6XC9cL3phcmVhLnJvXC9lblwvd3AtY29udGVudFwvdXBsb2Fkc1wvMjAyM1wvMDVcL1pBUkVBLUFtYXJlbG8tMjAyMy5wbmciLCJzbGlkZXNob3ciOiI2MzUzZmViNyJ9\" href=\"https:\/\/zarea.ro\/en\/wp-content\/uploads\/2023\/05\/ZAREA-Amarelo-2023.png\"><figure class=\"swiper-slide-inner\"><img decoding=\"async\" class=\"swiper-slide-image\" src=\"https:\/\/zarea.ro\/en\/wp-content\/uploads\/2023\/05\/ZAREA-Amarelo-2023-300x300.png\" alt=\"ZAREA Amarelo\u200b\" \/><\/figure><\/a><\/div>\t\t\t<\/div>\n\t\t\t\t\t<\/div>\n\t\t\t\t<\/div>\n\t\t\t\t<\/div>\n\t\t\t\t\t<\/div>\n\t\t<\/div>\n\t\t\t\t<div class=\"elementor-column elementor-col-66 elementor-top-column elementor-element elementor-element-5d40c60c\" data-id=\"5d40c60c\" data-element_type=\"column\">\n\t\t\t<div class=\"elementor-widget-wrap elementor-element-populated\">\n\t\t\t\t\t\t\t\t<div class=\"elementor-element elementor-element-5feb0543 elementor-widget elementor-widget-spacer\" data-id=\"5feb0543\" data-element_type=\"widget\" data-widget_type=\"spacer.default\">\n\t\t\t\t<div class=\"elementor-widget-container\">\n\t\t\t\t\t<div class=\"elementor-spacer\">\n\t\t\t<div class=\"elementor-spacer-inner\"><\/div>\n\t\t<\/div>\n\t\t\t\t<\/div>\n\t\t\t\t<\/div>\n\t\t\t\t<div class=\"elementor-element elementor-element-c22dcff elementor-widget elementor-widget-spacer\" data-id=\"c22dcff\" data-element_type=\"widget\" data-widget_type=\"spacer.default\">\n\t\t\t\t<div class=\"elementor-widget-container\">\n\t\t\t\t\t<div class=\"elementor-spacer\">\n\t\t\t<div class=\"elementor-spacer-inner\"><\/div>\n\t\t<\/div>\n\t\t\t\t<\/div>\n\t\t\t\t<\/div>\n\t\t\t\t<div class=\"elementor-element elementor-element-4924b53 elementor-widget elementor-widget-heading\" data-id=\"4924b53\" data-element_type=\"widget\" data-widget_type=\"heading.default\">\n\t\t\t\t<div class=\"elementor-widget-container\">\n\t\t\t<h2 class=\"elementor-heading-title elementor-size-default\">ZAREA Amarelo<\/h2>\t\t<\/div>\n\t\t\t\t<\/div>\n\t\t\t\t<div class=\"elementor-element elementor-element-57f1d22 elementor-widget elementor-widget-text-editor\" data-id=\"57f1d22\" data-element_type=\"widget\" data-widget_type=\"text-editor.default\">\n\t\t\t\t<div class=\"elementor-widget-container\">\n\t\t\t\t\t\t\t<p><span style=\"color: #d2a42b;\"><strong>Ideally mixed with Prosecco<\/strong><\/span><\/p>\t\t\t\t\t\t<\/div>\n\t\t\t\t<\/div>\n\t\t\t\t<div class=\"elementor-element elementor-element-fd0c34c elementor-widget elementor-widget-text-editor\" data-id=\"fd0c34c\" data-element_type=\"widget\" data-widget_type=\"text-editor.default\">\n\t\t\t\t<div class=\"elementor-widget-container\">\n\t\t\t\t\t\t\t<p><strong>AMARELO is an aperitif liqueur with flavor of orange bitters having a slightly tangy and sophisticated taste.<\/strong><\/p><p>The aromas of orange and tangerine, the sweetish balanced taste and the intense color make <strong>ZAREA Amarelo<\/strong> an essential component of refreshing summer cocktails prepared with sparkling wine.<\/p>\t\t\t\t\t\t<\/div>\n\t\t\t\t<\/div>\n\t\t\t\t\t<\/div>\n\t\t<\/div>\n\t\t\t\t\t\t\t<\/div>\n\t\t<\/section>\n\t\t\t\t<section class=\"elementor-section elementor-top-section elementor-element elementor-element-07c487c elementor-section-boxed elementor-section-height-default elementor-section-height-default\" data-id=\"07c487c\" data-element_type=\"section\" data-settings=\"{&quot;background_background&quot;:&quot;classic&quot;}\">\n\t\t\t\t\t\t<div class=\"elementor-container elementor-column-gap-default\">\n\t\t\t\t\t<div class=\"elementor-column elementor-col-100 elementor-top-column elementor-element elementor-element-a7cc8aa\" data-id=\"a7cc8aa\" data-element_type=\"column\">\n\t\t\t<div class=\"elementor-widget-wrap elementor-element-populated\">\n\t\t\t\t\t\t\t\t<div class=\"elementor-element elementor-element-3a3cae1 elementor-widget-divider--view-line elementor-widget elementor-widget-divider\" data-id=\"3a3cae1\" data-element_type=\"widget\" data-widget_type=\"divider.default\">\n\t\t\t\t<div class=\"elementor-widget-container\">\n\t\t\t\t\t<div class=\"elementor-divider\">\n\t\t\t<span class=\"elementor-divider-separator\">\n\t\t\t\t\t\t<\/span>\n\t\t<\/div>\n\t\t\t\t<\/div>\n\t\t\t\t<\/div>\n\t\t\t\t\t<\/div>\n\t\t<\/div>\n\t\t\t\t\t\t\t<\/div>\n\t\t<\/section>\n\t\t\t\t<section class=\"elementor-section elementor-top-section elementor-element elementor-element-4681b5b elementor-section-boxed elementor-section-height-default elementor-section-height-default\" data-id=\"4681b5b\" data-element_type=\"section\" data-settings=\"{&quot;background_background&quot;:&quot;classic&quot;}\">\n\t\t\t\t\t\t<div class=\"elementor-container elementor-column-gap-default\">\n\t\t\t\t\t<div class=\"elementor-column elementor-col-33 elementor-top-column elementor-element elementor-element-fbc7211\" data-id=\"fbc7211\" data-element_type=\"column\">\n\t\t\t<div class=\"elementor-widget-wrap elementor-element-populated\">\n\t\t\t\t\t\t\t\t<div class=\"elementor-element elementor-element-e1d545a elementor-widget elementor-widget-image-gallery\" data-id=\"e1d545a\" data-element_type=\"widget\" data-widget_type=\"image-gallery.default\">\n\t\t\t\t<div class=\"elementor-widget-container\">\n\t\t\t\t\t<div class=\"elementor-image-gallery\">\n\t\t\t<div id='gallery-1' class='gallery galleryid-1285 gallery-columns-3 gallery-size-thumbnail'><figure class='gallery-item'>\n\t\t\t<div class='gallery-icon landscape'>\n\t\t\t\t<a data-elementor-open-lightbox=\"yes\" data-elementor-lightbox-slideshow=\"e1d545a\" data-elementor-lightbox-title=\"ZAREA-Amarelo-2023\" data-e-action-hash=\"#elementor-action%3Aaction%3Dlightbox%26settings%3DeyJpZCI6MzIyNSwidXJsIjoiaHR0cHM6XC9cL3phcmVhLnJvXC9lblwvd3AtY29udGVudFwvdXBsb2Fkc1wvMjAyM1wvMDVcL1pBUkVBLUFtYXJlbG8tMjAyMy5wbmciLCJzbGlkZXNob3ciOiJlMWQ1NDVhIn0%3D\" href='https:\/\/zarea.ro\/en\/wp-content\/uploads\/2023\/05\/ZAREA-Amarelo-2023.png'><img width=\"150\" height=\"150\" src=\"https:\/\/zarea.ro\/en\/wp-content\/uploads\/2023\/05\/ZAREA-Amarelo-2023-150x150.png\" class=\"attachment-thumbnail size-thumbnail\" alt=\"\" decoding=\"async\" aria-describedby=\"gallery-1-3225\" loading=\"lazy\" srcset=\"https:\/\/zarea.ro\/en\/wp-content\/uploads\/2023\/05\/ZAREA-Amarelo-2023-150x150.png 150w, https:\/\/zarea.ro\/en\/wp-content\/uploads\/2023\/05\/ZAREA-Amarelo-2023-300x300.png 300w, https:\/\/zarea.ro\/en\/wp-content\/uploads\/2023\/05\/ZAREA-Amarelo-2023-768x768.png 768w, https:\/\/zarea.ro\/en\/wp-content\/uploads\/2023\/05\/ZAREA-Amarelo-2023.png 1000w\" sizes=\"(max-width: 150px) 100vw, 150px\" \/><\/a>\n\t\t\t<\/div>\n\t\t\t\t<figcaption class='wp-caption-text gallery-caption' id='gallery-1-3225'>\n\t\t\t\tZAREA Amarelo\u200b\n\t\t\t\t<\/figcaption><\/figure>\n\t\t<\/div>\n\t\t<\/div>\n\t\t\t\t<\/div>\n\t\t\t\t<\/div>\n\t\t\t\t\t<\/div>\n\t\t<\/div>\n\t\t\t\t<div class=\"elementor-column elementor-col-66 elementor-top-column elementor-element elementor-element-67ed6e1\" data-id=\"67ed6e1\" data-element_type=\"column\">\n\t\t\t<div class=\"elementor-widget-wrap elementor-element-populated\">\n\t\t\t\t\t\t\t\t<div class=\"elementor-element elementor-element-a458921 elementor-widget elementor-widget-heading\" data-id=\"a458921\" data-element_type=\"widget\" data-widget_type=\"heading.default\">\n\t\t\t\t<div class=\"elementor-widget-container\">\n\t\t\t<h4 class=\"elementor-heading-title elementor-size-default\">Assortment<\/h4>\t\t<\/div>\n\t\t\t\t<\/div>\n\t\t\t\t<div class=\"elementor-element elementor-element-13ad6a55 elementor-widget elementor-widget-text-editor\" data-id=\"13ad6a55\" data-element_type=\"widget\" data-widget_type=\"text-editor.default\">\n\t\t\t\t<div class=\"elementor-widget-container\">\n\t\t\t\t\t\t\t<p><strong>ZAREA Amarelo,<\/strong> vol. 16% alc. \u2013 0,5L<\/p>\t\t\t\t\t\t<\/div>\n\t\t\t\t<\/div>\n\t\t\t\t\t<\/div>\n\t\t<\/div>\n\t\t\t\t\t\t\t<\/div>\n\t\t<\/section>\n\t\t\t\t<section class=\"elementor-section elementor-top-section elementor-element elementor-element-ed1d586 elementor-section-boxed elementor-section-height-default elementor-section-height-default\" data-id=\"ed1d586\" data-element_type=\"section\" data-settings=\"{&quot;background_background&quot;:&quot;classic&quot;}\">\n\t\t\t\t\t\t<div class=\"elementor-container elementor-column-gap-default\">\n\t\t\t\t\t<div class=\"elementor-column elementor-col-100 elementor-top-column elementor-element elementor-element-655f516\" data-id=\"655f516\" data-element_type=\"column\">\n\t\t\t<div class=\"elementor-widget-wrap elementor-element-populated\">\n\t\t\t\t\t\t\t\t<div class=\"elementor-element elementor-element-2138ff3 elementor-widget-divider--view-line elementor-widget elementor-widget-divider\" data-id=\"2138ff3\" data-element_type=\"widget\" data-widget_type=\"divider.default\">\n\t\t\t\t<div class=\"elementor-widget-container\">\n\t\t\t\t\t<div class=\"elementor-divider\">\n\t\t\t<span class=\"elementor-divider-separator\">\n\t\t\t\t\t\t<\/span>\n\t\t<\/div>\n\t\t\t\t<\/div>\n\t\t\t\t<\/div>\n\t\t\t\t<div class=\"elementor-element elementor-element-6ca458f elementor-widget elementor-widget-text-editor\" data-id=\"6ca458f\" data-element_type=\"widget\" data-widget_type=\"text-editor.default\">\n\t\t\t\t<div class=\"elementor-widget-container\">\n\t\t\t\t\t\t\t<h4><strong>Medals<\/strong><\/h4>\t\t\t\t\t\t<\/div>\n\t\t\t\t<\/div>\n\t\t\t\t\t<\/div>\n\t\t<\/div>\n\t\t\t\t\t\t\t<\/div>\n\t\t<\/section>\n\t\t\t\t<section class=\"elementor-section elementor-top-section elementor-element elementor-element-3855c33 elementor-section-boxed elementor-section-height-default elementor-section-height-default\" data-id=\"3855c33\" data-element_type=\"section\" data-settings=\"{&quot;background_background&quot;:&quot;classic&quot;}\">\n\t\t\t\t\t\t<div class=\"elementor-container elementor-column-gap-default\">\n\t\t\t\t\t<div class=\"elementor-column elementor-col-33 elementor-top-column elementor-element elementor-element-54c2b65\" data-id=\"54c2b65\" data-element_type=\"column\">\n\t\t\t<div class=\"elementor-widget-wrap elementor-element-populated\">\n\t\t\t\t\t\t\t\t<div class=\"elementor-element elementor-element-b4834d9 elementor-widget elementor-widget-image\" data-id=\"b4834d9\" data-element_type=\"widget\" data-widget_type=\"image.default\">\n\t\t\t\t<div class=\"elementor-widget-container\">\n\t\t\t\t\t\t\t\t\t\t\t\t<figure class=\"wp-caption\">\n\t\t\t\t\t\t\t\t\t\t<img decoding=\"async\" loading=\"lazy\" width=\"150\" height=\"150\" src=\"https:\/\/zarea.ro\/en\/wp-content\/uploads\/2023\/05\/ZAREA-Amarelo-2023-150x150.png\" class=\"attachment-thumbnail size-thumbnail wp-image-3225\" alt=\"\" srcset=\"https:\/\/zarea.ro\/en\/wp-content\/uploads\/2023\/05\/ZAREA-Amarelo-2023-150x150.png 150w, https:\/\/zarea.ro\/en\/wp-content\/uploads\/2023\/05\/ZAREA-Amarelo-2023-300x300.png 300w, https:\/\/zarea.ro\/en\/wp-content\/uploads\/2023\/05\/ZAREA-Amarelo-2023-768x768.png 768w, https:\/\/zarea.ro\/en\/wp-content\/uploads\/2023\/05\/ZAREA-Amarelo-2023.png 1000w\" sizes=\"(max-width: 150px) 100vw, 150px\" \/>\t\t\t\t\t\t\t\t\t\t\t<figcaption class=\"widget-image-caption wp-caption-text\">ZAREA Amarelo\u200b<\/figcaption>\n\t\t\t\t\t\t\t\t\t\t<\/figure>\n\t\t\t\t\t\t\t\t\t<\/div>\n\t\t\t\t<\/div>\n\t\t\t\t\t<\/div>\n\t\t<\/div>\n\t\t\t\t<div class=\"elementor-column elementor-col-66 elementor-top-column elementor-element elementor-element-aefba14\" data-id=\"aefba14\" data-element_type=\"column\">\n\t\t\t<div class=\"elementor-widget-wrap elementor-element-populated\">\n\t\t\t\t\t\t\t\t<div class=\"elementor-element elementor-element-5d8d24bc elementor-widget elementor-widget-image-gallery\" data-id=\"5d8d24bc\" data-element_type=\"widget\" data-widget_type=\"image-gallery.default\">\n\t\t\t\t<div class=\"elementor-widget-container\">\n\t\t\t\t\t<div class=\"elementor-image-gallery\">\n\t\t\t<div id='gallery-2' class='gallery galleryid-1285 gallery-columns-4 gallery-size-medium'><figure class='gallery-item'>\n\t\t\t<div class='gallery-icon landscape'>\n\t\t\t\t<a data-elementor-open-lightbox=\"yes\" data-elementor-lightbox-slideshow=\"5d8d24bc\" data-elementor-lightbox-title=\"2018-double-gold-WWSA\" data-e-action-hash=\"#elementor-action%3Aaction%3Dlightbox%26settings%3DeyJpZCI6MjgyNSwidXJsIjoiaHR0cHM6XC9cL3phcmVhLnJvXC9lblwvd3AtY29udGVudFwvdXBsb2Fkc1wvMjAyMlwvMDRcLzIwMTgtZG91YmxlLWdvbGQtV1dTQS5wbmciLCJzbGlkZXNob3ciOiI1ZDhkMjRiYyJ9\" href='https:\/\/zarea.ro\/en\/wp-content\/uploads\/2022\/04\/2018-double-gold-WWSA.png'><img width=\"250\" height=\"185\" src=\"https:\/\/zarea.ro\/en\/wp-content\/uploads\/2022\/04\/2018-double-gold-WWSA.png\" class=\"attachment-medium size-medium\" alt=\"\" decoding=\"async\" loading=\"lazy\" \/><\/a>\n\t\t\t<\/div><\/figure><figure class='gallery-item'>\n\t\t\t<div class='gallery-icon landscape'>\n\t\t\t\t<a data-elementor-open-lightbox=\"yes\" data-elementor-lightbox-slideshow=\"5d8d24bc\" data-elementor-lightbox-title=\"2018-bronze-CWSA\" data-e-action-hash=\"#elementor-action%3Aaction%3Dlightbox%26settings%3DeyJpZCI6MjgyNCwidXJsIjoiaHR0cHM6XC9cL3phcmVhLnJvXC9lblwvd3AtY29udGVudFwvdXBsb2Fkc1wvMjAyMlwvMDRcLzIwMTgtYnJvbnplLUNXU0EucG5nIiwic2xpZGVzaG93IjoiNWQ4ZDI0YmMifQ%3D%3D\" href='https:\/\/zarea.ro\/en\/wp-content\/uploads\/2022\/04\/2018-bronze-CWSA.png'><img width=\"250\" height=\"185\" src=\"https:\/\/zarea.ro\/en\/wp-content\/uploads\/2022\/04\/2018-bronze-CWSA.png\" class=\"attachment-medium size-medium\" alt=\"\" decoding=\"async\" loading=\"lazy\" \/><\/a>\n\t\t\t<\/div><\/figure>\n\t\t<\/div>\n\t\t<\/div>\n\t\t\t\t<\/div>\n\t\t\t\t<\/div>\n\t\t\t\t\t<\/div>\n\t\t<\/div>\n\t\t\t\t\t\t\t<\/div>\n\t\t<\/section>\n\t\t\t\t<section class=\"elementor-section elementor-top-section elementor-element elementor-element-798f097 elementor-section-boxed elementor-section-height-default elementor-section-height-default\" data-id=\"798f097\" data-element_type=\"section\" data-settings=\"{&quot;background_background&quot;:&quot;classic&quot;}\">\n\t\t\t\t\t\t<div class=\"elementor-container elementor-column-gap-default\">\n\t\t\t\t\t<div class=\"elementor-column elementor-col-100 elementor-top-column elementor-element elementor-element-449952b\" data-id=\"449952b\" data-element_type=\"column\">\n\t\t\t<div class=\"elementor-widget-wrap elementor-element-populated\">\n\t\t\t\t\t\t\t\t<div class=\"elementor-element elementor-element-8d4ea1a elementor-widget-divider--view-line elementor-widget elementor-widget-divider\" data-id=\"8d4ea1a\" data-element_type=\"widget\" data-widget_type=\"divider.default\">\n\t\t\t\t<div class=\"elementor-widget-container\">\n\t\t\t\t\t<div class=\"elementor-divider\">\n\t\t\t<span class=\"elementor-divider-separator\">\n\t\t\t\t\t\t<\/span>\n\t\t<\/div>\n\t\t\t\t<\/div>\n\t\t\t\t<\/div>\n\t\t\t\t\t<\/div>\n\t\t<\/div>\n\t\t\t\t\t\t\t<\/div>\n\t\t<\/section>\n\t\t\t\t\t\t\t<\/div>\n\t\t","protected":false},"excerpt":{"rendered":"<p>\u00ab Back ZAREA Amarelo Ideally mixed with Prosecco AMARELO is an aperitif liqueur with flavor of orange bitters having a slightly tangy and sophisticated taste.&hellip;<\/p>\n","protected":false},"author":1,"featured_media":0,"parent":133,"menu_order":0,"comment_status":"closed","ping_status":"closed","template":"","meta":{"footnotes":""},"yoast_head":"<!-- This site is optimized with the Yoast SEO plugin v21.1 - https:\/\/yoast.com\/wordpress\/plugins\/seo\/ -->\n<title>AMARELO -<\/title>\n<meta name=\"robots\" content=\"index, follow, max-snippet:-1, max-image-preview:large, max-video-preview:-1\" \/>\n<link rel=\"canonical\" href=\"https:\/\/zarea.ro\/en\/brand-explorer\/aperitifs-and-liqueurs\/amarelo\/\" \/>\n<meta property=\"og:locale\" content=\"ro_RO\" \/>\n<meta property=\"og:type\" content=\"article\" \/>\n<meta property=\"og:title\" content=\"AMARELO -\" \/>\n<meta property=\"og:description\" content=\"\u00ab Back ZAREA Amarelo Ideally mixed with Prosecco AMARELO is an aperitif liqueur with flavor of orange bitters having a slightly tangy and sophisticated taste.&hellip;\" \/>\n<meta property=\"og:url\" content=\"https:\/\/zarea.ro\/en\/brand-explorer\/aperitifs-and-liqueurs\/amarelo\/\" \/>\n<meta property=\"article:publisher\" content=\"https:\/\/www.facebook.com\/zarearomania\/\" \/>\n<meta property=\"article:modified_time\" content=\"2024-11-21T10:00:02+00:00\" \/>\n<meta property=\"og:image\" content=\"https:\/\/zarea.ro\/en\/wp-content\/uploads\/2023\/05\/ZAREA-Amarelo-2023-300x300.png\" \/>\n<meta name=\"twitter:card\" content=\"summary_large_image\" \/>\n<meta name=\"twitter:label1\" content=\"Timp estimat pentru citire\" \/>\n\t<meta name=\"twitter:data1\" content=\"2 minute\" \/>\n<script type=\"application\/ld+json\" class=\"yoast-schema-graph\">{\"@context\":\"https:\/\/schema.org\",\"@graph\":[{\"@type\":\"WebPage\",\"@id\":\"https:\/\/zarea.ro\/en\/brand-explorer\/aperitifs-and-liqueurs\/amarelo\/\",\"url\":\"https:\/\/zarea.ro\/en\/brand-explorer\/aperitifs-and-liqueurs\/amarelo\/\",\"name\":\"AMARELO -\",\"isPartOf\":{\"@id\":\"https:\/\/zarea.ro\/en\/#website\"},\"datePublished\":\"2019-12-03T13:20:00+00:00\",\"dateModified\":\"2024-11-21T10:00:02+00:00\",\"breadcrumb\":{\"@id\":\"https:\/\/zarea.ro\/en\/brand-explorer\/aperitifs-and-liqueurs\/amarelo\/#breadcrumb\"},\"inLanguage\":\"ro-RO\",\"potentialAction\":[{\"@type\":\"ReadAction\",\"target\":[\"https:\/\/zarea.ro\/en\/brand-explorer\/aperitifs-and-liqueurs\/amarelo\/\"]}]},{\"@type\":\"BreadcrumbList\",\"@id\":\"https:\/\/zarea.ro\/en\/brand-explorer\/aperitifs-and-liqueurs\/amarelo\/#breadcrumb\",\"itemListElement\":[{\"@type\":\"ListItem\",\"position\":1,\"name\":\"Prima pagin\u0103\",\"item\":\"https:\/\/zarea.ro\/en\/\"},{\"@type\":\"ListItem\",\"position\":2,\"name\":\"Brand Explorer\",\"item\":\"https:\/\/zarea.ro\/en\/brand-explorer\/\"},{\"@type\":\"ListItem\",\"position\":3,\"name\":\"Aperitifs and liqueurs\",\"item\":\"https:\/\/zarea.ro\/en\/brand-explorer\/aperitifs-and-liqueurs\/\"},{\"@type\":\"ListItem\",\"position\":4,\"name\":\"AMARELO\"}]},{\"@type\":\"WebSite\",\"@id\":\"https:\/\/zarea.ro\/en\/#website\",\"url\":\"https:\/\/zarea.ro\/en\/\",\"name\":\"ZAREA - branduri de excelen\u021b\u0103 \u00een b\u0103uturi alcoolice\",\"description\":\"ZAREA S.A.\",\"publisher\":{\"@id\":\"https:\/\/zarea.ro\/en\/#organization\"},\"potentialAction\":[{\"@type\":\"SearchAction\",\"target\":{\"@type\":\"EntryPoint\",\"urlTemplate\":\"https:\/\/zarea.ro\/en\/?s={search_term_string}\"},\"query-input\":\"required name=search_term_string\"}],\"inLanguage\":\"ro-RO\"},{\"@type\":\"Organization\",\"@id\":\"https:\/\/zarea.ro\/en\/#organization\",\"name\":\"ZAREA S.A.\",\"url\":\"https:\/\/zarea.ro\/en\/\",\"logo\":{\"@type\":\"ImageObject\",\"inLanguage\":\"ro-RO\",\"@id\":\"https:\/\/zarea.ro\/en\/#\/schema\/logo\/image\/\",\"url\":\"https:\/\/zarea.ro\/en\/wp-content\/uploads\/2019\/11\/logo-zarea-negru.png\",\"contentUrl\":\"https:\/\/zarea.ro\/en\/wp-content\/uploads\/2019\/11\/logo-zarea-negru.png\",\"width\":500,\"height\":500,\"caption\":\"ZAREA S.A.\"},\"image\":{\"@id\":\"https:\/\/zarea.ro\/en\/#\/schema\/logo\/image\/\"},\"sameAs\":[\"https:\/\/www.facebook.com\/zarearomania\/\",\"https:\/\/www.instagram.com\/zarearomania\/\",\"https:\/\/www.youtube.com\/channel\/UCwaAQphIJuwiwtUy2asJ68A\/videos\"]}]}<\/script>\n<!-- \/ Yoast SEO plugin. -->","yoast_head_json":{"title":"AMARELO -","robots":{"index":"index","follow":"follow","max-snippet":"max-snippet:-1","max-image-preview":"max-image-preview:large","max-video-preview":"max-video-preview:-1"},"canonical":"https:\/\/zarea.ro\/en\/brand-explorer\/aperitifs-and-liqueurs\/amarelo\/","og_locale":"ro_RO","og_type":"article","og_title":"AMARELO -","og_description":"\u00ab Back ZAREA Amarelo Ideally mixed with Prosecco AMARELO is an aperitif liqueur with flavor of orange bitters having a slightly tangy and sophisticated taste.&hellip;","og_url":"https:\/\/zarea.ro\/en\/brand-explorer\/aperitifs-and-liqueurs\/amarelo\/","article_publisher":"https:\/\/www.facebook.com\/zarearomania\/","article_modified_time":"2024-11-21T10:00:02+00:00","og_image":[{"url":"https:\/\/zarea.ro\/en\/wp-content\/uploads\/2023\/05\/ZAREA-Amarelo-2023-300x300.png"}],"twitter_card":"summary_large_image","twitter_misc":{"Timp estimat pentru citire":"2 minute"},"schema":{"@context":"https:\/\/schema.org","@graph":[{"@type":"WebPage","@id":"https:\/\/zarea.ro\/en\/brand-explorer\/aperitifs-and-liqueurs\/amarelo\/","url":"https:\/\/zarea.ro\/en\/brand-explorer\/aperitifs-and-liqueurs\/amarelo\/","name":"AMARELO -","isPartOf":{"@id":"https:\/\/zarea.ro\/en\/#website"},"datePublished":"2019-12-03T13:20:00+00:00","dateModified":"2024-11-21T10:00:02+00:00","breadcrumb":{"@id":"https:\/\/zarea.ro\/en\/brand-explorer\/aperitifs-and-liqueurs\/amarelo\/#breadcrumb"},"inLanguage":"ro-RO","potentialAction":[{"@type":"ReadAction","target":["https:\/\/zarea.ro\/en\/brand-explorer\/aperitifs-and-liqueurs\/amarelo\/"]}]},{"@type":"BreadcrumbList","@id":"https:\/\/zarea.ro\/en\/brand-explorer\/aperitifs-and-liqueurs\/amarelo\/#breadcrumb","itemListElement":[{"@type":"ListItem","position":1,"name":"Prima pagin\u0103","item":"https:\/\/zarea.ro\/en\/"},{"@type":"ListItem","position":2,"name":"Brand Explorer","item":"https:\/\/zarea.ro\/en\/brand-explorer\/"},{"@type":"ListItem","position":3,"name":"Aperitifs and liqueurs","item":"https:\/\/zarea.ro\/en\/brand-explorer\/aperitifs-and-liqueurs\/"},{"@type":"ListItem","position":4,"name":"AMARELO"}]},{"@type":"WebSite","@id":"https:\/\/zarea.ro\/en\/#website","url":"https:\/\/zarea.ro\/en\/","name":"ZAREA - branduri de excelen\u021b\u0103 \u00een b\u0103uturi alcoolice","description":"ZAREA S.A.","publisher":{"@id":"https:\/\/zarea.ro\/en\/#organization"},"potentialAction":[{"@type":"SearchAction","target":{"@type":"EntryPoint","urlTemplate":"https:\/\/zarea.ro\/en\/?s={search_term_string}"},"query-input":"required name=search_term_string"}],"inLanguage":"ro-RO"},{"@type":"Organization","@id":"https:\/\/zarea.ro\/en\/#organization","name":"ZAREA S.A.","url":"https:\/\/zarea.ro\/en\/","logo":{"@type":"ImageObject","inLanguage":"ro-RO","@id":"https:\/\/zarea.ro\/en\/#\/schema\/logo\/image\/","url":"https:\/\/zarea.ro\/en\/wp-content\/uploads\/2019\/11\/logo-zarea-negru.png","contentUrl":"https:\/\/zarea.ro\/en\/wp-content\/uploads\/2019\/11\/logo-zarea-negru.png","width":500,"height":500,"caption":"ZAREA S.A."},"image":{"@id":"https:\/\/zarea.ro\/en\/#\/schema\/logo\/image\/"},"sameAs":["https:\/\/www.facebook.com\/zarearomania\/","https:\/\/www.instagram.com\/zarearomania\/","https:\/\/www.youtube.com\/channel\/UCwaAQphIJuwiwtUy2asJ68A\/videos"]}]}},"_links":{"self":[{"href":"https:\/\/zarea.ro\/en\/wp-json\/wp\/v2\/pages\/1285"}],"collection":[{"href":"https:\/\/zarea.ro\/en\/wp-json\/wp\/v2\/pages"}],"about":[{"href":"https:\/\/zarea.ro\/en\/wp-json\/wp\/v2\/types\/page"}],"author":[{"embeddable":true,"href":"https:\/\/zarea.ro\/en\/wp-json\/wp\/v2\/users\/1"}],"replies":[{"embeddable":true,"href":"https:\/\/zarea.ro\/en\/wp-json\/wp\/v2\/comments?post=1285"}],"version-history":[{"count":27,"href":"https:\/\/zarea.ro\/en\/wp-json\/wp\/v2\/pages\/1285\/revisions"}],"predecessor-version":[{"id":3610,"href":"https:\/\/zarea.ro\/en\/wp-json\/wp\/v2\/pages\/1285\/revisions\/3610"}],"up":[{"embeddable":true,"href":"https:\/\/zarea.ro\/en\/wp-json\/wp\/v2\/pages\/133"}],"wp:attachment":[{"href":"https:\/\/zarea.ro\/en\/wp-json\/wp\/v2\/media?parent=1285"}],"curies":[{"name":"wp","href":"https:\/\/api.w.org\/{rel}","templated":true}]}}