{"id":128,"date":"2019-11-29T13:41:15","date_gmt":"2019-11-29T13:41:15","guid":{"rendered":"https:\/\/zarea.ro\/?page_id=128"},"modified":"2025-05-23T13:38:41","modified_gmt":"2025-05-23T13:38:41","slug":"zarea-sparkling-wine","status":"publish","type":"page","link":"https:\/\/zarea.ro\/en\/brand-explorer\/zarea-sparkling-wine\/","title":{"rendered":"Sparkling wine"},"content":{"rendered":"\t\t<div data-elementor-type=\"wp-page\" data-elementor-id=\"128\" class=\"elementor elementor-128\">\n\t\t\t\t\t\t\t\t\t<section class=\"elementor-section elementor-top-section elementor-element elementor-element-179aa7bf elementor-section-boxed elementor-section-height-default elementor-section-height-default\" data-id=\"179aa7bf\" data-element_type=\"section\">\n\t\t\t\t\t\t<div class=\"elementor-container elementor-column-gap-default\">\n\t\t\t\t\t<div class=\"elementor-column elementor-col-100 elementor-top-column elementor-element elementor-element-7562314f\" data-id=\"7562314f\" data-element_type=\"column\">\n\t\t\t<div class=\"elementor-widget-wrap elementor-element-populated\">\n\t\t\t\t\t\t\t\t<div class=\"elementor-element elementor-element-7459e848 elementor-widget elementor-widget-wp-widget-nav_menu\" data-id=\"7459e848\" data-element_type=\"widget\" data-widget_type=\"wp-widget-nav_menu.default\">\n\t\t\t\t<div class=\"elementor-widget-container\">\n\t\t\t<div class=\"menu-meniu-brands-container\"><ul id=\"menu-meniu-brands\" class=\"menu\"><li id=\"menu-item-2085\" class=\"menu-item menu-item-type-post_type menu-item-object-page menu-item-2085\"><a href=\"https:\/\/zarea.ro\/en\/brand-explorer\/zarea-all\/\">All<\/a><\/li>\n<li id=\"menu-item-2071\" class=\"menu-item menu-item-type-post_type menu-item-object-page menu-item-2071\"><a href=\"https:\/\/zarea.ro\/en\/brand-explorer\/zarea-sparkling-wine\/\">Sparkling<\/a><\/li>\n<li id=\"menu-item-2068\" class=\"menu-item menu-item-type-post_type menu-item-object-page menu-item-2068\"><a href=\"https:\/\/zarea.ro\/en\/brand-explorer\/cocktail-rtd\/\">Cocktail &#038; RTD<\/a><\/li>\n<li id=\"menu-item-2066\" class=\"menu-item menu-item-type-post_type menu-item-object-page menu-item-2066\"><a href=\"https:\/\/zarea.ro\/en\/brand-explorer\/aperitifs-and-liqueurs\/\">Aperitifs<\/a><\/li>\n<li id=\"menu-item-2069\" class=\"menu-item menu-item-type-post_type menu-item-object-page menu-item-2069\"><a href=\"https:\/\/zarea.ro\/en\/brand-explorer\/still-wines\/\">Still Wines<\/a><\/li>\n<li id=\"menu-item-2070\" class=\"menu-item menu-item-type-post_type menu-item-object-page menu-item-2070\"><a href=\"https:\/\/zarea.ro\/en\/brand-explorer\/wine-spirit\/\">Wines &#038; Spirits<\/a><\/li>\n<li id=\"menu-item-2072\" class=\"menu-item menu-item-type-post_type menu-item-object-page menu-item-2072\"><a href=\"https:\/\/zarea.ro\/en\/brand-explorer\/vodka\/\">Vodka<\/a><\/li>\n<li id=\"menu-item-2067\" class=\"menu-item menu-item-type-post_type menu-item-object-page menu-item-2067\"><a href=\"https:\/\/zarea.ro\/en\/brand-explorer\/non-alcoholic-drinks\/\">Non-alcoholic drinks<\/a><\/li>\n<\/ul><\/div>\t\t<\/div>\n\t\t\t\t<\/div>\n\t\t\t\t\t<\/div>\n\t\t<\/div>\n\t\t\t\t\t\t\t<\/div>\n\t\t<\/section>\n\t\t\t\t<section class=\"elementor-section elementor-top-section elementor-element elementor-element-40fe1bf3 elementor-section-boxed elementor-section-height-default elementor-section-height-default\" data-id=\"40fe1bf3\" data-element_type=\"section\">\n\t\t\t\t\t\t<div class=\"elementor-container elementor-column-gap-default\">\n\t\t\t\t\t<div class=\"elementor-column elementor-col-100 elementor-top-column elementor-element elementor-element-445c6f56\" data-id=\"445c6f56\" data-element_type=\"column\">\n\t\t\t<div class=\"elementor-widget-wrap elementor-element-populated\">\n\t\t\t\t\t\t\t\t<div class=\"elementor-element elementor-element-742b6f16 elementor-widget elementor-widget-spacer\" data-id=\"742b6f16\" data-element_type=\"widget\" data-widget_type=\"spacer.default\">\n\t\t\t\t<div class=\"elementor-widget-container\">\n\t\t\t\t\t<div class=\"elementor-spacer\">\n\t\t\t<div class=\"elementor-spacer-inner\"><\/div>\n\t\t<\/div>\n\t\t\t\t<\/div>\n\t\t\t\t<\/div>\n\t\t\t\t<div class=\"elementor-element elementor-element-73a2d8c1 elementor-widget elementor-widget-heading\" data-id=\"73a2d8c1\" data-element_type=\"widget\" data-widget_type=\"heading.default\">\n\t\t\t\t<div class=\"elementor-widget-container\">\n\t\t\t<h2 class=\"elementor-heading-title elementor-size-default\">ZAREA Sparkling wine<\/h2>\t\t<\/div>\n\t\t\t\t<\/div>\n\t\t\t\t<div class=\"elementor-element elementor-element-7af98c12 elementor-widget elementor-widget-spacer\" data-id=\"7af98c12\" data-element_type=\"widget\" data-widget_type=\"spacer.default\">\n\t\t\t\t<div class=\"elementor-widget-container\">\n\t\t\t\t\t<div class=\"elementor-spacer\">\n\t\t\t<div class=\"elementor-spacer-inner\"><\/div>\n\t\t<\/div>\n\t\t\t\t<\/div>\n\t\t\t\t<\/div>\n\t\t\t\t\t<\/div>\n\t\t<\/div>\n\t\t\t\t\t\t\t<\/div>\n\t\t<\/section>\n\t\t\t\t<section class=\"elementor-section elementor-top-section elementor-element elementor-element-26ef692e elementor-section-boxed elementor-section-height-default elementor-section-height-default\" data-id=\"26ef692e\" data-element_type=\"section\">\n\t\t\t\t\t\t<div class=\"elementor-container elementor-column-gap-default\">\n\t\t\t\t\t<div class=\"elementor-column elementor-col-100 elementor-top-column elementor-element elementor-element-33bcf458\" data-id=\"33bcf458\" data-element_type=\"column\">\n\t\t\t<div class=\"elementor-widget-wrap elementor-element-populated\">\n\t\t\t\t\t\t\t\t<div class=\"elementor-element elementor-element-f45ca9a elementor-widget elementor-widget-text-editor\" data-id=\"f45ca9a\" data-element_type=\"widget\" data-widget_type=\"text-editor.default\">\n\t\t\t\t<div class=\"elementor-widget-container\">\n\t\t\t\t\t\t\t<p style=\"text-align: center;\">We are number 1 in the sales of sparkling wines and we own the most appreciated Romanian brand in the category. We have in our portfolio the best-selling sparkling wine made by the traditional method, awarded at international competitions, but also the best-selling SKU in Romania of the entire sparkling wine market. In addition, we are the most innovative brand in the section, developing an entire collection of sparkling wines for all tastes, and using all technologies for all consumption occasions, whether they are important and small, or everyday occurrences.<\/p>\t\t\t\t\t\t<\/div>\n\t\t\t\t<\/div>\n\t\t\t\t\t<\/div>\n\t\t<\/div>\n\t\t\t\t\t\t\t<\/div>\n\t\t<\/section>\n\t\t\t\t<section class=\"elementor-section elementor-top-section elementor-element elementor-element-4cbc081e elementor-section-boxed elementor-section-height-default elementor-section-height-default\" data-id=\"4cbc081e\" data-element_type=\"section\">\n\t\t\t\t\t\t<div class=\"elementor-container elementor-column-gap-default\">\n\t\t\t\t\t<div class=\"elementor-column elementor-col-25 elementor-top-column elementor-element elementor-element-3d591ea2\" data-id=\"3d591ea2\" data-element_type=\"column\">\n\t\t\t<div class=\"elementor-widget-wrap elementor-element-populated\">\n\t\t\t\t\t\t\t\t<div class=\"elementor-element elementor-element-3aefbb6c elementor-position-top elementor-widget elementor-widget-image-box\" data-id=\"3aefbb6c\" data-element_type=\"widget\" data-widget_type=\"image-box.default\">\n\t\t\t\t<div class=\"elementor-widget-container\">\n\t\t\t<div class=\"elementor-image-box-wrapper\"><figure class=\"elementor-image-box-img\"><a href=\"\/en\/brand-explorer\/zarea-sparkling-wine\/zarea-100\/\"><img decoding=\"async\" loading=\"lazy\" width=\"300\" height=\"300\" src=\"https:\/\/zarea.ro\/en\/wp-content\/uploads\/2019\/12\/Zarea_logos_1200x1200px_ZAREA-100-300x300.png\" class=\"elementor-animation-grow attachment-medium size-medium wp-image-1612\" alt=\"\" srcset=\"https:\/\/zarea.ro\/en\/wp-content\/uploads\/2019\/12\/Zarea_logos_1200x1200px_ZAREA-100-300x300.png 300w, https:\/\/zarea.ro\/en\/wp-content\/uploads\/2019\/12\/Zarea_logos_1200x1200px_ZAREA-100-1024x1024.png 1024w, https:\/\/zarea.ro\/en\/wp-content\/uploads\/2019\/12\/Zarea_logos_1200x1200px_ZAREA-100-150x150.png 150w, https:\/\/zarea.ro\/en\/wp-content\/uploads\/2019\/12\/Zarea_logos_1200x1200px_ZAREA-100-768x768.png 768w, https:\/\/zarea.ro\/en\/wp-content\/uploads\/2019\/12\/Zarea_logos_1200x1200px_ZAREA-100.png 1200w\" sizes=\"(max-width: 300px) 100vw, 300px\" \/><\/a><\/figure><\/div>\t\t<\/div>\n\t\t\t\t<\/div>\n\t\t\t\t\t<\/div>\n\t\t<\/div>\n\t\t\t\t<div class=\"elementor-column elementor-col-25 elementor-top-column elementor-element elementor-element-dfd6043\" data-id=\"dfd6043\" data-element_type=\"column\">\n\t\t\t<div class=\"elementor-widget-wrap elementor-element-populated\">\n\t\t\t\t\t\t\t\t<div class=\"elementor-element elementor-element-4bfb3bd elementor-position-top elementor-widget elementor-widget-image-box\" data-id=\"4bfb3bd\" data-element_type=\"widget\" data-widget_type=\"image-box.default\">\n\t\t\t\t<div class=\"elementor-widget-container\">\n\t\t\t<div class=\"elementor-image-box-wrapper\"><figure class=\"elementor-image-box-img\"><a href=\"\/en\/brand-explorer\/zarea-sparkling-wine\/zarea-bella-vita-collection\/\"><img decoding=\"async\" loading=\"lazy\" width=\"300\" height=\"300\" src=\"https:\/\/zarea.ro\/en\/wp-content\/uploads\/2024\/11\/ZAREA_logo_Bella_Vita_2024-300x300.png\" class=\"elementor-animation-grow attachment-medium size-medium wp-image-3561\" alt=\"\" srcset=\"https:\/\/zarea.ro\/en\/wp-content\/uploads\/2024\/11\/ZAREA_logo_Bella_Vita_2024-300x300.png 300w, https:\/\/zarea.ro\/en\/wp-content\/uploads\/2024\/11\/ZAREA_logo_Bella_Vita_2024-150x150.png 150w, https:\/\/zarea.ro\/en\/wp-content\/uploads\/2024\/11\/ZAREA_logo_Bella_Vita_2024.png 768w\" sizes=\"(max-width: 300px) 100vw, 300px\" \/><\/a><\/figure><\/div>\t\t<\/div>\n\t\t\t\t<\/div>\n\t\t\t\t\t<\/div>\n\t\t<\/div>\n\t\t\t\t<div class=\"elementor-column elementor-col-25 elementor-top-column elementor-element elementor-element-ed07002\" data-id=\"ed07002\" data-element_type=\"column\">\n\t\t\t<div class=\"elementor-widget-wrap elementor-element-populated\">\n\t\t\t\t\t\t\t\t<div class=\"elementor-element elementor-element-220192c elementor-position-top elementor-widget elementor-widget-image-box\" data-id=\"220192c\" data-element_type=\"widget\" data-widget_type=\"image-box.default\">\n\t\t\t\t<div class=\"elementor-widget-container\">\n\t\t\t<div class=\"elementor-image-box-wrapper\"><figure class=\"elementor-image-box-img\"><a href=\"\/en\/brand-explorer\/zarea-sparkling-wine\/zarea-crystal-collection\/\"><img decoding=\"async\" loading=\"lazy\" width=\"1200\" height=\"1200\" src=\"https:\/\/zarea.ro\/en\/wp-content\/uploads\/2019\/11\/Zarea_logos_1200x1200px_ZAREA-Crystal-Collection.png\" class=\"elementor-animation-grow attachment-full size-full wp-image-1218\" alt=\"\" srcset=\"https:\/\/zarea.ro\/en\/wp-content\/uploads\/2019\/11\/Zarea_logos_1200x1200px_ZAREA-Crystal-Collection.png 1200w, https:\/\/zarea.ro\/en\/wp-content\/uploads\/2019\/11\/Zarea_logos_1200x1200px_ZAREA-Crystal-Collection-300x300.png 300w, https:\/\/zarea.ro\/en\/wp-content\/uploads\/2019\/11\/Zarea_logos_1200x1200px_ZAREA-Crystal-Collection-1024x1024.png 1024w, https:\/\/zarea.ro\/en\/wp-content\/uploads\/2019\/11\/Zarea_logos_1200x1200px_ZAREA-Crystal-Collection-150x150.png 150w, https:\/\/zarea.ro\/en\/wp-content\/uploads\/2019\/11\/Zarea_logos_1200x1200px_ZAREA-Crystal-Collection-768x768.png 768w\" sizes=\"(max-width: 1200px) 100vw, 1200px\" \/><\/a><\/figure><\/div>\t\t<\/div>\n\t\t\t\t<\/div>\n\t\t\t\t\t<\/div>\n\t\t<\/div>\n\t\t\t\t<div class=\"elementor-column elementor-col-25 elementor-top-column elementor-element elementor-element-3b83acfa\" data-id=\"3b83acfa\" data-element_type=\"column\">\n\t\t\t<div class=\"elementor-widget-wrap elementor-element-populated\">\n\t\t\t\t\t\t\t\t<div class=\"elementor-element elementor-element-3ada4ddf elementor-position-top elementor-widget elementor-widget-image-box\" data-id=\"3ada4ddf\" data-element_type=\"widget\" data-widget_type=\"image-box.default\">\n\t\t\t\t<div class=\"elementor-widget-container\">\n\t\t\t<div class=\"elementor-image-box-wrapper\"><figure class=\"elementor-image-box-img\"><a href=\"\/en\/brand-explorer\/zarea-sparkling-wine\/zarea-diamond-collection\/\"><img decoding=\"async\" loading=\"lazy\" width=\"1200\" height=\"1200\" src=\"https:\/\/zarea.ro\/en\/wp-content\/uploads\/2019\/11\/Zarea_logos_1200x1200px_ZAREA-Diamond-Collection.png\" class=\"elementor-animation-grow attachment-full size-full wp-image-1219\" alt=\"\" srcset=\"https:\/\/zarea.ro\/en\/wp-content\/uploads\/2019\/11\/Zarea_logos_1200x1200px_ZAREA-Diamond-Collection.png 1200w, https:\/\/zarea.ro\/en\/wp-content\/uploads\/2019\/11\/Zarea_logos_1200x1200px_ZAREA-Diamond-Collection-300x300.png 300w, https:\/\/zarea.ro\/en\/wp-content\/uploads\/2019\/11\/Zarea_logos_1200x1200px_ZAREA-Diamond-Collection-1024x1024.png 1024w, https:\/\/zarea.ro\/en\/wp-content\/uploads\/2019\/11\/Zarea_logos_1200x1200px_ZAREA-Diamond-Collection-150x150.png 150w, https:\/\/zarea.ro\/en\/wp-content\/uploads\/2019\/11\/Zarea_logos_1200x1200px_ZAREA-Diamond-Collection-768x768.png 768w\" sizes=\"(max-width: 1200px) 100vw, 1200px\" \/><\/a><\/figure><\/div>\t\t<\/div>\n\t\t\t\t<\/div>\n\t\t\t\t\t<\/div>\n\t\t<\/div>\n\t\t\t\t\t\t\t<\/div>\n\t\t<\/section>\n\t\t\t\t<section class=\"elementor-section elementor-top-section elementor-element elementor-element-26bdb75 elementor-section-boxed elementor-section-height-default elementor-section-height-default\" data-id=\"26bdb75\" data-element_type=\"section\">\n\t\t\t\t\t\t<div class=\"elementor-container elementor-column-gap-default\">\n\t\t\t\t\t<div class=\"elementor-column elementor-col-25 elementor-top-column elementor-element elementor-element-7ebf1d6\" data-id=\"7ebf1d6\" data-element_type=\"column\">\n\t\t\t<div class=\"elementor-widget-wrap elementor-element-populated\">\n\t\t\t\t\t\t\t\t<div class=\"elementor-element elementor-element-027d0b0 elementor-position-top elementor-widget elementor-widget-image-box\" data-id=\"027d0b0\" data-element_type=\"widget\" data-widget_type=\"image-box.default\">\n\t\t\t\t<div class=\"elementor-widget-container\">\n\t\t\t<div class=\"elementor-image-box-wrapper\"><figure class=\"elementor-image-box-img\"><a href=\"\/en\/brand-explorer\/zarea-sparkling-wine\/zarea-ice\/\"><img decoding=\"async\" loading=\"lazy\" width=\"300\" height=\"300\" src=\"https:\/\/zarea.ro\/en\/wp-content\/uploads\/2024\/11\/ZAREA_ICE_logo_2024-300x300.png\" class=\"elementor-animation-grow attachment-medium size-medium wp-image-3559\" alt=\"\" srcset=\"https:\/\/zarea.ro\/en\/wp-content\/uploads\/2024\/11\/ZAREA_ICE_logo_2024-300x300.png 300w, https:\/\/zarea.ro\/en\/wp-content\/uploads\/2024\/11\/ZAREA_ICE_logo_2024-150x150.png 150w, https:\/\/zarea.ro\/en\/wp-content\/uploads\/2024\/11\/ZAREA_ICE_logo_2024.png 768w\" sizes=\"(max-width: 300px) 100vw, 300px\" \/><\/a><\/figure><\/div>\t\t<\/div>\n\t\t\t\t<\/div>\n\t\t\t\t\t<\/div>\n\t\t<\/div>\n\t\t\t\t<div class=\"elementor-column elementor-col-25 elementor-top-column elementor-element elementor-element-209ca262\" data-id=\"209ca262\" data-element_type=\"column\">\n\t\t\t<div class=\"elementor-widget-wrap elementor-element-populated\">\n\t\t\t\t\t\t\t\t<div class=\"elementor-element elementor-element-37cd172f elementor-position-top elementor-widget elementor-widget-image-box\" data-id=\"37cd172f\" data-element_type=\"widget\" data-widget_type=\"image-box.default\">\n\t\t\t\t<div class=\"elementor-widget-container\">\n\t\t\t<div class=\"elementor-image-box-wrapper\"><figure class=\"elementor-image-box-img\"><a href=\"\/en\/brand-explorer\/zarea-sparkling-wine\/zarea-mott\/\"><img decoding=\"async\" loading=\"lazy\" width=\"300\" height=\"300\" src=\"https:\/\/zarea.ro\/en\/wp-content\/uploads\/2019\/11\/Zarea_logos_1200x1200px_MOTT-300x300.png\" class=\"elementor-animation-grow attachment-medium size-medium wp-image-1207\" alt=\"\" srcset=\"https:\/\/zarea.ro\/en\/wp-content\/uploads\/2019\/11\/Zarea_logos_1200x1200px_MOTT-300x300.png 300w, https:\/\/zarea.ro\/en\/wp-content\/uploads\/2019\/11\/Zarea_logos_1200x1200px_MOTT-1024x1024.png 1024w, https:\/\/zarea.ro\/en\/wp-content\/uploads\/2019\/11\/Zarea_logos_1200x1200px_MOTT-150x150.png 150w, https:\/\/zarea.ro\/en\/wp-content\/uploads\/2019\/11\/Zarea_logos_1200x1200px_MOTT-768x767.png 768w, https:\/\/zarea.ro\/en\/wp-content\/uploads\/2019\/11\/Zarea_logos_1200x1200px_MOTT.png 1200w\" sizes=\"(max-width: 300px) 100vw, 300px\" \/><\/a><\/figure><\/div>\t\t<\/div>\n\t\t\t\t<\/div>\n\t\t\t\t\t<\/div>\n\t\t<\/div>\n\t\t\t\t<div class=\"elementor-column elementor-col-25 elementor-top-column elementor-element elementor-element-891e8b7\" data-id=\"891e8b7\" data-element_type=\"column\">\n\t\t\t<div class=\"elementor-widget-wrap elementor-element-populated\">\n\t\t\t\t\t\t\t\t<div class=\"elementor-element elementor-element-e20bbf8 elementor-position-top elementor-widget elementor-widget-image-box\" data-id=\"e20bbf8\" data-element_type=\"widget\" data-widget_type=\"image-box.default\">\n\t\t\t\t<div class=\"elementor-widget-container\">\n\t\t\t<div class=\"elementor-image-box-wrapper\"><figure class=\"elementor-image-box-img\"><a href=\"\/en\/brand-explorer\/zarea-sparkling-wine\/venezio\/%20\"><img decoding=\"async\" src=\"https:\/\/zarea.ro\/en\/wp-content\/uploads\/2024\/11\/logo-venezio.png\" title=\"logo-venezio\" alt=\"logo-venezio\" class=\"elementor-animation-grow\" loading=\"lazy\" \/><\/a><\/figure><\/div>\t\t<\/div>\n\t\t\t\t<\/div>\n\t\t\t\t\t<\/div>\n\t\t<\/div>\n\t\t\t\t<div class=\"elementor-column elementor-col-25 elementor-top-column elementor-element elementor-element-e434602\" data-id=\"e434602\" data-element_type=\"column\">\n\t\t\t<div class=\"elementor-widget-wrap elementor-element-populated\">\n\t\t\t\t\t\t\t\t<div class=\"elementor-element elementor-element-2062df2 elementor-position-top elementor-widget elementor-widget-image-box\" data-id=\"2062df2\" data-element_type=\"widget\" data-widget_type=\"image-box.default\">\n\t\t\t\t<div class=\"elementor-widget-container\">\n\t\t\t<div class=\"elementor-image-box-wrapper\"><figure class=\"elementor-image-box-img\"><a href=\"https:\/\/zarea.ro\/en\/brand-explorer\/zarea-sparkling-wine\/zarea-zero-o\/\"><img decoding=\"async\" loading=\"lazy\" width=\"768\" height=\"768\" src=\"https:\/\/zarea.ro\/en\/wp-content\/uploads\/2024\/11\/ZAREA_Zero_logo_2024.png\" class=\"elementor-animation-grow attachment-full size-full wp-image-3554\" alt=\"\" srcset=\"https:\/\/zarea.ro\/en\/wp-content\/uploads\/2024\/11\/ZAREA_Zero_logo_2024.png 768w, https:\/\/zarea.ro\/en\/wp-content\/uploads\/2024\/11\/ZAREA_Zero_logo_2024-300x300.png 300w, https:\/\/zarea.ro\/en\/wp-content\/uploads\/2024\/11\/ZAREA_Zero_logo_2024-150x150.png 150w\" sizes=\"(max-width: 768px) 100vw, 768px\" \/><\/a><\/figure><\/div>\t\t<\/div>\n\t\t\t\t<\/div>\n\t\t\t\t\t<\/div>\n\t\t<\/div>\n\t\t\t\t\t\t\t<\/div>\n\t\t<\/section>\n\t\t\t\t\t\t\t<\/div>\n\t\t","protected":false},"excerpt":{"rendered":"<p>ZAREA Sparkling wine We are number 1 in the sales of sparkling wines and we own the most appreciated Romanian brand in the category. We&hellip;<\/p>\n","protected":false},"author":1,"featured_media":0,"parent":38,"menu_order":0,"comment_status":"closed","ping_status":"closed","template":"","meta":{"footnotes":""},"yoast_head":"<!-- This site is optimized with the Yoast SEO plugin v21.1 - https:\/\/yoast.com\/wordpress\/plugins\/seo\/ -->\n<title>Sparkling wine -<\/title>\n<meta name=\"robots\" content=\"index, follow, max-snippet:-1, max-image-preview:large, max-video-preview:-1\" \/>\n<link rel=\"canonical\" href=\"https:\/\/zarea.ro\/en\/brand-explorer\/zarea-sparkling-wine\/\" \/>\n<meta property=\"og:locale\" content=\"ro_RO\" \/>\n<meta property=\"og:type\" content=\"article\" \/>\n<meta property=\"og:title\" content=\"Sparkling wine -\" \/>\n<meta property=\"og:description\" content=\"ZAREA Sparkling wine We are number 1 in the sales of sparkling wines and we own the most appreciated Romanian brand in the category. We&hellip;\" \/>\n<meta property=\"og:url\" content=\"https:\/\/zarea.ro\/en\/brand-explorer\/zarea-sparkling-wine\/\" \/>\n<meta property=\"article:publisher\" content=\"https:\/\/www.facebook.com\/zarearomania\/\" \/>\n<meta property=\"article:modified_time\" content=\"2025-05-23T13:38:41+00:00\" \/>\n<meta property=\"og:image\" content=\"https:\/\/zarea.ro\/en\/wp-content\/uploads\/2019\/12\/Zarea_logos_1200x1200px_ZAREA-100-300x300.png\" \/>\n<meta name=\"twitter:card\" content=\"summary_large_image\" \/>\n<meta name=\"twitter:label1\" content=\"Timp estimat pentru citire\" \/>\n\t<meta name=\"twitter:data1\" content=\"3 minute\" \/>\n<script type=\"application\/ld+json\" class=\"yoast-schema-graph\">{\"@context\":\"https:\/\/schema.org\",\"@graph\":[{\"@type\":\"WebPage\",\"@id\":\"https:\/\/zarea.ro\/en\/brand-explorer\/zarea-sparkling-wine\/\",\"url\":\"https:\/\/zarea.ro\/en\/brand-explorer\/zarea-sparkling-wine\/\",\"name\":\"Sparkling wine -\",\"isPartOf\":{\"@id\":\"https:\/\/zarea.ro\/en\/#website\"},\"datePublished\":\"2019-11-29T13:41:15+00:00\",\"dateModified\":\"2025-05-23T13:38:41+00:00\",\"breadcrumb\":{\"@id\":\"https:\/\/zarea.ro\/en\/brand-explorer\/zarea-sparkling-wine\/#breadcrumb\"},\"inLanguage\":\"ro-RO\",\"potentialAction\":[{\"@type\":\"ReadAction\",\"target\":[\"https:\/\/zarea.ro\/en\/brand-explorer\/zarea-sparkling-wine\/\"]}]},{\"@type\":\"BreadcrumbList\",\"@id\":\"https:\/\/zarea.ro\/en\/brand-explorer\/zarea-sparkling-wine\/#breadcrumb\",\"itemListElement\":[{\"@type\":\"ListItem\",\"position\":1,\"name\":\"Prima pagin\u0103\",\"item\":\"https:\/\/zarea.ro\/en\/\"},{\"@type\":\"ListItem\",\"position\":2,\"name\":\"Brand Explorer\",\"item\":\"https:\/\/zarea.ro\/en\/brand-explorer\/\"},{\"@type\":\"ListItem\",\"position\":3,\"name\":\"Sparkling wine\"}]},{\"@type\":\"WebSite\",\"@id\":\"https:\/\/zarea.ro\/en\/#website\",\"url\":\"https:\/\/zarea.ro\/en\/\",\"name\":\"ZAREA - branduri de excelen\u021b\u0103 \u00een b\u0103uturi alcoolice\",\"description\":\"ZAREA S.A.\",\"publisher\":{\"@id\":\"https:\/\/zarea.ro\/en\/#organization\"},\"potentialAction\":[{\"@type\":\"SearchAction\",\"target\":{\"@type\":\"EntryPoint\",\"urlTemplate\":\"https:\/\/zarea.ro\/en\/?s={search_term_string}\"},\"query-input\":\"required name=search_term_string\"}],\"inLanguage\":\"ro-RO\"},{\"@type\":\"Organization\",\"@id\":\"https:\/\/zarea.ro\/en\/#organization\",\"name\":\"ZAREA S.A.\",\"url\":\"https:\/\/zarea.ro\/en\/\",\"logo\":{\"@type\":\"ImageObject\",\"inLanguage\":\"ro-RO\",\"@id\":\"https:\/\/zarea.ro\/en\/#\/schema\/logo\/image\/\",\"url\":\"https:\/\/zarea.ro\/en\/wp-content\/uploads\/2019\/11\/logo-zarea-negru.png\",\"contentUrl\":\"https:\/\/zarea.ro\/en\/wp-content\/uploads\/2019\/11\/logo-zarea-negru.png\",\"width\":500,\"height\":500,\"caption\":\"ZAREA S.A.\"},\"image\":{\"@id\":\"https:\/\/zarea.ro\/en\/#\/schema\/logo\/image\/\"},\"sameAs\":[\"https:\/\/www.facebook.com\/zarearomania\/\",\"https:\/\/www.instagram.com\/zarearomania\/\",\"https:\/\/www.youtube.com\/channel\/UCwaAQphIJuwiwtUy2asJ68A\/videos\"]}]}<\/script>\n<!-- \/ Yoast SEO plugin. -->","yoast_head_json":{"title":"Sparkling wine -","robots":{"index":"index","follow":"follow","max-snippet":"max-snippet:-1","max-image-preview":"max-image-preview:large","max-video-preview":"max-video-preview:-1"},"canonical":"https:\/\/zarea.ro\/en\/brand-explorer\/zarea-sparkling-wine\/","og_locale":"ro_RO","og_type":"article","og_title":"Sparkling wine -","og_description":"ZAREA Sparkling wine We are number 1 in the sales of sparkling wines and we own the most appreciated Romanian brand in the category. We&hellip;","og_url":"https:\/\/zarea.ro\/en\/brand-explorer\/zarea-sparkling-wine\/","article_publisher":"https:\/\/www.facebook.com\/zarearomania\/","article_modified_time":"2025-05-23T13:38:41+00:00","og_image":[{"url":"https:\/\/zarea.ro\/en\/wp-content\/uploads\/2019\/12\/Zarea_logos_1200x1200px_ZAREA-100-300x300.png"}],"twitter_card":"summary_large_image","twitter_misc":{"Timp estimat pentru citire":"3 minute"},"schema":{"@context":"https:\/\/schema.org","@graph":[{"@type":"WebPage","@id":"https:\/\/zarea.ro\/en\/brand-explorer\/zarea-sparkling-wine\/","url":"https:\/\/zarea.ro\/en\/brand-explorer\/zarea-sparkling-wine\/","name":"Sparkling wine -","isPartOf":{"@id":"https:\/\/zarea.ro\/en\/#website"},"datePublished":"2019-11-29T13:41:15+00:00","dateModified":"2025-05-23T13:38:41+00:00","breadcrumb":{"@id":"https:\/\/zarea.ro\/en\/brand-explorer\/zarea-sparkling-wine\/#breadcrumb"},"inLanguage":"ro-RO","potentialAction":[{"@type":"ReadAction","target":["https:\/\/zarea.ro\/en\/brand-explorer\/zarea-sparkling-wine\/"]}]},{"@type":"BreadcrumbList","@id":"https:\/\/zarea.ro\/en\/brand-explorer\/zarea-sparkling-wine\/#breadcrumb","itemListElement":[{"@type":"ListItem","position":1,"name":"Prima pagin\u0103","item":"https:\/\/zarea.ro\/en\/"},{"@type":"ListItem","position":2,"name":"Brand Explorer","item":"https:\/\/zarea.ro\/en\/brand-explorer\/"},{"@type":"ListItem","position":3,"name":"Sparkling wine"}]},{"@type":"WebSite","@id":"https:\/\/zarea.ro\/en\/#website","url":"https:\/\/zarea.ro\/en\/","name":"ZAREA - branduri de excelen\u021b\u0103 \u00een b\u0103uturi alcoolice","description":"ZAREA S.A.","publisher":{"@id":"https:\/\/zarea.ro\/en\/#organization"},"potentialAction":[{"@type":"SearchAction","target":{"@type":"EntryPoint","urlTemplate":"https:\/\/zarea.ro\/en\/?s={search_term_string}"},"query-input":"required name=search_term_string"}],"inLanguage":"ro-RO"},{"@type":"Organization","@id":"https:\/\/zarea.ro\/en\/#organization","name":"ZAREA S.A.","url":"https:\/\/zarea.ro\/en\/","logo":{"@type":"ImageObject","inLanguage":"ro-RO","@id":"https:\/\/zarea.ro\/en\/#\/schema\/logo\/image\/","url":"https:\/\/zarea.ro\/en\/wp-content\/uploads\/2019\/11\/logo-zarea-negru.png","contentUrl":"https:\/\/zarea.ro\/en\/wp-content\/uploads\/2019\/11\/logo-zarea-negru.png","width":500,"height":500,"caption":"ZAREA S.A."},"image":{"@id":"https:\/\/zarea.ro\/en\/#\/schema\/logo\/image\/"},"sameAs":["https:\/\/www.facebook.com\/zarearomania\/","https:\/\/www.instagram.com\/zarearomania\/","https:\/\/www.youtube.com\/channel\/UCwaAQphIJuwiwtUy2asJ68A\/videos"]}]}},"_links":{"self":[{"href":"https:\/\/zarea.ro\/en\/wp-json\/wp\/v2\/pages\/128"}],"collection":[{"href":"https:\/\/zarea.ro\/en\/wp-json\/wp\/v2\/pages"}],"about":[{"href":"https:\/\/zarea.ro\/en\/wp-json\/wp\/v2\/types\/page"}],"author":[{"embeddable":true,"href":"https:\/\/zarea.ro\/en\/wp-json\/wp\/v2\/users\/1"}],"replies":[{"embeddable":true,"href":"https:\/\/zarea.ro\/en\/wp-json\/wp\/v2\/comments?post=128"}],"version-history":[{"count":48,"href":"https:\/\/zarea.ro\/en\/wp-json\/wp\/v2\/pages\/128\/revisions"}],"predecessor-version":[{"id":4088,"href":"https:\/\/zarea.ro\/en\/wp-json\/wp\/v2\/pages\/128\/revisions\/4088"}],"up":[{"embeddable":true,"href":"https:\/\/zarea.ro\/en\/wp-json\/wp\/v2\/pages\/38"}],"wp:attachment":[{"href":"https:\/\/zarea.ro\/en\/wp-json\/wp\/v2\/media?parent=128"}],"curies":[{"name":"wp","href":"https:\/\/api.w.org\/{rel}","templated":true}]}}