{"id":1279,"date":"2019-12-03T13:18:51","date_gmt":"2019-12-03T13:18:51","guid":{"rendered":"https:\/\/zarea.ro\/?page_id=1279"},"modified":"2022-04-27T11:22:26","modified_gmt":"2022-04-27T11:22:26","slug":"royal-liqueur","status":"publish","type":"page","link":"https:\/\/zarea.ro\/en\/brand-explorer\/aperitifs-and-liqueurs\/royal-liqueur\/","title":{"rendered":"Royal Liqueur"},"content":{"rendered":"\t\t<div data-elementor-type=\"wp-page\" data-elementor-id=\"1279\" class=\"elementor elementor-1279\">\n\t\t\t\t\t\t\t\t\t<section class=\"elementor-section elementor-top-section elementor-element elementor-element-30715018 elementor-section-boxed elementor-section-height-default elementor-section-height-default\" data-id=\"30715018\" data-element_type=\"section\" data-settings=\"{&quot;background_background&quot;:&quot;classic&quot;}\">\n\t\t\t\t\t\t<div class=\"elementor-container elementor-column-gap-default\">\n\t\t\t\t\t<div class=\"elementor-column elementor-col-33 elementor-top-column elementor-element elementor-element-2408ceb0\" data-id=\"2408ceb0\" data-element_type=\"column\">\n\t\t\t<div class=\"elementor-widget-wrap elementor-element-populated\">\n\t\t\t\t\t\t\t\t<div class=\"elementor-element elementor-element-1558b1fc elementor-widget elementor-widget-spacer\" data-id=\"1558b1fc\" data-element_type=\"widget\" data-widget_type=\"spacer.default\">\n\t\t\t\t<div class=\"elementor-widget-container\">\n\t\t\t\t\t<div class=\"elementor-spacer\">\n\t\t\t<div class=\"elementor-spacer-inner\"><\/div>\n\t\t<\/div>\n\t\t\t\t<\/div>\n\t\t\t\t<\/div>\n\t\t\t\t<div class=\"elementor-element elementor-element-3dce2cb8 elementor-arrows-position-inside elementor-pagination-position-outside elementor-widget elementor-widget-image-carousel\" data-id=\"3dce2cb8\" data-element_type=\"widget\" data-settings=\"{&quot;slides_to_show&quot;:&quot;1&quot;,&quot;autoplay_speed&quot;:3000,&quot;speed&quot;:900,&quot;navigation&quot;:&quot;both&quot;,&quot;autoplay&quot;:&quot;yes&quot;,&quot;pause_on_hover&quot;:&quot;yes&quot;,&quot;pause_on_interaction&quot;:&quot;yes&quot;,&quot;infinite&quot;:&quot;yes&quot;,&quot;effect&quot;:&quot;slide&quot;}\" data-widget_type=\"image-carousel.default\">\n\t\t\t\t<div class=\"elementor-widget-container\">\n\t\t\t\t\t<div class=\"elementor-image-carousel-wrapper swiper-container\" dir=\"ltr\">\n\t\t\t<div class=\"elementor-image-carousel swiper-wrapper\" aria-live=\"off\">\n\t\t\t\t\t\t\t\t<div class=\"swiper-slide\" role=\"group\" aria-roledescription=\"slide\" aria-label=\"1 of 3\"><figure class=\"swiper-slide-inner\"><img decoding=\"async\" class=\"swiper-slide-image\" src=\"https:\/\/zarea.ro\/en\/wp-content\/uploads\/2019\/12\/RoyalLiqueur-Blueberry-94x300.jpg\" alt=\"RoyalLiqueur-Blueberry\" \/><\/figure><\/div><div class=\"swiper-slide\" role=\"group\" aria-roledescription=\"slide\" aria-label=\"2 of 3\"><figure class=\"swiper-slide-inner\"><img decoding=\"async\" class=\"swiper-slide-image\" src=\"https:\/\/zarea.ro\/en\/wp-content\/uploads\/2019\/12\/RoyalLiqueur-caise-94x300.jpg\" alt=\"RoyalLiqueur-caise\" \/><\/figure><\/div><div class=\"swiper-slide\" role=\"group\" aria-roledescription=\"slide\" aria-label=\"3 of 3\"><figure class=\"swiper-slide-inner\"><img decoding=\"async\" class=\"swiper-slide-image\" src=\"https:\/\/zarea.ro\/en\/wp-content\/uploads\/2019\/12\/RoyalLiqueur-cherry-94x300.jpg\" alt=\"RoyalLiqueur-cherry\" \/><\/figure><\/div>\t\t\t<\/div>\n\t\t\t\t\t\t\t\t\t\t\t\t<div class=\"elementor-swiper-button elementor-swiper-button-prev\" role=\"button\" tabindex=\"0\">\n\t\t\t\t\t\t<i aria-hidden=\"true\" class=\"eicon-chevron-left\"><\/i>\t\t\t\t\t<\/div>\n\t\t\t\t\t<div class=\"elementor-swiper-button elementor-swiper-button-next\" role=\"button\" tabindex=\"0\">\n\t\t\t\t\t\t<i aria-hidden=\"true\" class=\"eicon-chevron-right\"><\/i>\t\t\t\t\t<\/div>\n\t\t\t\t\n\t\t\t\t\t\t\t\t\t<div class=\"swiper-pagination\"><\/div>\n\t\t\t\t\t\t\t\t\t<\/div>\n\t\t\t\t<\/div>\n\t\t\t\t<\/div>\n\t\t\t\t<div class=\"elementor-element elementor-element-22e8379 elementor-widget-divider--view-line elementor-widget elementor-widget-divider\" data-id=\"22e8379\" data-element_type=\"widget\" data-widget_type=\"divider.default\">\n\t\t\t\t<div class=\"elementor-widget-container\">\n\t\t\t\t\t<div class=\"elementor-divider\">\n\t\t\t<span class=\"elementor-divider-separator\">\n\t\t\t\t\t\t<\/span>\n\t\t<\/div>\n\t\t\t\t<\/div>\n\t\t\t\t<\/div>\n\t\t\t\t<div class=\"elementor-element elementor-element-478a83c elementor-widget__width-inherit elementor-widget elementor-widget-image-gallery\" data-id=\"478a83c\" data-element_type=\"widget\" data-widget_type=\"image-gallery.default\">\n\t\t\t\t<div class=\"elementor-widget-container\">\n\t\t\t\t\t<div class=\"elementor-image-gallery\">\n\t\t\t<div id='gallery-1' class='gallery galleryid-1279 gallery-columns-3 gallery-size-medium'><figure class='gallery-item'>\n\t\t\t<div class='gallery-icon landscape'>\n\t\t\t\t<a data-elementor-open-lightbox=\"yes\" data-elementor-lightbox-slideshow=\"478a83c\" data-elementor-lightbox-title=\"RoyalLiqueur-Cherry-05\" data-e-action-hash=\"#elementor-action%3Aaction%3Dlightbox%26settings%3DeyJpZCI6MjE3NSwidXJsIjoiaHR0cHM6XC9cL3phcmVhLnJvXC9lblwvd3AtY29udGVudFwvdXBsb2Fkc1wvMjAxOVwvMTJcL1JveWFsTGlxdWV1ci1DaGVycnktMDUuanBnIiwic2xpZGVzaG93IjoiNDc4YTgzYyJ9\" href='https:\/\/zarea.ro\/en\/wp-content\/uploads\/2019\/12\/RoyalLiqueur-Cherry-05.jpg'><img width=\"300\" height=\"300\" src=\"https:\/\/zarea.ro\/en\/wp-content\/uploads\/2019\/12\/RoyalLiqueur-Cherry-05-300x300.jpg\" class=\"attachment-medium size-medium\" alt=\"\" decoding=\"async\" aria-describedby=\"gallery-1-2175\" loading=\"lazy\" srcset=\"https:\/\/zarea.ro\/en\/wp-content\/uploads\/2019\/12\/RoyalLiqueur-Cherry-05-300x300.jpg 300w, https:\/\/zarea.ro\/en\/wp-content\/uploads\/2019\/12\/RoyalLiqueur-Cherry-05-150x150.jpg 150w, https:\/\/zarea.ro\/en\/wp-content\/uploads\/2019\/12\/RoyalLiqueur-Cherry-05.jpg 500w\" sizes=\"(max-width: 300px) 100vw, 300px\" \/><\/a>\n\t\t\t<\/div>\n\t\t\t\t<figcaption class='wp-caption-text gallery-caption' id='gallery-1-2175'>\n\t\t\t\tROYAL LIQUEUR Cherries\n\t\t\t\t<\/figcaption><\/figure><figure class='gallery-item'>\n\t\t\t<div class='gallery-icon landscape'>\n\t\t\t\t<a data-elementor-open-lightbox=\"yes\" data-elementor-lightbox-slideshow=\"478a83c\" data-elementor-lightbox-title=\"RoyalLiqueur-Caise-05\" data-e-action-hash=\"#elementor-action%3Aaction%3Dlightbox%26settings%3DeyJpZCI6MjE3NCwidXJsIjoiaHR0cHM6XC9cL3phcmVhLnJvXC9lblwvd3AtY29udGVudFwvdXBsb2Fkc1wvMjAxOVwvMTJcL1JveWFsTGlxdWV1ci1DYWlzZS0wNS5qcGciLCJzbGlkZXNob3ciOiI0NzhhODNjIn0%3D\" href='https:\/\/zarea.ro\/en\/wp-content\/uploads\/2019\/12\/RoyalLiqueur-Caise-05.jpg'><img width=\"300\" height=\"300\" src=\"https:\/\/zarea.ro\/en\/wp-content\/uploads\/2019\/12\/RoyalLiqueur-Caise-05-300x300.jpg\" class=\"attachment-medium size-medium\" alt=\"\" decoding=\"async\" aria-describedby=\"gallery-1-2174\" loading=\"lazy\" srcset=\"https:\/\/zarea.ro\/en\/wp-content\/uploads\/2019\/12\/RoyalLiqueur-Caise-05-300x300.jpg 300w, https:\/\/zarea.ro\/en\/wp-content\/uploads\/2019\/12\/RoyalLiqueur-Caise-05-150x150.jpg 150w, https:\/\/zarea.ro\/en\/wp-content\/uploads\/2019\/12\/RoyalLiqueur-Caise-05.jpg 500w\" sizes=\"(max-width: 300px) 100vw, 300px\" \/><\/a>\n\t\t\t<\/div>\n\t\t\t\t<figcaption class='wp-caption-text gallery-caption' id='gallery-1-2174'>\n\t\t\t\tROYAL LIQUEUR Apricots\n\t\t\t\t<\/figcaption><\/figure><figure class='gallery-item'>\n\t\t\t<div class='gallery-icon landscape'>\n\t\t\t\t<a data-elementor-open-lightbox=\"yes\" data-elementor-lightbox-slideshow=\"478a83c\" data-elementor-lightbox-title=\"RoyalLiqueur-Blueberry-05\" data-e-action-hash=\"#elementor-action%3Aaction%3Dlightbox%26settings%3DeyJpZCI6MjE3MywidXJsIjoiaHR0cHM6XC9cL3phcmVhLnJvXC9lblwvd3AtY29udGVudFwvdXBsb2Fkc1wvMjAxOVwvMTJcL1JveWFsTGlxdWV1ci1CbHVlYmVycnktMDUuanBnIiwic2xpZGVzaG93IjoiNDc4YTgzYyJ9\" href='https:\/\/zarea.ro\/en\/wp-content\/uploads\/2019\/12\/RoyalLiqueur-Blueberry-05.jpg'><img width=\"300\" height=\"300\" src=\"https:\/\/zarea.ro\/en\/wp-content\/uploads\/2019\/12\/RoyalLiqueur-Blueberry-05-300x300.jpg\" class=\"attachment-medium size-medium\" alt=\"\" decoding=\"async\" aria-describedby=\"gallery-1-2173\" loading=\"lazy\" srcset=\"https:\/\/zarea.ro\/en\/wp-content\/uploads\/2019\/12\/RoyalLiqueur-Blueberry-05-300x300.jpg 300w, https:\/\/zarea.ro\/en\/wp-content\/uploads\/2019\/12\/RoyalLiqueur-Blueberry-05-150x150.jpg 150w, https:\/\/zarea.ro\/en\/wp-content\/uploads\/2019\/12\/RoyalLiqueur-Blueberry-05.jpg 500w\" sizes=\"(max-width: 300px) 100vw, 300px\" \/><\/a>\n\t\t\t<\/div>\n\t\t\t\t<figcaption class='wp-caption-text gallery-caption' id='gallery-1-2173'>\n\t\t\t\tROYAL LIQUEUR Blueberries\n\t\t\t\t<\/figcaption><\/figure>\n\t\t<\/div>\n\t\t<\/div>\n\t\t\t\t<\/div>\n\t\t\t\t<\/div>\n\t\t\t\t\t<\/div>\n\t\t<\/div>\n\t\t\t\t<div class=\"elementor-column elementor-col-66 elementor-top-column elementor-element elementor-element-4b565462\" data-id=\"4b565462\" data-element_type=\"column\">\n\t\t\t<div class=\"elementor-widget-wrap elementor-element-populated\">\n\t\t\t\t\t\t\t\t<div class=\"elementor-element elementor-element-750fa4ff elementor-widget elementor-widget-spacer\" data-id=\"750fa4ff\" data-element_type=\"widget\" data-widget_type=\"spacer.default\">\n\t\t\t\t<div class=\"elementor-widget-container\">\n\t\t\t\t\t<div class=\"elementor-spacer\">\n\t\t\t<div class=\"elementor-spacer-inner\"><\/div>\n\t\t<\/div>\n\t\t\t\t<\/div>\n\t\t\t\t<\/div>\n\t\t\t\t<div class=\"elementor-element elementor-element-ff8bc58 elementor-align-right elementor-widget elementor-widget-button\" data-id=\"ff8bc58\" data-element_type=\"widget\" data-widget_type=\"button.default\">\n\t\t\t\t<div class=\"elementor-widget-container\">\n\t\t\t\t\t<div class=\"elementor-button-wrapper\">\n\t\t\t<a class=\"elementor-button elementor-button-link elementor-size-sm\" href=\"\/en\/brand-explorer\/aperitifs-and-liqueurs\/\">\n\t\t\t\t\t\t<span class=\"elementor-button-content-wrapper\">\n\t\t\t\t\t\t<span class=\"elementor-button-text\">\u00ab Back<\/span>\n\t\t<\/span>\n\t\t\t\t\t<\/a>\n\t\t<\/div>\n\t\t\t\t<\/div>\n\t\t\t\t<\/div>\n\t\t\t\t<div class=\"elementor-element elementor-element-1a2c1e4 elementor-widget elementor-widget-spacer\" data-id=\"1a2c1e4\" data-element_type=\"widget\" data-widget_type=\"spacer.default\">\n\t\t\t\t<div class=\"elementor-widget-container\">\n\t\t\t\t\t<div class=\"elementor-spacer\">\n\t\t\t<div class=\"elementor-spacer-inner\"><\/div>\n\t\t<\/div>\n\t\t\t\t<\/div>\n\t\t\t\t<\/div>\n\t\t\t\t<div class=\"elementor-element elementor-element-5aefcd4b elementor-widget elementor-widget-heading\" data-id=\"5aefcd4b\" data-element_type=\"widget\" data-widget_type=\"heading.default\">\n\t\t\t\t<div class=\"elementor-widget-container\">\n\t\t\t<h2 class=\"elementor-heading-title elementor-size-default\">Royal Liqueur<\/h2>\t\t<\/div>\n\t\t\t\t<\/div>\n\t\t\t\t<div class=\"elementor-element elementor-element-2797488e elementor-widget elementor-widget-text-editor\" data-id=\"2797488e\" data-element_type=\"widget\" data-widget_type=\"text-editor.default\">\n\t\t\t\t<div class=\"elementor-widget-container\">\n\t\t\t\t\t\t\t<p><strong>ROYAL LIQUEUR is a range of enchanting, elegant and delicate liqueurs, a real feast for the senses.<\/strong><\/p><p>ROYAL LIQUEUR cherries, apricots and blueberries will be savored with pleasure as such or as ingredients in desserts, refreshing summer cocktails or mixes with vodka and brandy, during the winter. Imagination is the only limit!<\/p>\t\t\t\t\t\t<\/div>\n\t\t\t\t<\/div>\n\t\t\t\t<div class=\"elementor-element elementor-element-5e62e0a6 elementor-widget-divider--view-line elementor-widget elementor-widget-divider\" data-id=\"5e62e0a6\" data-element_type=\"widget\" data-widget_type=\"divider.default\">\n\t\t\t\t<div class=\"elementor-widget-container\">\n\t\t\t\t\t<div class=\"elementor-divider\">\n\t\t\t<span class=\"elementor-divider-separator\">\n\t\t\t\t\t\t<\/span>\n\t\t<\/div>\n\t\t\t\t<\/div>\n\t\t\t\t<\/div>\n\t\t\t\t<div class=\"elementor-element elementor-element-14eee500 elementor-widget elementor-widget-heading\" data-id=\"14eee500\" data-element_type=\"widget\" data-widget_type=\"heading.default\">\n\t\t\t\t<div class=\"elementor-widget-container\">\n\t\t\t<h4 class=\"elementor-heading-title elementor-size-default\">Assortment<\/h4>\t\t<\/div>\n\t\t\t\t<\/div>\n\t\t\t\t<div class=\"elementor-element elementor-element-282e9a85 elementor-widget elementor-widget-text-editor\" data-id=\"282e9a85\" data-element_type=\"widget\" data-widget_type=\"text-editor.default\">\n\t\t\t\t<div class=\"elementor-widget-container\">\n\t\t\t\t\t\t\t<p><strong>ROYAL LIQUEUR Cherries,<\/strong> vol. 16% alc. 0.5 L<\/p><p><strong>ROYAL LIQUEUR Apricots,<\/strong> vol. 16% alc. 0.5 L<\/p><p><strong>ROYAL LIQUEUR Blueberries,<\/strong> vol. 16% alc. 0.5 L<\/p>\t\t\t\t\t\t<\/div>\n\t\t\t\t<\/div>\n\t\t\t\t<div class=\"elementor-element elementor-element-5039c722 elementor-widget-divider--view-line elementor-widget elementor-widget-divider\" data-id=\"5039c722\" data-element_type=\"widget\" data-widget_type=\"divider.default\">\n\t\t\t\t<div class=\"elementor-widget-container\">\n\t\t\t\t\t<div class=\"elementor-divider\">\n\t\t\t<span class=\"elementor-divider-separator\">\n\t\t\t\t\t\t<\/span>\n\t\t<\/div>\n\t\t\t\t<\/div>\n\t\t\t\t<\/div>\n\t\t\t\t\t<\/div>\n\t\t<\/div>\n\t\t\t\t\t\t\t<\/div>\n\t\t<\/section>\n\t\t\t\t\t\t\t<\/div>\n\t\t","protected":false},"excerpt":{"rendered":"<p>Anterioar\u0103 Urm\u0103toare ROYAL LIQUEUR Cherries ROYAL LIQUEUR Apricots ROYAL LIQUEUR Blueberries \u00ab Back Royal Liqueur ROYAL LIQUEUR is a range of enchanting, elegant and delicate&hellip;<\/p>\n","protected":false},"author":1,"featured_media":0,"parent":133,"menu_order":0,"comment_status":"closed","ping_status":"closed","template":"","meta":{"footnotes":""},"yoast_head":"<!-- This site is optimized with the Yoast SEO plugin v21.1 - https:\/\/yoast.com\/wordpress\/plugins\/seo\/ -->\n<title>Royal Liqueur -<\/title>\n<meta name=\"robots\" content=\"index, follow, max-snippet:-1, max-image-preview:large, max-video-preview:-1\" \/>\n<link rel=\"canonical\" href=\"https:\/\/zarea.ro\/en\/brand-explorer\/aperitifs-and-liqueurs\/royal-liqueur\/\" \/>\n<meta property=\"og:locale\" content=\"ro_RO\" \/>\n<meta property=\"og:type\" content=\"article\" \/>\n<meta property=\"og:title\" content=\"Royal Liqueur -\" \/>\n<meta property=\"og:description\" content=\"Anterioar\u0103 Urm\u0103toare ROYAL LIQUEUR Cherries ROYAL LIQUEUR Apricots ROYAL LIQUEUR Blueberries \u00ab Back Royal Liqueur ROYAL LIQUEUR is a range of enchanting, elegant and delicate&hellip;\" \/>\n<meta property=\"og:url\" content=\"https:\/\/zarea.ro\/en\/brand-explorer\/aperitifs-and-liqueurs\/royal-liqueur\/\" \/>\n<meta property=\"article:publisher\" content=\"https:\/\/www.facebook.com\/zarearomania\/\" \/>\n<meta property=\"article:modified_time\" content=\"2022-04-27T11:22:26+00:00\" \/>\n<meta property=\"og:image\" content=\"https:\/\/zarea.ro\/en\/wp-content\/uploads\/2019\/12\/RoyalLiqueur-Blueberry-94x300.jpg\" \/>\n<meta name=\"twitter:card\" content=\"summary_large_image\" \/>\n<meta name=\"twitter:label1\" content=\"Timp estimat pentru citire\" \/>\n\t<meta name=\"twitter:data1\" content=\"3 minute\" \/>\n<script type=\"application\/ld+json\" class=\"yoast-schema-graph\">{\"@context\":\"https:\/\/schema.org\",\"@graph\":[{\"@type\":\"WebPage\",\"@id\":\"https:\/\/zarea.ro\/en\/brand-explorer\/aperitifs-and-liqueurs\/royal-liqueur\/\",\"url\":\"https:\/\/zarea.ro\/en\/brand-explorer\/aperitifs-and-liqueurs\/royal-liqueur\/\",\"name\":\"Royal Liqueur -\",\"isPartOf\":{\"@id\":\"https:\/\/zarea.ro\/en\/#website\"},\"datePublished\":\"2019-12-03T13:18:51+00:00\",\"dateModified\":\"2022-04-27T11:22:26+00:00\",\"breadcrumb\":{\"@id\":\"https:\/\/zarea.ro\/en\/brand-explorer\/aperitifs-and-liqueurs\/royal-liqueur\/#breadcrumb\"},\"inLanguage\":\"ro-RO\",\"potentialAction\":[{\"@type\":\"ReadAction\",\"target\":[\"https:\/\/zarea.ro\/en\/brand-explorer\/aperitifs-and-liqueurs\/royal-liqueur\/\"]}]},{\"@type\":\"BreadcrumbList\",\"@id\":\"https:\/\/zarea.ro\/en\/brand-explorer\/aperitifs-and-liqueurs\/royal-liqueur\/#breadcrumb\",\"itemListElement\":[{\"@type\":\"ListItem\",\"position\":1,\"name\":\"Prima pagin\u0103\",\"item\":\"https:\/\/zarea.ro\/en\/\"},{\"@type\":\"ListItem\",\"position\":2,\"name\":\"Brand Explorer\",\"item\":\"https:\/\/zarea.ro\/en\/brand-explorer\/\"},{\"@type\":\"ListItem\",\"position\":3,\"name\":\"Aperitifs and liqueurs\",\"item\":\"https:\/\/zarea.ro\/en\/brand-explorer\/aperitifs-and-liqueurs\/\"},{\"@type\":\"ListItem\",\"position\":4,\"name\":\"Royal Liqueur\"}]},{\"@type\":\"WebSite\",\"@id\":\"https:\/\/zarea.ro\/en\/#website\",\"url\":\"https:\/\/zarea.ro\/en\/\",\"name\":\"ZAREA - branduri de excelen\u021b\u0103 \u00een b\u0103uturi alcoolice\",\"description\":\"ZAREA S.A.\",\"publisher\":{\"@id\":\"https:\/\/zarea.ro\/en\/#organization\"},\"potentialAction\":[{\"@type\":\"SearchAction\",\"target\":{\"@type\":\"EntryPoint\",\"urlTemplate\":\"https:\/\/zarea.ro\/en\/?s={search_term_string}\"},\"query-input\":\"required name=search_term_string\"}],\"inLanguage\":\"ro-RO\"},{\"@type\":\"Organization\",\"@id\":\"https:\/\/zarea.ro\/en\/#organization\",\"name\":\"ZAREA S.A.\",\"url\":\"https:\/\/zarea.ro\/en\/\",\"logo\":{\"@type\":\"ImageObject\",\"inLanguage\":\"ro-RO\",\"@id\":\"https:\/\/zarea.ro\/en\/#\/schema\/logo\/image\/\",\"url\":\"https:\/\/zarea.ro\/en\/wp-content\/uploads\/2019\/11\/logo-zarea-negru.png\",\"contentUrl\":\"https:\/\/zarea.ro\/en\/wp-content\/uploads\/2019\/11\/logo-zarea-negru.png\",\"width\":500,\"height\":500,\"caption\":\"ZAREA S.A.\"},\"image\":{\"@id\":\"https:\/\/zarea.ro\/en\/#\/schema\/logo\/image\/\"},\"sameAs\":[\"https:\/\/www.facebook.com\/zarearomania\/\",\"https:\/\/www.instagram.com\/zarearomania\/\",\"https:\/\/www.youtube.com\/channel\/UCwaAQphIJuwiwtUy2asJ68A\/videos\"]}]}<\/script>\n<!-- \/ Yoast SEO plugin. -->","yoast_head_json":{"title":"Royal Liqueur -","robots":{"index":"index","follow":"follow","max-snippet":"max-snippet:-1","max-image-preview":"max-image-preview:large","max-video-preview":"max-video-preview:-1"},"canonical":"https:\/\/zarea.ro\/en\/brand-explorer\/aperitifs-and-liqueurs\/royal-liqueur\/","og_locale":"ro_RO","og_type":"article","og_title":"Royal Liqueur -","og_description":"Anterioar\u0103 Urm\u0103toare ROYAL LIQUEUR Cherries ROYAL LIQUEUR Apricots ROYAL LIQUEUR Blueberries \u00ab Back Royal Liqueur ROYAL LIQUEUR is a range of enchanting, elegant and delicate&hellip;","og_url":"https:\/\/zarea.ro\/en\/brand-explorer\/aperitifs-and-liqueurs\/royal-liqueur\/","article_publisher":"https:\/\/www.facebook.com\/zarearomania\/","article_modified_time":"2022-04-27T11:22:26+00:00","og_image":[{"url":"https:\/\/zarea.ro\/en\/wp-content\/uploads\/2019\/12\/RoyalLiqueur-Blueberry-94x300.jpg"}],"twitter_card":"summary_large_image","twitter_misc":{"Timp estimat pentru citire":"3 minute"},"schema":{"@context":"https:\/\/schema.org","@graph":[{"@type":"WebPage","@id":"https:\/\/zarea.ro\/en\/brand-explorer\/aperitifs-and-liqueurs\/royal-liqueur\/","url":"https:\/\/zarea.ro\/en\/brand-explorer\/aperitifs-and-liqueurs\/royal-liqueur\/","name":"Royal Liqueur -","isPartOf":{"@id":"https:\/\/zarea.ro\/en\/#website"},"datePublished":"2019-12-03T13:18:51+00:00","dateModified":"2022-04-27T11:22:26+00:00","breadcrumb":{"@id":"https:\/\/zarea.ro\/en\/brand-explorer\/aperitifs-and-liqueurs\/royal-liqueur\/#breadcrumb"},"inLanguage":"ro-RO","potentialAction":[{"@type":"ReadAction","target":["https:\/\/zarea.ro\/en\/brand-explorer\/aperitifs-and-liqueurs\/royal-liqueur\/"]}]},{"@type":"BreadcrumbList","@id":"https:\/\/zarea.ro\/en\/brand-explorer\/aperitifs-and-liqueurs\/royal-liqueur\/#breadcrumb","itemListElement":[{"@type":"ListItem","position":1,"name":"Prima pagin\u0103","item":"https:\/\/zarea.ro\/en\/"},{"@type":"ListItem","position":2,"name":"Brand Explorer","item":"https:\/\/zarea.ro\/en\/brand-explorer\/"},{"@type":"ListItem","position":3,"name":"Aperitifs and liqueurs","item":"https:\/\/zarea.ro\/en\/brand-explorer\/aperitifs-and-liqueurs\/"},{"@type":"ListItem","position":4,"name":"Royal Liqueur"}]},{"@type":"WebSite","@id":"https:\/\/zarea.ro\/en\/#website","url":"https:\/\/zarea.ro\/en\/","name":"ZAREA - branduri de excelen\u021b\u0103 \u00een b\u0103uturi alcoolice","description":"ZAREA S.A.","publisher":{"@id":"https:\/\/zarea.ro\/en\/#organization"},"potentialAction":[{"@type":"SearchAction","target":{"@type":"EntryPoint","urlTemplate":"https:\/\/zarea.ro\/en\/?s={search_term_string}"},"query-input":"required name=search_term_string"}],"inLanguage":"ro-RO"},{"@type":"Organization","@id":"https:\/\/zarea.ro\/en\/#organization","name":"ZAREA S.A.","url":"https:\/\/zarea.ro\/en\/","logo":{"@type":"ImageObject","inLanguage":"ro-RO","@id":"https:\/\/zarea.ro\/en\/#\/schema\/logo\/image\/","url":"https:\/\/zarea.ro\/en\/wp-content\/uploads\/2019\/11\/logo-zarea-negru.png","contentUrl":"https:\/\/zarea.ro\/en\/wp-content\/uploads\/2019\/11\/logo-zarea-negru.png","width":500,"height":500,"caption":"ZAREA S.A."},"image":{"@id":"https:\/\/zarea.ro\/en\/#\/schema\/logo\/image\/"},"sameAs":["https:\/\/www.facebook.com\/zarearomania\/","https:\/\/www.instagram.com\/zarearomania\/","https:\/\/www.youtube.com\/channel\/UCwaAQphIJuwiwtUy2asJ68A\/videos"]}]}},"_links":{"self":[{"href":"https:\/\/zarea.ro\/en\/wp-json\/wp\/v2\/pages\/1279"}],"collection":[{"href":"https:\/\/zarea.ro\/en\/wp-json\/wp\/v2\/pages"}],"about":[{"href":"https:\/\/zarea.ro\/en\/wp-json\/wp\/v2\/types\/page"}],"author":[{"embeddable":true,"href":"https:\/\/zarea.ro\/en\/wp-json\/wp\/v2\/users\/1"}],"replies":[{"embeddable":true,"href":"https:\/\/zarea.ro\/en\/wp-json\/wp\/v2\/comments?post=1279"}],"version-history":[{"count":12,"href":"https:\/\/zarea.ro\/en\/wp-json\/wp\/v2\/pages\/1279\/revisions"}],"predecessor-version":[{"id":2874,"href":"https:\/\/zarea.ro\/en\/wp-json\/wp\/v2\/pages\/1279\/revisions\/2874"}],"up":[{"embeddable":true,"href":"https:\/\/zarea.ro\/en\/wp-json\/wp\/v2\/pages\/133"}],"wp:attachment":[{"href":"https:\/\/zarea.ro\/en\/wp-json\/wp\/v2\/media?parent=1279"}],"curies":[{"name":"wp","href":"https:\/\/api.w.org\/{rel}","templated":true}]}}